{"id":70997,"date":"2020-10-01T10:32:11","date_gmt":"2020-10-01T14:32:11","guid":{"rendered":"http:\/\/uni.edu.py\/?page_id=70997"},"modified":"2020-10-16T14:33:18","modified_gmt":"2020-10-16T17:33:18","slug":"mision-y-vision-esp","status":"publish","type":"page","link":"https:\/\/archivo.uni.edu.py\/2018-2023\/mision-y-vision-esp\/","title":{"rendered":"Mision y Vision Esp"},"content":{"rendered":"\t\t<div data-elementor-type=\"wp-page\" data-elementor-id=\"70997\" class=\"elementor elementor-70997\" data-elementor-settings=\"[]\">\n\t\t\t\t\t\t<div class=\"elementor-inner\">\n\t\t\t\t\t\t\t<div class=\"elementor-section-wrap\">\n\t\t\t\t\t\t\t<section class=\"elementor-section elementor-top-section elementor-element elementor-element-b404cd2 elementor-section-boxed elementor-section-height-default elementor-section-height-default\" data-id=\"b404cd2\" data-element_type=\"section\">\n\t\t\t\t\t\t<div class=\"elementor-container elementor-column-gap-default\">\n\t\t\t\t\t\t\t<div class=\"elementor-row\">\n\t\t\t\t\t<div class=\"elementor-column elementor-col-16 elementor-top-column elementor-element elementor-element-13c37ad\" data-id=\"13c37ad\" data-element_type=\"column\">\n\t\t\t<div class=\"elementor-column-wrap elementor-element-populated\">\n\t\t\t\t\t\t\t<div class=\"elementor-widget-wrap\">\n\t\t\t\t\t\t<div class=\"elementor-element elementor-element-5b9094a elementor-widget elementor-widget-gallery\" data-id=\"5b9094a\" data-element_type=\"widget\" data-settings=\"{&quot;columns_mobile&quot;:4,&quot;lazyload&quot;:&quot;yes&quot;,&quot;gallery_layout&quot;:&quot;grid&quot;,&quot;columns&quot;:4,&quot;columns_tablet&quot;:2,&quot;gap&quot;:{&quot;unit&quot;:&quot;px&quot;,&quot;size&quot;:10,&quot;sizes&quot;:[]},&quot;gap_tablet&quot;:{&quot;unit&quot;:&quot;px&quot;,&quot;size&quot;:10,&quot;sizes&quot;:[]},&quot;gap_mobile&quot;:{&quot;unit&quot;:&quot;px&quot;,&quot;size&quot;:10,&quot;sizes&quot;:[]},&quot;link_to&quot;:&quot;file&quot;,&quot;aspect_ratio&quot;:&quot;3:2&quot;,&quot;overlay_background&quot;:&quot;yes&quot;,&quot;content_hover_animation&quot;:&quot;fade-in&quot;}\" data-widget_type=\"gallery.default\">\n\t\t\t\t<div class=\"elementor-widget-container\">\n\t\t\t\t\t<div class=\"elementor-gallery__container\">\n\t\t\t\t\t\t\t<a class=\"e-gallery-item elementor-gallery-item elementor-animated-content\" href=\"https:\/\/archivo.uni.edu.py\/2018-2023\/wp-content\/uploads\/2020\/02\/UNI-2.jpg\" data-elementor-open-lightbox=\"yes\" data-elementor-lightbox-slideshow=\"all-5b9094a\" data-elementor-lightbox-title=\"UNI (2)\">\n\t\t\t\t\t<div class=\"e-gallery-image elementor-gallery-item__image\" data-thumbnail=\"https:\/\/archivo.uni.edu.py\/2018-2023\/wp-content\/uploads\/2020\/02\/UNI-2-300x191.jpg\" data-width=\"300\" data-height=\"191\" alt=\"\" ><\/div>\n\t\t\t\t\t\t\t\t\t\t<div class=\"elementor-gallery-item__overlay\"><\/div>\n\t\t\t\t\t\t\t\t\t\t\t\t\t\t<\/a>\n\t\t\t\t\t\t\t<a class=\"e-gallery-item elementor-gallery-item elementor-animated-content\" href=\"https:\/\/archivo.uni.edu.py\/2018-2023\/wp-content\/uploads\/2019\/10\/CORUNI-1-1.jpg\" data-elementor-open-lightbox=\"yes\" data-elementor-lightbox-slideshow=\"all-5b9094a\" data-elementor-lightbox-title=\"CORUNI-1\">\n\t\t\t\t\t<div class=\"e-gallery-image elementor-gallery-item__image\" data-thumbnail=\"https:\/\/archivo.uni.edu.py\/2018-2023\/wp-content\/uploads\/2019\/10\/CORUNI-1-1-300x277.jpg\" data-width=\"300\" data-height=\"277\" alt=\"\" ><\/div>\n\t\t\t\t\t\t\t\t\t\t<div class=\"elementor-gallery-item__overlay\"><\/div>\n\t\t\t\t\t\t\t\t\t\t\t\t\t\t<\/a>\n\t\t\t\t\t\t\t<a class=\"e-gallery-item elementor-gallery-item elementor-animated-content\" href=\"https:\/\/archivo.uni.edu.py\/2018-2023\/wp-content\/uploads\/2018\/07\/2-uni.jpg\" data-elementor-open-lightbox=\"yes\" data-elementor-lightbox-slideshow=\"all-5b9094a\" data-elementor-lightbox-title=\"2 uni\">\n\t\t\t\t\t<div class=\"e-gallery-image elementor-gallery-item__image\" data-thumbnail=\"https:\/\/archivo.uni.edu.py\/2018-2023\/wp-content\/uploads\/2018\/07\/2-uni-300x144.jpg\" data-width=\"300\" data-height=\"144\" alt=\"\" ><\/div>\n\t\t\t\t\t\t\t\t\t\t<div class=\"elementor-gallery-item__overlay\"><\/div>\n\t\t\t\t\t\t\t\t\t\t\t\t\t\t<\/a>\n\t\t\t\t\t\t\t<a class=\"e-gallery-item elementor-gallery-item elementor-animated-content\" href=\"https:\/\/archivo.uni.edu.py\/2018-2023\/wp-content\/uploads\/2019\/12\/6-3.jpg\" data-elementor-open-lightbox=\"yes\" data-elementor-lightbox-slideshow=\"all-5b9094a\" data-elementor-lightbox-title=\"6\">\n\t\t\t\t\t<div class=\"e-gallery-image elementor-gallery-item__image\" data-thumbnail=\"https:\/\/archivo.uni.edu.py\/2018-2023\/wp-content\/uploads\/2019\/12\/6-3-300x200.jpg\" data-width=\"300\" data-height=\"200\" alt=\"\" ><\/div>\n\t\t\t\t\t\t\t\t\t\t<div class=\"elementor-gallery-item__overlay\"><\/div>\n\t\t\t\t\t\t\t\t\t\t\t\t\t\t<\/a>\n\t\t\t\t\t<\/div>\n\t\t\t<\/div>\n\t\t\t\t<\/div>\n\t\t\t\t\t\t<\/div>\n\t\t\t\t\t<\/div>\n\t\t<\/div>\n\t\t\t\t<div class=\"elementor-column elementor-col-66 elementor-top-column elementor-element elementor-element-14f1bb6\" data-id=\"14f1bb6\" data-element_type=\"column\">\n\t\t\t<div class=\"elementor-column-wrap\">\n\t\t\t\t\t\t\t<div class=\"elementor-widget-wrap\">\n\t\t\t\t\t\t\t\t<\/div>\n\t\t\t\t\t<\/div>\n\t\t<\/div>\n\t\t\t\t<div class=\"elementor-column elementor-col-16 elementor-top-column elementor-element elementor-element-e30f9dc\" data-id=\"e30f9dc\" data-element_type=\"column\">\n\t\t\t<div class=\"elementor-column-wrap elementor-element-populated\">\n\t\t\t\t\t\t\t<div class=\"elementor-widget-wrap\">\n\t\t\t\t\t\t<div class=\"elementor-element elementor-element-eb9af43 elementor-button-info elementor-align-center elementor-mobile-align-right elementor-widget elementor-widget-button\" data-id=\"eb9af43\" data-element_type=\"widget\" data-widget_type=\"button.default\">\n\t\t\t\t<div class=\"elementor-widget-container\">\n\t\t\t\t\t<div class=\"elementor-button-wrapper\">\n\t\t\t<a href=\"http:\/\/uni.edu.py\/mision-y-vision-guarani\/\" class=\"elementor-button-link elementor-button elementor-size-xs\" role=\"button\">\n\t\t\t\t\t\t<span class=\"elementor-button-content-wrapper\">\n\t\t\t\t\t\t<span class=\"elementor-button-text\">Guarani<\/span>\n\t\t<\/span>\n\t\t\t\t\t<\/a>\n\t\t<\/div>\n\t\t\t\t<\/div>\n\t\t\t\t<\/div>\n\t\t\t\t\t\t<\/div>\n\t\t\t\t\t<\/div>\n\t\t<\/div>\n\t\t\t\t\t\t\t\t<\/div>\n\t\t\t\t\t<\/div>\n\t\t<\/section>\n\t\t\t\t<section class=\"elementor-section elementor-top-section elementor-element elementor-element-59b12c0 elementor-section-boxed elementor-section-height-default elementor-section-height-default\" data-id=\"59b12c0\" data-element_type=\"section\">\n\t\t\t\t\t\t<div class=\"elementor-container elementor-column-gap-default\">\n\t\t\t\t\t\t\t<div class=\"elementor-row\">\n\t\t\t\t\t<div class=\"elementor-column elementor-col-50 elementor-top-column elementor-element elementor-element-aba8330\" data-id=\"aba8330\" data-element_type=\"column\">\n\t\t\t<div class=\"elementor-column-wrap elementor-element-populated\">\n\t\t\t\t\t\t\t<div class=\"elementor-widget-wrap\">\n\t\t\t\t\t\t<div class=\"elementor-element elementor-element-4415c8d elementor-widget elementor-widget-heading\" data-id=\"4415c8d\" data-element_type=\"widget\" data-widget_type=\"heading.default\">\n\t\t\t\t<div class=\"elementor-widget-container\">\n\t\t\t<h4 class=\"elementor-heading-title elementor-size-default\">VISI\u00d3N<\/h4>\t\t<\/div>\n\t\t\t\t<\/div>\n\t\t\t\t<div class=\"elementor-element elementor-element-b0ef532 elementor-widget elementor-widget-text-editor\" data-id=\"b0ef532\" data-element_type=\"widget\" data-widget_type=\"text-editor.default\">\n\t\t\t\t<div class=\"elementor-widget-container\">\n\t\t\t\t\t\t\t\t<div class=\"elementor-text-editor elementor-clearfix\">\n\t\t\t\t<p style=\"text-align: left;\"><span style=\"color: #000000;\">Ser una universidad con calidad y pertinencia en la formaci\u00f3n, investigaci\u00f3n, innovaci\u00f3n y vinculaci\u00f3n social, reconocida a nivel nacional e internacional, comprometida con la construcci\u00f3n de una sociedad inclusiva y sostenible.<\/span><\/p>\t\t\t\t\t<\/div>\n\t\t\t\t\t\t<\/div>\n\t\t\t\t<\/div>\n\t\t\t\t\t\t<\/div>\n\t\t\t\t\t<\/div>\n\t\t<\/div>\n\t\t\t\t<div class=\"elementor-column elementor-col-50 elementor-top-column elementor-element elementor-element-84c946e\" data-id=\"84c946e\" data-element_type=\"column\">\n\t\t\t<div class=\"elementor-column-wrap elementor-element-populated\">\n\t\t\t\t\t\t\t<div class=\"elementor-widget-wrap\">\n\t\t\t\t\t\t<div class=\"elementor-element elementor-element-a941c46 elementor-widget elementor-widget-heading\" data-id=\"a941c46\" data-element_type=\"widget\" data-widget_type=\"heading.default\">\n\t\t\t\t<div class=\"elementor-widget-container\">\n\t\t\t<h4 class=\"elementor-heading-title elementor-size-default\">MISI\u00d3N <\/h4>\t\t<\/div>\n\t\t\t\t<\/div>\n\t\t\t\t<div class=\"elementor-element elementor-element-9d52e67 elementor-widget elementor-widget-text-editor\" data-id=\"9d52e67\" data-element_type=\"widget\" data-widget_type=\"text-editor.default\">\n\t\t\t\t<div class=\"elementor-widget-container\">\n\t\t\t\t\t\t\t\t<div class=\"elementor-text-editor elementor-clearfix\">\n\t\t\t\t<p><span style=\"color: #000000;\">Somos una universidad que promueve la formaci\u00f3n integral de profesionales de calidad mediante la docencia, la generaci\u00f3n y transferencia del conocimiento cient\u00edfico \u2013 tecnol\u00f3gico con compromiso social para el desarrollo sostenible, preservando la identidad nacional y fortaleciendo los procesos de internacionalizaci\u00f3n.<\/span><\/p>\t\t\t\t\t<\/div>\n\t\t\t\t\t\t<\/div>\n\t\t\t\t<\/div>\n\t\t\t\t\t\t<\/div>\n\t\t\t\t\t<\/div>\n\t\t<\/div>\n\t\t\t\t\t\t\t\t<\/div>\n\t\t\t\t\t<\/div>\n\t\t<\/section>\n\t\t\t\t<section class=\"elementor-section elementor-top-section elementor-element elementor-element-f14e53e elementor-section-boxed elementor-section-height-default elementor-section-height-default\" data-id=\"f14e53e\" data-element_type=\"section\">\n\t\t\t\t\t\t<div class=\"elementor-container elementor-column-gap-default\">\n\t\t\t\t\t\t\t<div class=\"elementor-row\">\n\t\t\t\t\t<div class=\"elementor-column elementor-col-50 elementor-top-column elementor-element elementor-element-59ae94a\" data-id=\"59ae94a\" data-element_type=\"column\">\n\t\t\t<div class=\"elementor-column-wrap elementor-element-populated\">\n\t\t\t\t\t\t\t<div class=\"elementor-widget-wrap\">\n\t\t\t\t\t\t<div class=\"elementor-element elementor-element-31f2b53 elementor-widget elementor-widget-heading\" data-id=\"31f2b53\" data-element_type=\"widget\" data-widget_type=\"heading.default\">\n\t\t\t\t<div class=\"elementor-widget-container\">\n\t\t\t<h4 class=\"elementor-heading-title elementor-size-default\">OBJETIVOS<\/h4>\t\t<\/div>\n\t\t\t\t<\/div>\n\t\t\t\t<div class=\"elementor-element elementor-element-b3ebe1b elementor-widget elementor-widget-text-editor\" data-id=\"b3ebe1b\" data-element_type=\"widget\" data-widget_type=\"text-editor.default\">\n\t\t\t\t<div class=\"elementor-widget-container\">\n\t\t\t\t\t\t\t\t<div class=\"elementor-text-editor elementor-clearfix\">\n\t\t\t\t<ol><li><span style=\"color: #000000;\">Brindar educaci\u00f3n a nivel superior estimulando el esp\u00edritu creativo y cr\u00edtico de los profesores y estudiantes mediante la investigaci\u00f3n cient\u00edfica, tecnol\u00f3gica y el cultivo de las artes y de las letras.<\/span><\/li><li><span style=\"color: #000000;\">Formar profesionales t\u00e9cnicos e innovadores necesarios para el pa\u00eds, que posean valores trascendentes para contribuir al bienestar de la sociedad.<\/span><\/li><li><span style=\"color: #000000;\">Prestar servicios relacionados con sus fines.<\/span><\/li><li><span style=\"color: #000000;\">Divulgar trabajos de car\u00e1cter cient\u00edfico, tecnol\u00f3gico y art\u00edstico.<\/span><\/li><li><span style=\"color: #000000;\">Formar los recursos humanos necesarios para la docencia, la investigaci\u00f3n y propender al perfeccionamiento y actualizaci\u00f3n de los graduados.<\/span><\/li><\/ol>\t\t\t\t\t<\/div>\n\t\t\t\t\t\t<\/div>\n\t\t\t\t<\/div>\n\t\t\t\t\t\t<\/div>\n\t\t\t\t\t<\/div>\n\t\t<\/div>\n\t\t\t\t<div class=\"elementor-column elementor-col-50 elementor-top-column elementor-element elementor-element-e5a7d2c\" data-id=\"e5a7d2c\" data-element_type=\"column\">\n\t\t\t<div class=\"elementor-column-wrap elementor-element-populated\">\n\t\t\t\t\t\t\t<div class=\"elementor-widget-wrap\">\n\t\t\t\t\t\t<div class=\"elementor-element elementor-element-154dc88 elementor-widget elementor-widget-heading\" data-id=\"154dc88\" data-element_type=\"widget\" data-widget_type=\"heading.default\">\n\t\t\t\t<div class=\"elementor-widget-container\">\n\t\t\t<h4 class=\"elementor-heading-title elementor-size-default\">PRINCIPIOS<\/h4>\t\t<\/div>\n\t\t\t\t<\/div>\n\t\t\t\t<div class=\"elementor-element elementor-element-821542e elementor-widget elementor-widget-text-editor\" data-id=\"821542e\" data-element_type=\"widget\" data-widget_type=\"text-editor.default\">\n\t\t\t\t<div class=\"elementor-widget-container\">\n\t\t\t\t\t\t\t\t<div class=\"elementor-text-editor elementor-clearfix\">\n\t\t\t\t<p><span style=\"color: #000000;\">Para cumplir con su Misi\u00f3n la Universidad Nacional de Itap\u00faa define los siguientes principios y valores como fundamento para el ejercicio de sus tareas y funciones, y como gu\u00eda para la orientaci\u00f3n de su desarrollo.<\/span><\/p><ol><li><span style=\"color: #000000;\">El respeto por el inter\u00e9s colectivo sobre el particular y la defensa de la igualdad de oportunidades.<\/span><\/li><li><span style=\"color: #000000;\">La libertad en el proceso de la ense\u00f1anza-aprendizaje, la investigaci\u00f3n, la difusi\u00f3n del pensamiento en un \u00e1mbito de pluralismo ideol\u00f3gico y diversidad cultural que haga posible la promoci\u00f3n del an\u00e1lisis cr\u00edtico y el debate p\u00fablico.<\/span><\/li><li><span style=\"color: #000000;\">El compromiso con la democracia, la defensa del inter\u00e9s p\u00fablico y el ejercicio de los derechos humanos.<\/span><\/li><li><span style=\"color: #000000;\">La \u00e9tica como eje principal en el desarrollo integral de la persona.<\/span><\/li><\/ol>\t\t\t\t\t<\/div>\n\t\t\t\t\t\t<\/div>\n\t\t\t\t<\/div>\n\t\t\t\t\t\t<\/div>\n\t\t\t\t\t<\/div>\n\t\t<\/div>\n\t\t\t\t\t\t\t\t<\/div>\n\t\t\t\t\t<\/div>\n\t\t<\/section>\n\t\t\t\t<section class=\"elementor-section elementor-top-section elementor-element elementor-element-ccb506b elementor-section-boxed elementor-section-height-default elementor-section-height-default\" data-id=\"ccb506b\" data-element_type=\"section\">\n\t\t\t\t\t\t<div class=\"elementor-container elementor-column-gap-default\">\n\t\t\t\t\t\t\t<div class=\"elementor-row\">\n\t\t\t\t\t<div class=\"elementor-column elementor-col-100 elementor-top-column elementor-element elementor-element-a13b90b\" data-id=\"a13b90b\" data-element_type=\"column\">\n\t\t\t<div class=\"elementor-column-wrap elementor-element-populated\">\n\t\t\t\t\t\t\t<div class=\"elementor-widget-wrap\">\n\t\t\t\t\t\t<div class=\"elementor-element elementor-element-308ecdb elementor-widget elementor-widget-spacer\" data-id=\"308ecdb\" data-element_type=\"widget\" data-widget_type=\"spacer.default\">\n\t\t\t\t<div class=\"elementor-widget-container\">\n\t\t\t\t\t<div class=\"elementor-spacer\">\n\t\t\t<div class=\"elementor-spacer-inner\"><\/div>\n\t\t<\/div>\n\t\t\t\t<\/div>\n\t\t\t\t<\/div>\n\t\t\t\t\t\t<\/div>\n\t\t\t\t\t<\/div>\n\t\t<\/div>\n\t\t\t\t\t\t\t\t<\/div>\n\t\t\t\t\t<\/div>\n\t\t<\/section>\n\t\t\t\t<section class=\"elementor-section elementor-top-section elementor-element elementor-element-650186d elementor-section-boxed elementor-section-height-default elementor-section-height-default\" data-id=\"650186d\" data-element_type=\"section\">\n\t\t\t\t\t\t<div class=\"elementor-container elementor-column-gap-default\">\n\t\t\t\t\t\t\t<div class=\"elementor-row\">\n\t\t\t\t\t<div class=\"elementor-column elementor-col-100 elementor-top-column elementor-element elementor-element-2547eff\" data-id=\"2547eff\" data-element_type=\"column\">\n\t\t\t<div class=\"elementor-column-wrap elementor-element-populated\">\n\t\t\t\t\t\t\t<div class=\"elementor-widget-wrap\">\n\t\t\t\t\t\t<div class=\"elementor-element elementor-element-3464096 elementor-widget elementor-widget-heading\" data-id=\"3464096\" data-element_type=\"widget\" data-widget_type=\"heading.default\">\n\t\t\t\t<div class=\"elementor-widget-container\">\n\t\t\t<h5 class=\"elementor-heading-title elementor-size-default\">La UNI y sus Fines<\/h5>\t\t<\/div>\n\t\t\t\t<\/div>\n\t\t\t\t<div class=\"elementor-element elementor-element-3692654 elementor-widget elementor-widget-text-editor\" data-id=\"3692654\" data-element_type=\"widget\" data-widget_type=\"text-editor.default\">\n\t\t\t\t<div class=\"elementor-widget-container\">\n\t\t\t\t\t\t\t\t<div class=\"elementor-text-editor elementor-clearfix\">\n\t\t\t\t<p style=\"text-align: left;\"><span style=\"color: #000000;\">La Universidad Nacional de Itap\u00faa es una Instituci\u00f3n de derecho p\u00fablico aut\u00f3noma, con personer\u00eda jur\u00eddica, que se regir\u00e1 por la Ley de Universidades y por este Estatuto.<\/span><\/p><p style=\"text-align: left;\"><span style=\"color: #000000;\">La Universidad Nacional de Itap\u00faa est\u00e1 integrada por Facultades, Institutos, Escuelas, Centros y otras unidades y servicios que pudieran ser creadas.<\/span><\/p>\t\t\t\t\t<\/div>\n\t\t\t\t\t\t<\/div>\n\t\t\t\t<\/div>\n\t\t\t\t\t\t<\/div>\n\t\t\t\t\t<\/div>\n\t\t<\/div>\n\t\t\t\t\t\t\t\t<\/div>\n\t\t\t\t\t<\/div>\n\t\t<\/section>\n\t\t\t\t<section class=\"elementor-section elementor-top-section elementor-element elementor-element-498ef37 elementor-section-boxed elementor-section-height-default elementor-section-height-default\" data-id=\"498ef37\" data-element_type=\"section\">\n\t\t\t\t\t\t<div class=\"elementor-container elementor-column-gap-default\">\n\t\t\t\t\t\t\t<div class=\"elementor-row\">\n\t\t\t\t\t<div class=\"elementor-column elementor-col-100 elementor-top-column elementor-element elementor-element-9570a6b\" data-id=\"9570a6b\" data-element_type=\"column\">\n\t\t\t<div class=\"elementor-column-wrap elementor-element-populated\">\n\t\t\t\t\t\t\t<div class=\"elementor-widget-wrap\">\n\t\t\t\t\t\t<div class=\"elementor-element elementor-element-d5aca01 elementor-widget elementor-widget-heading\" data-id=\"d5aca01\" data-element_type=\"widget\" data-widget_type=\"heading.default\">\n\t\t\t\t<div class=\"elementor-widget-container\">\n\t\t\t<h5 class=\"elementor-heading-title elementor-size-default\">La Universidad Nacional de Itap\u00faa, tendr\u00e1 los siguientes fines:<\/h5>\t\t<\/div>\n\t\t\t\t<\/div>\n\t\t\t\t<div class=\"elementor-element elementor-element-219336c elementor-widget elementor-widget-text-editor\" data-id=\"219336c\" data-element_type=\"widget\" data-widget_type=\"text-editor.default\">\n\t\t\t\t<div class=\"elementor-widget-container\">\n\t\t\t\t\t\t\t\t<div class=\"elementor-text-editor elementor-clearfix\">\n\t\t\t\t<p style=\"text-align: center;\"><span style=\"color: #000000;\">El desarrollo de la personalidad humana inspirado en los valores de la democracia, la libertad y el humanismo.<\/span><\/p><p><span style=\"color: #333333;\">&#8211; La ense\u00f1anza y formaci\u00f3n profesional.<\/span><br \/><span style=\"color: #333333;\">&#8211; La investigaci\u00f3n en las diferentes \u00e1reas del saber humano.<\/span><br \/><span style=\"color: #333333;\">&#8211; El servicio a la comunidad en los \u00e1mbitos de su competencia.<\/span><br \/><span style=\"color: #333333;\">&#8211; El fomento y la difusi\u00f3n de la cultura universal y, en particular de la nacional.<\/span><br \/><span style=\"color: #333333;\">&#8211; La extensi\u00f3n universitaria.<\/span><br \/><span style=\"color: #333333;\">&#8211; El estudio de la problem\u00e1tica nacional.<\/span><\/p>\t\t\t\t\t<\/div>\n\t\t\t\t\t\t<\/div>\n\t\t\t\t<\/div>\n\t\t\t\t\t\t<\/div>\n\t\t\t\t\t<\/div>\n\t\t<\/div>\n\t\t\t\t\t\t\t\t<\/div>\n\t\t\t\t\t<\/div>\n\t\t<\/section>\n\t\t\t\t<section class=\"elementor-section elementor-top-section elementor-element elementor-element-0199623 elementor-section-boxed elementor-section-height-default elementor-section-height-default\" data-id=\"0199623\" data-element_type=\"section\">\n\t\t\t\t\t\t<div class=\"elementor-container elementor-column-gap-default\">\n\t\t\t\t\t\t\t<div class=\"elementor-row\">\n\t\t\t\t\t<div class=\"elementor-column elementor-col-100 elementor-top-column elementor-element elementor-element-dd18800\" data-id=\"dd18800\" data-element_type=\"column\">\n\t\t\t<div class=\"elementor-column-wrap elementor-element-populated\">\n\t\t\t\t\t\t\t<div class=\"elementor-widget-wrap\">\n\t\t\t\t\t\t<div class=\"elementor-element elementor-element-d071781 elementor-widget elementor-widget-heading\" data-id=\"d071781\" data-element_type=\"widget\" data-widget_type=\"heading.default\">\n\t\t\t\t<div class=\"elementor-widget-container\">\n\t\t\t<h5 class=\"elementor-heading-title elementor-size-default\">Para el cumplimiento de estos fines la Universidad Nacional de Itap\u00faa se propone<\/h5>\t\t<\/div>\n\t\t\t\t<\/div>\n\t\t\t\t<div class=\"elementor-element elementor-element-ae606d4 elementor-widget elementor-widget-text-editor\" data-id=\"ae606d4\" data-element_type=\"widget\" data-widget_type=\"text-editor.default\">\n\t\t\t\t<div class=\"elementor-widget-container\">\n\t\t\t\t\t\t\t\t<div class=\"elementor-text-editor elementor-clearfix\">\n\t\t\t\t<ul><li><span style=\"color: #000000;\">Brindar educaci\u00f3n a nivel superior, estimulando el esp\u00edritu creativo y cr\u00edtico de los profesores y estudiantes mediante la investigaci\u00f3n cient\u00edfica, tecnol\u00f3gica y el cultivo de la arte y de las letras.<\/span><br \/><span style=\"color: #000000;\">Formar los recursos humanos necesarios para el pa\u00eds, de valores trascendentes para contribuir al bienestar del pueblo.<\/span><br \/><span style=\"color: #000000;\">Poseer y producir bienes y prestar los servicios relacionados con sus fines.<\/span><br \/><span style=\"color: #000000;\">Divulgar de car\u00e1cter cient\u00edfico, tecnol\u00f3gico, educativo y art\u00edstico.<\/span><br \/><span style=\"color: #000000;\">Formar los recursos humanos necesarios para la docencia y la investigaci\u00f3n y propender al perfeccionamiento y actualizaci\u00f3n de los graduados. Acceda al:\u00a0<span style=\"color: #ff6600;\"><a style=\"color: #ff6600;\" href=\"http:\/\/uni.edu.py\/wp-content\/uploads\/2013\/08\/PEI_UNI-2019_2023.pdf\">Plan Estrat\u00e9gico Insituci\u00f3n (PEI) 2019-2023.<\/a><\/span><\/span><\/li><\/ul><p style=\"text-align: center;\">\u00a0<\/p>\t\t\t\t\t<\/div>\n\t\t\t\t\t\t<\/div>\n\t\t\t\t<\/div>\n\t\t\t\t\t\t<\/div>\n\t\t\t\t\t<\/div>\n\t\t<\/div>\n\t\t\t\t\t\t\t\t<\/div>\n\t\t\t\t\t<\/div>\n\t\t<\/section>\n\t\t\t\t\t\t<\/div>\n\t\t\t\t\t\t<\/div>\n\t\t\t\t\t<\/div>\n\t\t","protected":false},"excerpt":{"rendered":"<p>Guarani VISI\u00d3N Ser una universidad con calidad y pertinencia en la formaci\u00f3n, investigaci\u00f3n, innovaci\u00f3n y vinculaci\u00f3n social, reconocida a nivel<\/p>\n","protected":false},"author":1,"featured_media":0,"parent":0,"menu_order":0,"comment_status":"closed","ping_status":"closed","template":"elementor_header_footer","meta":[],"_links":{"self":[{"href":"https:\/\/archivo.uni.edu.py\/2018-2023\/wp-json\/wp\/v2\/pages\/70997"}],"collection":[{"href":"https:\/\/archivo.uni.edu.py\/2018-2023\/wp-json\/wp\/v2\/pages"}],"about":[{"href":"https:\/\/archivo.uni.edu.py\/2018-2023\/wp-json\/wp\/v2\/types\/page"}],"author":[{"embeddable":true,"href":"https:\/\/archivo.uni.edu.py\/2018-2023\/wp-json\/wp\/v2\/users\/1"}],"replies":[{"embeddable":true,"href":"https:\/\/archivo.uni.edu.py\/2018-2023\/wp-json\/wp\/v2\/comments?post=70997"}],"version-history":[{"count":10,"href":"https:\/\/archivo.uni.edu.py\/2018-2023\/wp-json\/wp\/v2\/pages\/70997\/revisions"}],"predecessor-version":[{"id":71267,"href":"https:\/\/archivo.uni.edu.py\/2018-2023\/wp-json\/wp\/v2\/pages\/70997\/revisions\/71267"}],"wp:attachment":[{"href":"https:\/\/archivo.uni.edu.py\/2018-2023\/wp-json\/wp\/v2\/media?parent=70997"}],"curies":[{"name":"wp","href":"https:\/\/api.w.org\/{rel}","templated":true}]}}