{"id":63150,"date":"2019-08-13T17:27:15","date_gmt":"2019-08-13T21:27:15","guid":{"rendered":"http:\/\/uni.edu.py\/?page_id=63150"},"modified":"2019-08-13T17:31:26","modified_gmt":"2019-08-13T21:31:26","slug":"fecha-de-entrega-de-becas-de-apoyo-economico-de-la-uni","status":"publish","type":"page","link":"https:\/\/archivo.uni.edu.py\/2018-2023\/fecha-de-entrega-de-becas-de-apoyo-economico-de-la-uni\/","title":{"rendered":"Fecha de entrega de Becas de Apoyo Econ\u00f3mico de la UNI"},"content":{"rendered":"<p>El mi\u00e9rcoles 21 de agosto, a las 10:00, en el Auditorio Central de la UNI (Bloque 7), se realizar\u00e1 el desembolso de 252 Becas de Apoyo Econ\u00f3mico para estudiantes de la UNI.<br \/>\nLas becas correspondientes al pago de matr\u00edcula y cuotas del segundo semestre del 2019, asciende a un monto 196.500.000 de guaran\u00edes, y es otorgada a estudiantes de las diferentes carreras y Filiales de la UNI.<br \/>\nAdem\u00e1s se recuerda que de acuerdo a la Resoluci\u00f3n N\u00b0 144\/2018 de Rendici\u00f3n de Cuentas de las Becas de Apoyo Econ\u00f3mico, los beneficiarios deben presentar los comprobantes de pago de aranceles de la UNI por este semestre, que justifiquen como m\u00ednimo el 75% del monto de la beca otorgada. La fecha de recepci\u00f3n de las Rendiciones de Cuentas ser\u00e1 el 05 y 06 septiembre.<br \/>\nSe adjunta la n\u00f3mina de beneficiario:<br \/>\nNomina Beca de Apoyo Econ\u00f3mico 2\u00b0 Semestre 2019<br \/>\nAnte cualquier consulta, los mismos ser\u00e1n atendidos a trav\u00e9s del correo electr\u00f3nico becasuni@uni.edu.py, o de manera personal en la Universidad<\/p>\n<p><a href=\"\/data\/data\/com.microsoft.office.word\/app_EmailAttachmentsfed28ad1-4a5e-4dec-9eb3-b4a4a75ec1f7\/71903.docx\">Ingrese aqu\u00ed<\/a><\/p>\n","protected":false},"excerpt":{"rendered":"<p>El mi\u00e9rcoles 21 de agosto, a las 10:00, en el Auditorio Central de la UNI (Bloque 7), se realizar\u00e1 el<\/p>\n","protected":false},"author":4,"featured_media":63151,"parent":0,"menu_order":0,"comment_status":"closed","ping_status":"closed","template":"","meta":[],"_links":{"self":[{"href":"https:\/\/archivo.uni.edu.py\/2018-2023\/wp-json\/wp\/v2\/pages\/63150"}],"collection":[{"href":"https:\/\/archivo.uni.edu.py\/2018-2023\/wp-json\/wp\/v2\/pages"}],"about":[{"href":"https:\/\/archivo.uni.edu.py\/2018-2023\/wp-json\/wp\/v2\/types\/page"}],"author":[{"embeddable":true,"href":"https:\/\/archivo.uni.edu.py\/2018-2023\/wp-json\/wp\/v2\/users\/4"}],"replies":[{"embeddable":true,"href":"https:\/\/archivo.uni.edu.py\/2018-2023\/wp-json\/wp\/v2\/comments?post=63150"}],"version-history":[{"count":3,"href":"https:\/\/archivo.uni.edu.py\/2018-2023\/wp-json\/wp\/v2\/pages\/63150\/revisions"}],"predecessor-version":[{"id":63154,"href":"https:\/\/archivo.uni.edu.py\/2018-2023\/wp-json\/wp\/v2\/pages\/63150\/revisions\/63154"}],"wp:featuredmedia":[{"embeddable":true,"href":"https:\/\/archivo.uni.edu.py\/2018-2023\/wp-json\/wp\/v2\/media\/63151"}],"wp:attachment":[{"href":"https:\/\/archivo.uni.edu.py\/2018-2023\/wp-json\/wp\/v2\/media?parent=63150"}],"curies":[{"name":"wp","href":"https:\/\/api.w.org\/{rel}","templated":true}]}}