{"id":616,"date":"2013-08-13T18:18:13","date_gmt":"2013-08-13T18:18:13","guid":{"rendered":"http:\/\/localhost\/uni\/?page_id=616"},"modified":"2023-07-07T09:40:05","modified_gmt":"2023-07-07T13:40:05","slug":"autoridades","status":"publish","type":"page","link":"https:\/\/archivo.uni.edu.py\/2018-2023\/autoridades\/","title":{"rendered":"Autoridades"},"content":{"rendered":"<h5><strong>Miembros del Consejo Superior Universitario 2023-2028<\/strong><\/h5>\n<ul>\n<li>Prof. Dr. Hermenegildo Cohene Vel\u00e1zquez &#8211; <b>Rector y Presidente del Consejo Superior Universitario (CSU).<\/b><\/li>\n<li>Prof. Dra. Nelly Monges de Insfr\u00e1n &#8211; <b>Vicerrectora.<\/b><\/li>\n<\/ul>\n<p><strong>Decanos<\/strong><\/p>\n<ul>\n<li>Ing. Oscar Dionisio Trochez\u00a0 &#8211; <b>Facultad de Ingenier\u00eda .<\/b><\/li>\n<li>Prof. Dr. Claudio D\u00edaz de Vivar &#8211; <b>Facultad de Medicina.<\/b><\/li>\n<li>Dr. Ren\u00e9 Dami\u00e1n Arr\u00faa Torreani &#8211; <b>Facultad de Ciencias Econ\u00f3micas y Administrativas.<\/b><\/li>\n<li>Dr. Antonio Kiernyezny Rovate &#8211;\u00a0 <b>Facultad de Humanidades, Ciencias Sociales y Cultura Guaran\u00ed.<\/b><\/li>\n<li>Abog. Gustavo Miranda Villamayor &#8211; <b>Facultad de Ciencias Jur\u00eddicas.<\/b><\/li>\n<li>MSc. Viviana Marilyn Pacheco Figueredo &#8211; <b>Facultad de Ciencias y Tecnolog\u00eda.<\/b><\/li>\n<li>Ing. Agrop. Julio Ysmael Rodas Balmaceda- <b>Facultad de Ciencias Agropecuarias y Forestales.<\/b><\/li>\n<\/ul>\n<p><strong>Miembros Docentes<\/strong><\/p>\n<ul>\n<li>Ing. Masao Tachibana<\/li>\n<li>Dra. Mar\u00eda Teresa Bar\u00e1n<\/li>\n<li>MSc. Blanca Montenegro de Castellano<\/li>\n<li>Lic. Sebasti\u00e1n Araujo Cabrera<\/li>\n<li>Abg. Francisco Florent\u00edn<\/li>\n<li>Dr. Vetr. Felipe Viedma Vigo<\/li>\n<li>MSc. Alicia MIeres<\/li>\n<\/ul>\n<p><strong>Miembro Graduado no Docente<\/strong><\/p>\n<ul>\n<li>Abg. Walter Santos<\/li>\n<\/ul>\n<p><strong>Representantes Estudiantiles<\/strong><\/p>\n<ul>\n<li>Univ. Daniela Alviso<\/li>\n<li>Univ. Lu\u00eds Figueredo<\/li>\n<li>Univ. Hern\u00e1n Mart\u00ednez<\/li>\n<\/ul>\n<h4><a href=\"https:\/\/uni.edu.py\/wp-content\/uploads\/2023\/07\/Organigrama-REC-UNI-2022_31_12_22.xlsx\">Organigrama de la UNI<\/a><\/h4>\n<p>El estamento universitario est\u00e1 compuesto por los docentes de todas las categor\u00edas,\u00a0los graduados no docentes y los estudiantes de la misma Universidad, cuyos\u00a0representantes leg\u00edtimamente electos integrar\u00e1n los \u00f3rganos colegiados que\u00a0gobiernan la Universidad Nacional de Itap\u00faa y sus distintas Unidades Acad\u00e9micas.<\/p>\n<h4>Rector y Vicerrector<\/h4>\n<p>El Rector de la Universidad Nacional de Itap\u00fa, Prof. Dr. Hermenegildo Cohene Vel\u00e1zquez y la Vicerrectora es la Prof. Dra. Nelly Monges de Insfr\u00e1n, ambos electos para el per\u00edodo 2023-2028, en la Asamblea Universitaria del a\u00f1o 2023.<\/p>\n<p>Para conocer mejor los <a title=\"Estatuto UNI \u2013 CAPITULO II: Del Rector y Vice-Rector\" href=\"http:\/\/localhost\/uni\/estatuto-y-reglamentos\/estatuto-uni-capitulo-ii-del-rector-y-vice-rector\/\" target=\"_blank\" rel=\"noopener noreferrer\">Deberes y Atribuciones del Rector<\/a> puede leer el secci\u00f3n del <a title=\"Ir al Estatuto de la UNI\" href=\"http:\/\/localhost\/uni\/estatuto-y-reglamentos\/\">Estatuto de la Universidad Nacional de Itap\u00faa<\/a> donde se detallan cu\u00e1les son estos.<\/p>\n<h4>El gobierno de la Universidad Nacional de Itap\u00faa es ejercido por:<\/h4>\n<p style=\"padding-left: 30px;\">a) La Asamblea Universitaria;<br \/>b) El Consejo Superior Universitario;<br \/>c) El Rector;<br \/>d) Los Consejos Directivos de Facultades; y,<br \/>e) Los Decanos.<\/p>\n<h4>La Asamblea Universitaria<\/h4>\n<h5>La Asamblea Universitaria est\u00e1 integrada por:<\/h5>\n<p style=\"padding-left: 30px;\">a) Los miembros Universitarios; en ejercicio del Consejo Superior<br \/>b) Dos miembros docentes, en ejercicio, del Consejo Directivo de cada\u00a0Facultad, nombrados por este;<br \/>c) El miembro graduado no docente, en ejercicio, del Consejo Directivo de\u00a0cada Facultad;<br \/>d) Un miembro estudiantil en ejercicio, del Consejo Directivo de cada\u00a0Facultad, nombrado por este.<\/p>\n<p>Es presidida por el Rector y en ausencia o impedimento de \u00e9ste, por el Vicerrector.<\/p>\n<h4>Consejo Superior Universitario<\/h4>\n<p>El Consejo Superior Universitario ejerce el gobierno de la Universidad Nacional\u00a0de Itap\u00faa en concordancia con la pol\u00edtica universitaria definida por la Asamblea\u00a0Universitaria y las disposiciones de este Estatuto.<\/p>\n<h4>El Consejo Superior Universitario est\u00e1 integrado por:<\/h4>\n<p style=\"padding-left: 30px;\">a) El Rector;<br \/>b) El Vice-Rector;<br \/>c) Los Decanos;<br \/>d) Un docente por cada Facultad;<br \/>e) Un graduado no docente;<br \/>f) Tres estudiantes.<\/p>\n<h4>Los Consejos Directivos de Facultades<\/h4>\n<p>El Consejo Directivo de cada una de las Facultades de la Universidad Nacional de\u00a0Itap\u00faa est\u00e1 constituido por:<\/p>\n<p>a) El Decano;<br \/>b) El Vice-Decano;<br \/>c) 5 (cinco) docentes en ejercicio de la c\u00e1tedra;<br \/>d) 1 (un) graduado no docente; y,<br \/>e) 2 (dos) estudiantes.<\/p>\n<h2>Decanato<\/h2>\n<p>El Decano de una facultad permanece en sus funciones durante 5 (cinco) a\u00f1os, pudiendo ser reelecto.\u00a0Para ser Decano se requiere ser Profesor Titular o Adjunto de la Facultad, tener\u00a0nacionalidad paraguaya natural y poseer t\u00edtulo m\u00e1ximo de esa Facultad o\u00a0equivalente nacional o extranjero inscrito en la Universidad Nacional de Itap\u00faa.<\/p>\n<p>El actual equipo del decanato de las distintas Facultades de la UNI son:<\/p>\n<h5>Facultad de Medicina<\/h5>\n<ul>\n<li><strong>Decano:<\/strong> Dr. Claudio D\u00edaz de Vivar<\/li>\n<li><strong>Vice-Decano:\u00a0<\/strong>Dr. Ra\u00fal Vir\u00e9<\/li>\n<\/ul>\n<h5>Facultad de Ingenier\u00eda<\/h5>\n<ul>\n<li><strong>Decano:<\/strong>\u00a0Prof. Ing. Oscar D. Trochez Valdez<\/li>\n<li><strong>Vice-Decano: <\/strong>Prof. Ing. Francisco Vel\u00e1zquez<\/li>\n<\/ul>\n<h5>Facultad de Ciencias Econ\u00f3micas y Administrativas<\/h5>\n<ul>\n<li><strong>Decano:<\/strong>\u00a0Dr. Ren\u00e9 Dami\u00e1n Arr\u00faa Torreani<\/li>\n<li><b>\u00a0Vicedecana de la FaCEA-UNI: <\/b>Dra. Eduarda Susana Lugo Rol\u00f3n<\/li>\n<\/ul>\n<h5>Facultad de Humanidades, Ciencias Sociales y Cultura Guaran\u00ed de la UNI<\/h5>\n<ul>\n<li><strong>Decano:<\/strong>\u00a0Dr. Antonio Kiernyezny Rovate<\/li>\n<li><strong>Vice-Decano:\u00a0<\/strong>Dr. Dionisio Fleitas Lekoski<\/li>\n<\/ul>\n<h5>Facultad de Ciencias Jur\u00eddicas<\/h5>\n<ul>\n<li><strong>Decano:<\/strong>\u00a0Abog. Gustavo Miranda Villamayor<\/li>\n<li><strong>Vice-Decano: <\/strong>Abog. Blas Eduardo Ram\u00edrez<strong><br \/><\/strong><\/li>\n<\/ul>\n<h5>Facultad de Ciencias Agropecuarias y Forestales<\/h5>\n<ul>\n<li><strong>Decano: <\/strong>Ing. Agrop. Julio Ysmael Rodas Balmaceda<!--EndFragment--><strong><br \/><\/strong><\/li>\n<li><strong>Vice-Decano: <\/strong>Ing. Agr. Aureliano Ocampo Amarilla<strong><br \/><\/strong><\/li>\n<\/ul>\n<h5>Facultad de Ciencias y Tecnolog\u00eda<\/h5>\n<ul>\n<li><strong>Decana:<\/strong> M\u00e1ster Viviana Marilyn Pacheco Figueredo<\/li>\n<li><strong>Vice-Decana: <\/strong>Ing. Patricia Mart\u00ednez Otaz\u00fa<\/li>\n<\/ul>\n<p><strong>Direcciones del Rectorado<\/strong><\/p>\n<ul>\n<li>Directora de la Direcci\u00f3n General Acad\u00e9mica y de Investigaci\u00f3n : Dra. Perla Sosa de Wood.<\/li>\n<li>Directora de la Direcci\u00f3n General de Administraci\u00f3n y Finanzas: MSc. Oraida \u00dabeda de Gam\u00f3n.<\/li>\n<li>Directora Administrativa: Dra. Zully L\u00f3pez de Paniagua.<\/li>\n<li>Directora Financiera: MSc. Beatriz Ch\u00e1vez Thomas.<\/li>\n<li>Directora de la Unidad Operativa de Contrataciones: MSc. Mar\u00eda Ocampo Le\u00f3n.<\/li>\n<li>Directora Acad\u00e9mica: Dra. Gloria Arias.<\/li>\n<li>Directora de la Direcci\u00f3n Cooperaci\u00f3n: Abg. Carmen Bogado Leiva.<\/li>\n<li>Directora de Investigaci\u00f3n y Ambiente: Arq. Edith P\u00e1ez de Moreno.<\/li>\n<li>Directora de la Direcci\u00f3n de Escuela de Postgrado: Dra. Susana Fedoruk Hai\u00f1.<\/li>\n<li>Directora de Infraestructura y Obras: Arq. Myriam Mor\u00ednigo Schapovaloff.<\/li>\n<li>Directora de Aseguramiento de la Calidad: MSc. Eugenia Cyncar de Ferreira.<\/li>\n<li>Directora de Asuntos Jur\u00eddicos: Abg. Hirmina Arce de Mart\u00ednez.<\/li>\n<li>Auditor\u00eda Interna, Lic. Miguel Mart\u00ednez Basualdo.\u00a0<\/li>\n<li>Directora de la Direcci\u00f3n de Gesti\u00f3n de Desarrollo de Personas, Lic. Anal\u00eda Caballero Netto.<\/li>\n<li>Director de la Direcci\u00f3n de Tecnolog\u00eda, Inform\u00e1tica y Comunicaciones, Lic. Pablo C\u00e9sar Villalba.<\/li>\n<li>Director de la Direcci\u00f3n de Comunicaciones, Dr. Cristian David Balc\u00e1zar Bogado.\u00a0<\/li>\n<\/ul>\n<p><strong>Jefes de Departamentos del Rectorado<\/strong><\/p>\n<ul>\n<li>Jefe de Presupuesto: Abog. Walter Leiva.<\/li>\n<li>Jefe de Contabilidad: Lic. Esther Chaparro.<\/li>\n<li>Jefe de Tesorer\u00eda: Lic. Cristian Maciel.<\/li>\n<li>Jefe de Patrimonio: Lic. Carolina Gonz\u00e1lez.<\/li>\n<li>Jefe\u00a0 de Evaluaci\u00f3n Acad\u00e9mica: Lic. Mar\u00eda Adriana Rivas.<\/li>\n<li>Jefe de Estad\u00edstica: Ing. Mar\u00eda Lorena Del Puerto.<\/li>\n<li>Jefe de Difusi\u00f3n Cultural:\u00a0 Lic. Carolina Balc\u00e1zar Bogado.<\/li>\n<li>Jefe del Centro de Recursos de la Informaci\u00f3n: Lic. Ricardo G\u00f3mez Cabrera.<\/li>\n<li>Jefe de Control y Procedimientos: Cont. P\u00fab. Ver\u00f3nica Arapay\u00fa.<\/li>\n<li>Jefe de Servicios Generales: Lic. Esther Gysin de Flores.<\/li>\n<li>Jefe de del Departamento de Mantenimiento: Arq. Juan Britto Qui\u00f1\u00f3nez<\/li>\n<li>Jefe de la Oficina de Bienestar Universitario: Mg. Nidia Gonz\u00e1lez.\u00a0<\/li>\n<li>Jefe de Oficina de Extensi\u00f3n: Mg. Yohana Portillo.<\/li>\n<li>Jefe de Oficina de Relaciones Internacionales: Univ. Teresita Regis.<\/li>\n<li>Jefe de Gabinete del Rector: Lic. Diana Centuri\u00f3n Vera.<\/li>\n<li>Jefe del Centro de Desarrollo de Competencias TICs: Dra. Mary Cabral Franco.\u00a0<\/li>\n<\/ul>\n\n\n<figure class=\"wp-block-image\"><img alt=\"\"\/><\/figure>\n\n\n\n<p><\/p>\n","protected":false},"excerpt":{"rendered":"<p>Miembros del Consejo Superior Universitario 2023-2028 Prof. Dr. Hermenegildo Cohene Vel\u00e1zquez &#8211; Rector y Presidente del Consejo Superior Universitario (CSU).<\/p>\n","protected":false},"author":1,"featured_media":857,"parent":0,"menu_order":0,"comment_status":"open","ping_status":"open","template":"","meta":[],"_links":{"self":[{"href":"https:\/\/archivo.uni.edu.py\/2018-2023\/wp-json\/wp\/v2\/pages\/616"}],"collection":[{"href":"https:\/\/archivo.uni.edu.py\/2018-2023\/wp-json\/wp\/v2\/pages"}],"about":[{"href":"https:\/\/archivo.uni.edu.py\/2018-2023\/wp-json\/wp\/v2\/types\/page"}],"author":[{"embeddable":true,"href":"https:\/\/archivo.uni.edu.py\/2018-2023\/wp-json\/wp\/v2\/users\/1"}],"replies":[{"embeddable":true,"href":"https:\/\/archivo.uni.edu.py\/2018-2023\/wp-json\/wp\/v2\/comments?post=616"}],"version-history":[{"count":76,"href":"https:\/\/archivo.uni.edu.py\/2018-2023\/wp-json\/wp\/v2\/pages\/616\/revisions"}],"predecessor-version":[{"id":92311,"href":"https:\/\/archivo.uni.edu.py\/2018-2023\/wp-json\/wp\/v2\/pages\/616\/revisions\/92311"}],"wp:featuredmedia":[{"embeddable":true,"href":"https:\/\/archivo.uni.edu.py\/2018-2023\/wp-json\/"}],"wp:attachment":[{"href":"https:\/\/archivo.uni.edu.py\/2018-2023\/wp-json\/wp\/v2\/media?parent=616"}],"curies":[{"name":"wp","href":"https:\/\/api.w.org\/{rel}","templated":true}]}}