{"id":58283,"date":"2018-11-29T07:35:03","date_gmt":"2018-11-29T10:35:03","guid":{"rendered":"http:\/\/uni.edu.py\/?page_id=58283"},"modified":"2018-11-29T07:35:36","modified_gmt":"2018-11-29T10:35:36","slug":"clausura-de-actividades-de-los-elencos-artisticos-de-la-uni","status":"publish","type":"page","link":"https:\/\/archivo.uni.edu.py\/2018-2023\/clausura-de-actividades-de-los-elencos-artisticos-de-la-uni\/","title":{"rendered":"Clausura de actividades de los elencos art\u00edsticos de la UNI"},"content":{"rendered":"<p>Cierre y entrega de certificados de participaci\u00f3n, de esta manera culmin\u00f3 con \u00e9xito las actividades de los Elencos Art\u00edsticos de la Universidad Nacional de Itap\u00faa, dependiente de la jefatura del Departamento de Difusi\u00f3n Cultural de la Facultad de Humanidades Ciencias Sociales y Cultura Guaran\u00ed.<\/p>\n<p>En la ma\u00f1ana del pasado s\u00e1bado, se realiz\u00f3 un breve acto de clausura de las actividades de los Elencos del Ballet Arandu Jeroky y el Elenco Teatral de la UNI, en el Sal\u00f3n de Usos M\u00faltiples (SUM).<\/p>\n<p>En el acto de clausura estuvo presente el Dr. Antonio Kiernyezny Rovate, Decano de la Facultad, quien salud\u00f3 y dio algunas palabras de aliento a todos los participantes, acompa\u00f1ado de la Jefa del Departamento de Difusi\u00f3n Cultural, la Prof. Lic. Leticia Barboza, el Arq. Adri\u00e1n Rodr\u00edguez, coordinador del Elenco Teatral , as\u00ed tambi\u00e9n la Directora del Elenco Teatral , La Prof. Lara Chamorro,\u00a0 y el Prof. Alberto Ram\u00edrez qui\u00e9n fue instructor del curso intensivo de Danza Paraguaya.<\/p>\n<p>Las actividades reinician en marzo del a\u00f1o 2019.<\/p>\n<div id='gallery-1' class='gallery galleryid-58283 gallery-columns-3 gallery-size-colormag-featured-image'><figure class='gallery-item'>\n\t\t\t<div class='gallery-icon landscape'>\n\t\t\t\t<a href='https:\/\/archivo.uni.edu.py\/2018-2023\/clausura-de-actividades-de-los-elencos-artisticos-de-la-uni\/9ffc6118-43f5-4e65-b89b-b40b36dff062\/'><img width=\"800\" height=\"445\" src=\"https:\/\/archivo.uni.edu.py\/2018-2023\/wp-content\/uploads\/2018\/11\/9ffc6118-43f5-4e65-b89b-b40b36dff062-800x445.jpg\" class=\"attachment-colormag-featured-image size-colormag-featured-image\" alt=\"\" loading=\"lazy\" \/><\/a>\n\t\t\t<\/div><\/figure><figure class='gallery-item'>\n\t\t\t<div class='gallery-icon portrait'>\n\t\t\t\t<a href='https:\/\/archivo.uni.edu.py\/2018-2023\/clausura-de-actividades-de-los-elencos-artisticos-de-la-uni\/877aae8f-68ff-4aa3-b8ff-6840beceefa8\/'><img width=\"800\" height=\"445\" src=\"https:\/\/archivo.uni.edu.py\/2018-2023\/wp-content\/uploads\/2018\/11\/877aae8f-68ff-4aa3-b8ff-6840beceefa8-800x445.jpg\" class=\"attachment-colormag-featured-image size-colormag-featured-image\" alt=\"\" loading=\"lazy\" \/><\/a>\n\t\t\t<\/div><\/figure><figure class='gallery-item'>\n\t\t\t<div class='gallery-icon landscape'>\n\t\t\t\t<a href='https:\/\/archivo.uni.edu.py\/2018-2023\/clausura-de-actividades-de-los-elencos-artisticos-de-la-uni\/961dc501-33a3-4726-895a-7817100e766d\/'><img width=\"800\" height=\"445\" src=\"https:\/\/archivo.uni.edu.py\/2018-2023\/wp-content\/uploads\/2018\/11\/961dc501-33a3-4726-895a-7817100e766d-800x445.jpg\" class=\"attachment-colormag-featured-image size-colormag-featured-image\" alt=\"\" loading=\"lazy\" \/><\/a>\n\t\t\t<\/div><\/figure><figure class='gallery-item'>\n\t\t\t<div class='gallery-icon landscape'>\n\t\t\t\t<a href='https:\/\/archivo.uni.edu.py\/2018-2023\/clausura-de-actividades-de-los-elencos-artisticos-de-la-uni\/6242dda8-13b7-4d9f-8955-b07afc6d221b\/'><img width=\"800\" height=\"445\" src=\"https:\/\/archivo.uni.edu.py\/2018-2023\/wp-content\/uploads\/2018\/11\/6242dda8-13b7-4d9f-8955-b07afc6d221b-800x445.jpg\" class=\"attachment-colormag-featured-image size-colormag-featured-image\" alt=\"\" loading=\"lazy\" \/><\/a>\n\t\t\t<\/div><\/figure><figure class='gallery-item'>\n\t\t\t<div class='gallery-icon landscape'>\n\t\t\t\t<a href='https:\/\/archivo.uni.edu.py\/2018-2023\/clausura-de-actividades-de-los-elencos-artisticos-de-la-uni\/8882b268-094c-4404-877e-d765e4336bac\/'><img width=\"800\" height=\"445\" src=\"https:\/\/archivo.uni.edu.py\/2018-2023\/wp-content\/uploads\/2018\/11\/8882b268-094c-4404-877e-d765e4336bac-800x445.jpg\" class=\"attachment-colormag-featured-image size-colormag-featured-image\" alt=\"\" loading=\"lazy\" \/><\/a>\n\t\t\t<\/div><\/figure><figure class='gallery-item'>\n\t\t\t<div class='gallery-icon landscape'>\n\t\t\t\t<a href='https:\/\/archivo.uni.edu.py\/2018-2023\/clausura-de-actividades-de-los-elencos-artisticos-de-la-uni\/128032a4-b98b-458d-ac5f-656b536fffa5\/'><img width=\"800\" height=\"445\" src=\"https:\/\/archivo.uni.edu.py\/2018-2023\/wp-content\/uploads\/2018\/11\/128032a4-b98b-458d-ac5f-656b536fffa5-800x445.jpg\" class=\"attachment-colormag-featured-image size-colormag-featured-image\" alt=\"\" loading=\"lazy\" \/><\/a>\n\t\t\t<\/div><\/figure>\n\t\t<\/div>\n\n","protected":false},"excerpt":{"rendered":"<p>Cierre y entrega de certificados de participaci\u00f3n, de esta manera culmin\u00f3 con \u00e9xito las actividades de los Elencos Art\u00edsticos de<\/p>\n","protected":false},"author":4,"featured_media":58284,"parent":0,"menu_order":0,"comment_status":"closed","ping_status":"closed","template":"","meta":[],"_links":{"self":[{"href":"https:\/\/archivo.uni.edu.py\/2018-2023\/wp-json\/wp\/v2\/pages\/58283"}],"collection":[{"href":"https:\/\/archivo.uni.edu.py\/2018-2023\/wp-json\/wp\/v2\/pages"}],"about":[{"href":"https:\/\/archivo.uni.edu.py\/2018-2023\/wp-json\/wp\/v2\/types\/page"}],"author":[{"embeddable":true,"href":"https:\/\/archivo.uni.edu.py\/2018-2023\/wp-json\/wp\/v2\/users\/4"}],"replies":[{"embeddable":true,"href":"https:\/\/archivo.uni.edu.py\/2018-2023\/wp-json\/wp\/v2\/comments?post=58283"}],"version-history":[{"count":1,"href":"https:\/\/archivo.uni.edu.py\/2018-2023\/wp-json\/wp\/v2\/pages\/58283\/revisions"}],"predecessor-version":[{"id":58292,"href":"https:\/\/archivo.uni.edu.py\/2018-2023\/wp-json\/wp\/v2\/pages\/58283\/revisions\/58292"}],"wp:featuredmedia":[{"embeddable":true,"href":"https:\/\/archivo.uni.edu.py\/2018-2023\/wp-json\/wp\/v2\/media\/58284"}],"wp:attachment":[{"href":"https:\/\/archivo.uni.edu.py\/2018-2023\/wp-json\/wp\/v2\/media?parent=58283"}],"curies":[{"name":"wp","href":"https:\/\/api.w.org\/{rel}","templated":true}]}}