{"id":569,"date":"2013-08-08T16:03:14","date_gmt":"2013-08-08T16:03:14","guid":{"rendered":"http:\/\/localhost\/uni\/?page_id=569"},"modified":"2023-07-12T13:07:41","modified_gmt":"2023-07-12T17:07:41","slug":"mensaje-del-rector","status":"publish","type":"page","link":"https:\/\/archivo.uni.edu.py\/2018-2023\/mensaje-del-rector\/","title":{"rendered":"Reflexi\u00f3n personal del Rector"},"content":{"rendered":"\n<p>La Universidad enfrenta varios desaf\u00edos en la actualidad, tales como la necesidad de adaptarse a los cambios y encontrar formas de incorporar tecnolog\u00edas innovadoras en la ense\u00f1anza y el aprendizaje.<\/p>\n\n\n\n<p>En ese contexto, garantizar la calidad acad\u00e9mica es primordial, a fin de mantener altos est\u00e1ndares, asegurando que los programas acad\u00e9micos sean relevantes, actualizados y respondan a las necesidades de la sociedad, constituy\u00e9ndose en una instituci\u00f3n de desarrollo de nuevas ideas y tecnolog\u00edas, con las inversiones que sean necesarias, as\u00ed como la creaci\u00f3n de un ambiente prospectivo tendiente a una cultura de innovaci\u00f3n que brinde oportunidades de manera original, creativa, impactante, viable y sostenible para todos losmiembros de la comunidad educativa que lo conforman.<br><\/p>\n\n\n\n<p><\/p>\n\n\n\n<p>Finalmente, es primordial trabajar en equipo para encontrar soluciones innovadoras y eficaces que permitan garantizar  una educaci\u00f3n de calidad, inclusiva y relevante para todos los estudiantes, y que contribuya al desarrollo sostenible de la sociedad.<\/p>\n","protected":false},"excerpt":{"rendered":"<p>La Universidad enfrenta varios desaf\u00edos en la actualidad, tales como la necesidad de adaptarse a los cambios y encontrar formas<\/p>\n","protected":false},"author":1,"featured_media":92487,"parent":0,"menu_order":0,"comment_status":"open","ping_status":"open","template":"","meta":[],"_links":{"self":[{"href":"https:\/\/archivo.uni.edu.py\/2018-2023\/wp-json\/wp\/v2\/pages\/569"}],"collection":[{"href":"https:\/\/archivo.uni.edu.py\/2018-2023\/wp-json\/wp\/v2\/pages"}],"about":[{"href":"https:\/\/archivo.uni.edu.py\/2018-2023\/wp-json\/wp\/v2\/types\/page"}],"author":[{"embeddable":true,"href":"https:\/\/archivo.uni.edu.py\/2018-2023\/wp-json\/wp\/v2\/users\/1"}],"replies":[{"embeddable":true,"href":"https:\/\/archivo.uni.edu.py\/2018-2023\/wp-json\/wp\/v2\/comments?post=569"}],"version-history":[{"count":3,"href":"https:\/\/archivo.uni.edu.py\/2018-2023\/wp-json\/wp\/v2\/pages\/569\/revisions"}],"predecessor-version":[{"id":92483,"href":"https:\/\/archivo.uni.edu.py\/2018-2023\/wp-json\/wp\/v2\/pages\/569\/revisions\/92483"}],"wp:featuredmedia":[{"embeddable":true,"href":"https:\/\/archivo.uni.edu.py\/2018-2023\/wp-json\/wp\/v2\/media\/92487"}],"wp:attachment":[{"href":"https:\/\/archivo.uni.edu.py\/2018-2023\/wp-json\/wp\/v2\/media?parent=569"}],"curies":[{"name":"wp","href":"https:\/\/api.w.org\/{rel}","templated":true}]}}