{"id":56230,"date":"2018-09-17T08:37:02","date_gmt":"2018-09-17T12:37:02","guid":{"rendered":"http:\/\/uni.edu.py\/?page_id=56230"},"modified":"2018-09-17T08:37:43","modified_gmt":"2018-09-17T12:37:43","slug":"humanidades-uni-curso-de-extension-en-natalio-relaciones-publicas-y-oratoria-redaccion-y-lectura-de-noticias-en-radio","status":"publish","type":"page","link":"https:\/\/archivo.uni.edu.py\/2018-2023\/humanidades-uni-curso-de-extension-en-natalio-relaciones-publicas-y-oratoria-redaccion-y-lectura-de-noticias-en-radio\/","title":{"rendered":"Humanidades-UNI. Curso de Extensi\u00f3n en Natalio. Relaciones P\u00fablicas y Oratoria. Redacci\u00f3n y Lectura de Noticias en Radio."},"content":{"rendered":"<p>Este s\u00e1bado 15 setiembre, de 08.00 a 12.00 horas, en la Sede Natalio de la Universidad Nacional de Itap\u00faa, se desarroll\u00f3 una tarea conjunta entre la Universidad Nacional de Itap\u00faa, a trav\u00e9s de la Facultad de Humanidades, la APESUR, Asociaci\u00f3n de Periodistas del Sur y la Regional Itap\u00faa del SPP, Sindicato de Periodistas del Paraguay. Consisti\u00f3 en un Taller para Periodistas y personas interesadas de aquel sector del Departamento de Itap\u00faa.<\/p>\n<p>Relaciones P\u00fablicas y Oratoria, estuvo a cargo de la Periodista Zunilda B\u00e1ez Arzamendia, mientras que Redacci\u00f3n y Lectura de Noticias en Radio, desarroll\u00f3 Oscar Galeano.<\/p>\n<p>Por la APESUR, estuvo la secretaria, Lidia Samudio. Por el SPP, el Secretario General Itap\u00faa, Fredy Chamorro. Cabe apuntar que, en todo momento prest\u00f3 su valiosa colaboraci\u00f3n el Director de Sede de la UNI en Natalio, el Lic. Atilio Ocampos.<\/p>\n<p>De esta forma, se ha cumplido el segundo proyecto, de capacitaciones, primeramente, en Mar\u00eda Auxiliadora, ahora en Natalio.<\/p>\n","protected":false},"excerpt":{"rendered":"<p>Este s\u00e1bado 15 setiembre, de 08.00 a 12.00 horas, en la Sede Natalio de la Universidad Nacional de Itap\u00faa, se<\/p>\n","protected":false},"author":4,"featured_media":56231,"parent":0,"menu_order":0,"comment_status":"closed","ping_status":"closed","template":"","meta":[],"_links":{"self":[{"href":"https:\/\/archivo.uni.edu.py\/2018-2023\/wp-json\/wp\/v2\/pages\/56230"}],"collection":[{"href":"https:\/\/archivo.uni.edu.py\/2018-2023\/wp-json\/wp\/v2\/pages"}],"about":[{"href":"https:\/\/archivo.uni.edu.py\/2018-2023\/wp-json\/wp\/v2\/types\/page"}],"author":[{"embeddable":true,"href":"https:\/\/archivo.uni.edu.py\/2018-2023\/wp-json\/wp\/v2\/users\/4"}],"replies":[{"embeddable":true,"href":"https:\/\/archivo.uni.edu.py\/2018-2023\/wp-json\/wp\/v2\/comments?post=56230"}],"version-history":[{"count":1,"href":"https:\/\/archivo.uni.edu.py\/2018-2023\/wp-json\/wp\/v2\/pages\/56230\/revisions"}],"predecessor-version":[{"id":56232,"href":"https:\/\/archivo.uni.edu.py\/2018-2023\/wp-json\/wp\/v2\/pages\/56230\/revisions\/56232"}],"wp:featuredmedia":[{"embeddable":true,"href":"https:\/\/archivo.uni.edu.py\/2018-2023\/wp-json\/wp\/v2\/media\/56231"}],"wp:attachment":[{"href":"https:\/\/archivo.uni.edu.py\/2018-2023\/wp-json\/wp\/v2\/media?parent=56230"}],"curies":[{"name":"wp","href":"https:\/\/api.w.org\/{rel}","templated":true}]}}