{"id":52568,"date":"2018-04-18T13:42:28","date_gmt":"2018-04-18T13:42:28","guid":{"rendered":"http:\/\/uni.edu.py\/?page_id=52568"},"modified":"2018-04-18T13:52:58","modified_gmt":"2018-04-18T13:52:58","slug":"beneficio-de-la-residencia-universitaria-uni","status":"publish","type":"page","link":"https:\/\/archivo.uni.edu.py\/2018-2023\/beneficio-de-la-residencia-universitaria-uni\/","title":{"rendered":"Beneficio de la Residencia Universitaria UNI"},"content":{"rendered":"<div id=\"metaslider-id-52571\" style=\"max-width: 800px;\" class=\"ml-slider-3-28-2 metaslider metaslider-nivo metaslider-52571 ml-slider\">\n    <div id=\"metaslider_container_52571\">\n        <div class='slider-wrapper theme-default'><div class='ribbon'><\/div><div id='metaslider_52571' class='nivoSlider'><img src=\"https:\/\/archivo.uni.edu.py\/2018-2023\/wp-content\/uploads\/2018\/04\/DSC0104-800x400.jpg\" height=\"400\" width=\"800\" alt=\"\" class=\"slider-52571 slide-52581\" \/><img src=\"https:\/\/archivo.uni.edu.py\/2018-2023\/wp-content\/uploads\/2018\/04\/DSC0109-800x400.jpg\" height=\"400\" width=\"800\" alt=\"\" class=\"slider-52571 slide-52582\" \/><img src=\"https:\/\/archivo.uni.edu.py\/2018-2023\/wp-content\/uploads\/2018\/04\/DSC0116-800x400.jpg\" height=\"400\" width=\"800\" alt=\"\" class=\"slider-52571 slide-52583\" \/><\/div><\/div>\n        \n    <\/div>\n<\/div>\n<p>La beca de residencia universitaria de la Universidad Nacional de Itap\u00faa podr\u00e1\u00a0 otorgarse a los estudiantes que se encuentren cursando su primera carrera universitaria.<\/p>\n<p>Para acceder al beneficio de la Residencia Universitaria, los estudiantes deber\u00e1n acreditar los siguientes requisitos m\u00ednimos, debiendo adjuntar los documentos correspondientes:<\/p>\n<ul>\n<li>Demostrar situaci\u00f3n socio econ\u00f3mica desfavorable comprobada por la Universidad Nacional de Itap\u00faa.<\/li>\n<li>Estar matriculado\/a en el periodo acad\u00e9mico en una de las carreras de la Universidad Nacional de Itap\u00faa.<\/li>\n<li>\u00a0No haber recibido sanci\u00f3n disciplinaria alguna por parte de la facultad a la que pertenece.<\/li>\n<li>Poseer un 70 % de asistencia en el semestre anterior.<\/li>\n<li>\u00a0Asistir a la entrevista en la Direcci\u00f3n de Cooperaci\u00f3n.<\/li>\n<li>\u00a0Residir a una distancia m\u00ednima de 50km de la ciudad de Encarnaci\u00f3n<\/li>\n<\/ul>\n<p>Los documentos que deben ser presentados en la Direcci\u00f3n de Cooperaci\u00f3n por los estudiantes interesados son los siguientes:<\/p>\n<ul>\n<li>Formulario de Postulaci\u00f3n<\/li>\n<li>Ficha M\u00e9dica<\/li>\n<li>Copia de C\u00e9dula de Identidad<\/li>\n<li>Copia de Pago de Matricula del semestre o a\u00f1o que se presenta<\/li>\n<li>Certificado de estudio parcial<\/li>\n<li>Constancia de no hacer recibido sanci\u00f3n disciplinaria alguna<\/li>\n<li>Constancia de asistencia a clase.<\/li>\n<li>Antecedente Policial<\/li>\n<li>Certificado de Vida y Residencia de ciudad de Origen<\/li>\n<\/ul>\n<p>Podr\u00e1n solicitar la beca de residencia universitaria los estudiantes de la UNI a partir del primer a\u00f1o o primer semestre, respectivamente.\u00a0 Para cualquier consulta o duda los estudiantes interesados pueden acercarse de 07:30 a 15:00 en la Oficina de la Direcci\u00f3n de Cooperaci\u00f3n, segundo piso del Rectorado, Campus de Encarnaci\u00f3n o llamar a los tel\u00e9fonos 206990\/91 interno 136.<\/p>\n<div id=\"metaslider-id-52586\" style=\"max-width: 800px;\" class=\"ml-slider-3-28-2 metaslider metaslider-nivo metaslider-52586 ml-slider\">\n    <div id=\"metaslider_container_52586\">\n        <div class='slider-wrapper theme-default'><div class='ribbon'><\/div><div id='metaslider_52586' class='nivoSlider'><img src=\"https:\/\/archivo.uni.edu.py\/2018-2023\/wp-content\/uploads\/2018\/04\/DSC0114-1-800x400.jpg\" height=\"400\" width=\"800\" alt=\"\" class=\"slider-52586 slide-52587\" \/><\/div><\/div>\n        \n    <\/div>\n<\/div>\n<p><strong>Obs<\/strong>: Reglamento de Residencia Universitaria de la UNI, Resoluci\u00f3n REC N\u00b0 028\/2015<\/p>\n","protected":false},"excerpt":{"rendered":"<p>La beca de residencia universitaria de la Universidad Nacional de Itap\u00faa podr\u00e1\u00a0 otorgarse a los estudiantes que se encuentren cursando<\/p>\n","protected":false},"author":1,"featured_media":0,"parent":0,"menu_order":0,"comment_status":"closed","ping_status":"closed","template":"","meta":[],"_links":{"self":[{"href":"https:\/\/archivo.uni.edu.py\/2018-2023\/wp-json\/wp\/v2\/pages\/52568"}],"collection":[{"href":"https:\/\/archivo.uni.edu.py\/2018-2023\/wp-json\/wp\/v2\/pages"}],"about":[{"href":"https:\/\/archivo.uni.edu.py\/2018-2023\/wp-json\/wp\/v2\/types\/page"}],"author":[{"embeddable":true,"href":"https:\/\/archivo.uni.edu.py\/2018-2023\/wp-json\/wp\/v2\/users\/1"}],"replies":[{"embeddable":true,"href":"https:\/\/archivo.uni.edu.py\/2018-2023\/wp-json\/wp\/v2\/comments?post=52568"}],"version-history":[{"count":0,"href":"https:\/\/archivo.uni.edu.py\/2018-2023\/wp-json\/wp\/v2\/pages\/52568\/revisions"}],"wp:attachment":[{"href":"https:\/\/archivo.uni.edu.py\/2018-2023\/wp-json\/wp\/v2\/media?parent=52568"}],"curies":[{"name":"wp","href":"https:\/\/api.w.org\/{rel}","templated":true}]}}