{"id":5158,"date":"2014-03-18T17:58:43","date_gmt":"2014-03-18T17:58:43","guid":{"rendered":"http:\/\/uni.edu.py\/?page_id=5158"},"modified":"2017-11-13T14:20:28","modified_gmt":"2017-11-13T14:20:28","slug":"contacto-sedes","status":"publish","type":"page","link":"https:\/\/archivo.uni.edu.py\/2018-2023\/contacto-sedes\/","title":{"rendered":"Contacto Sedes"},"content":{"rendered":"<h4>Sede Central &#8211; Campus Encarnaci\u00f3n<\/h4>\n<p style=\"padding-left: 30px;\"><strong>Direcci\u00f3n:<\/strong> Abog. Lorenzo Zacar\u00edas L\u00f3pez 255 y Ruta 1, Barrio Ca&#8217;aguy Rory. Encarnaci\u00f3n. Itap\u00faa<br \/>\n<strong>Tel.\/Fax:<\/strong> +595 71 206990 \/ 1<br \/>\n<strong>Email:<\/strong> <a href=\"maito:dcom@uni.edu.py\" target=\"_blank\" rel=\"noopener\">dcom@uni.edu.py<\/a><\/p>\n<h4>Sede Coronel Bogado<\/h4>\n<p style=\"padding-left: 30px;\"><strong>Direcci\u00f3n:<\/strong> 22 de Septiembre y Boulevard Misiones, Coronel Bogado, Itap\u00faa<br \/>\n<strong>Tel.\/Fax:<\/strong> +595 741 252371<br \/>\n<strong>Email:<\/strong> <a href=\"mailto:cnelbogado@uni.edu.py\" target=\"_blank\" rel=\"noopener\">cnelbogado@uni.edu.py<\/a><\/p>\n<h4>Sede General Artigas<\/h4>\n<p style=\"padding-left: 30px;\"><strong>Direcci\u00f3n:<\/strong> Barrio N\u00ba 4, camino a \u00d1u Guas\u00fa<br \/>\n<strong>Tel.\/Fax:<\/strong> +595 743 20264<br \/>\n<strong>Email:<\/strong> <a href=\"mailto:gralartigas@uni.edu.py\" target=\"_blank\" rel=\"noopener\">gralartigas@uni.edu.py<\/a><\/p>\n<h4>Sede Mar\u00eda Auxiliadora<\/h4>\n<p style=\"padding-left: 30px;\"><strong>Direcci\u00f3n:<\/strong> Calle Boquer\u00f3n E\/8 de Diciembre<br \/>\n<strong>Tel.\/Fax:<\/strong> +595 764 20081<br \/>\n<strong>Email:<\/strong> <a href=\"mailto:mauxiliadora@uni.edu.py\" target=\"_blank\" rel=\"noopener\">mauxiliadora@uni.edu.py<\/a><\/p>\n<h4>Sede Natalio<\/h4>\n<p style=\"padding-left: 30px;\"><strong>Direcci\u00f3n:<\/strong> Calle Tavarap\u00e9 y Enrique Harms<br \/>\n<strong>Tel.\/Fax:<\/strong> +595 765 206066<br \/>\n<strong>Email:<\/strong> <a href=\"mailto:natalio@uni.edu.py\" target=\"_blank\" rel=\"noopener\">natalio@uni.edu.py<\/a><\/p>\n<h4>Sede San Pedro del Paran\u00e1<\/h4>\n<p style=\"padding-left: 30px;\"><strong>Direcci\u00f3n:<\/strong> Mcal. Francisco Solano L\u00f3pez y Saturnino Prieto<br \/>\n<strong>Tel.\/Fax:<\/strong> +595 742 20151<br \/>\n<strong>Email:<\/strong> <a href=\"mailto:sanpedro@uni.edu.py\" target=\"_blank\" rel=\"noopener\">sanpedro@uni.edu.py<\/a><\/p>\n<h4>Sede Mayor Ota\u00f1o<\/h4>\n<p style=\"padding-left: 30px;\"><strong>Tel.\/Fax:<\/strong> +595 671 20197<br \/>\n<strong>Celular:<\/strong>\u00a0+595\u00a0981 718542 \u2013 +595\u00a0971 356424<br \/>\n<strong>Email:<\/strong> <a href=\"mailto:mayorotano@uni.edu.py\" target=\"_blank\" rel=\"noopener\">mayorotano@uni.edu.py<\/a><\/p>\n<h2><\/h2>\n","protected":false},"excerpt":{"rendered":"<p>Sede Central &#8211; Campus Encarnaci\u00f3n Direcci\u00f3n: Abog. Lorenzo Zacar\u00edas L\u00f3pez 255 y Ruta 1, Barrio Ca&#8217;aguy Rory. Encarnaci\u00f3n. Itap\u00faa Tel.\/Fax:<\/p>\n","protected":false},"author":1,"featured_media":0,"parent":0,"menu_order":0,"comment_status":"open","ping_status":"open","template":"","meta":[],"_links":{"self":[{"href":"https:\/\/archivo.uni.edu.py\/2018-2023\/wp-json\/wp\/v2\/pages\/5158"}],"collection":[{"href":"https:\/\/archivo.uni.edu.py\/2018-2023\/wp-json\/wp\/v2\/pages"}],"about":[{"href":"https:\/\/archivo.uni.edu.py\/2018-2023\/wp-json\/wp\/v2\/types\/page"}],"author":[{"embeddable":true,"href":"https:\/\/archivo.uni.edu.py\/2018-2023\/wp-json\/wp\/v2\/users\/1"}],"replies":[{"embeddable":true,"href":"https:\/\/archivo.uni.edu.py\/2018-2023\/wp-json\/wp\/v2\/comments?post=5158"}],"version-history":[{"count":0,"href":"https:\/\/archivo.uni.edu.py\/2018-2023\/wp-json\/wp\/v2\/pages\/5158\/revisions"}],"wp:attachment":[{"href":"https:\/\/archivo.uni.edu.py\/2018-2023\/wp-json\/wp\/v2\/media?parent=5158"}],"curies":[{"name":"wp","href":"https:\/\/api.w.org\/{rel}","templated":true}]}}