{"id":47576,"date":"2017-10-31T06:11:48","date_gmt":"2017-10-31T06:11:48","guid":{"rendered":"http:\/\/test.uni.edu.py\/?page_id=47576"},"modified":"2023-10-26T15:09:14","modified_gmt":"2023-10-26T18:09:14","slug":"historia-de-la-uni","status":"publish","type":"page","link":"https:\/\/archivo.uni.edu.py\/2018-2023\/historia-de-la-uni\/","title":{"rendered":"Historia de la UNI"},"content":{"rendered":"<p>La Universidad Nacional de Itap\u00faa (UNI) fue creada por Ley N\u00ba 1009, de fecha 3 de diciembre de 1996. Es una instituci\u00f3n de derecho p\u00fablico aut\u00f3noma, con personar\u00eda jur\u00eddica.<\/p>\n<p>Su proyecto de creaci\u00f3n fue presentado el 25 de marzo de 1995 por los miembros de esta Comisi\u00f3n, presidida entonces por el abogado Lorenzo Zacar\u00edas L\u00f3pez, intendente de la Ciudad de Encarnaci\u00f3n, acompa\u00f1ado por distinguidos ciudadanos de bien.<\/p>\n<p>El 26 de noviembre de 1996 el proyecto fue aprobado por la C\u00e1mara de Diputados del Congreso Nacional y dos d\u00edas m\u00e1s tarde, sancionado por la C\u00e1mara de Senadores.<\/p>\n<p>El 3 de diciembre, el Poder Ejecutivo promulga Ley 1009 que crea a la UNI. En su comienzo, se reg\u00eda por la Ley N\u00ba136\/93 de Universidades; hoy d\u00eda, por la Ley N\u00ba 4.995\/13 de Educaci\u00f3n Superior.<\/p>\n<p>Esta Ley fue entregada en un acto p\u00fablico en Encarnaci\u00f3n por el propio Presidente de la Rep\u00fablica, Ing. Juan Carlos Wasmosy, quien deposit\u00f3 en manos\u00a0 de los miembros de la Comisi\u00f3n Central Coordinadora (CCC), gestores de su creaci\u00f3n, el 4 diciembre de 1996.<\/p>\n<p><strong>Organizaci\u00f3n institucional\u00a0 <\/strong><\/p>\n<p>El 19 de marzo de 1998, se lleva a cabo la primera Asamblea Universitaria para elegir sus autoridades. Fueron electos Rector, el Abog. Lorenzo Zacar\u00edas y Vicerrector, el Ing. Hildegardo Gonz\u00e1lez Irala. As\u00ed da inicio a la primera etapa de gesti\u00f3n de gobierno, per\u00edodo 1998-2003.<\/p>\n<p>M\u00e1s adelante, del 2003-2008, fueron electos en la segunda Asamblea Universitaria como Rector, el Ing. Hildegardo Gonz\u00e1lez Irala y Vicerrectora, la Dra. Yilda Ag\u00fcero de Talavera.<\/p>\n<p>Los mismos fueron reelectas para ejercer los periodos de 2008-2013 y 2013-2018.<\/p>\n<p>Para el per\u00edodo 2018-2023 ejercieron como Rector, el Ing. Hildegardo Gonz\u00e1lez Irala y como Vicerrectora, la Dra. Nelly Monges de Insfr\u00e1n, mediante la elecci\u00f3n organizada por la Asamblea Universitaria.<\/p>\n<p>Actualmente, el Rector de la Universidad Nacional de Itap\u00faa (UNI), es el Prof. Dr. Hermenegildo Cohene Vel\u00e1zquez y la Vicerrectora, Prof. Dra. Nelly Monges de Insfr\u00e1n, per\u00edodo 2023-2028.<\/p>\n<p><strong>\u00a0<\/strong><\/p>\n","protected":false},"excerpt":{"rendered":"<p>La Universidad Nacional de Itap\u00faa (UNI) fue creada por Ley N\u00ba 1009, de fecha 3 de diciembre de 1996. Es<\/p>\n","protected":false},"author":1,"featured_media":0,"parent":0,"menu_order":0,"comment_status":"closed","ping_status":"closed","template":"","meta":[],"_links":{"self":[{"href":"https:\/\/archivo.uni.edu.py\/2018-2023\/wp-json\/wp\/v2\/pages\/47576"}],"collection":[{"href":"https:\/\/archivo.uni.edu.py\/2018-2023\/wp-json\/wp\/v2\/pages"}],"about":[{"href":"https:\/\/archivo.uni.edu.py\/2018-2023\/wp-json\/wp\/v2\/types\/page"}],"author":[{"embeddable":true,"href":"https:\/\/archivo.uni.edu.py\/2018-2023\/wp-json\/wp\/v2\/users\/1"}],"replies":[{"embeddable":true,"href":"https:\/\/archivo.uni.edu.py\/2018-2023\/wp-json\/wp\/v2\/comments?post=47576"}],"version-history":[{"count":14,"href":"https:\/\/archivo.uni.edu.py\/2018-2023\/wp-json\/wp\/v2\/pages\/47576\/revisions"}],"predecessor-version":[{"id":97102,"href":"https:\/\/archivo.uni.edu.py\/2018-2023\/wp-json\/wp\/v2\/pages\/47576\/revisions\/97102"}],"wp:attachment":[{"href":"https:\/\/archivo.uni.edu.py\/2018-2023\/wp-json\/wp\/v2\/media?parent=47576"}],"curies":[{"name":"wp","href":"https:\/\/api.w.org\/{rel}","templated":true}]}}