{"id":47570,"date":"2017-10-31T06:07:04","date_gmt":"2017-10-31T06:07:04","guid":{"rendered":"http:\/\/test.uni.edu.py\/?page_id=47570"},"modified":"2021-08-19T14:52:57","modified_gmt":"2021-08-19T18:52:57","slug":"estatuto-de-la-uni","status":"publish","type":"page","link":"https:\/\/archivo.uni.edu.py\/2018-2023\/estatuto-de-la-uni\/","title":{"rendered":"Estatuto de la UNI"},"content":{"rendered":"<p>La Universidad Nacional de Itap\u00faa (UNI) es una Instituci\u00f3n de derecho p\u00fablico aut\u00f3nomo y \u00a0con personer\u00eda jur\u00eddica, regido por la Ley de Universidades y su<\/p>\n<p><a href=\"https:\/\/drive.google.com\/file\/d\/1TXPTwfEaQSkRRD99zMIkrTJS_MGBWRnh\/view?usp=sharing\"><strong>Estatuto de la Universidad Nacional de Itap\u00faa &#8211; Espa\u00f1ol<\/strong><\/a><\/p>\n<p><a href=\"https:\/\/drive.google.com\/file\/d\/1MzNQlAD15LZVxrbvriev7UQr5wmB_dGM\/view?usp=sharing\"><strong>Estatuto de la Universidad Nacional de Itap\u00faa &#8211;\u00a0<\/strong><\/a><span style=\"color: #007fac;\"><b><u>Guaran\u00ed<\/u><\/b><\/span><\/p>\n","protected":false},"excerpt":{"rendered":"<p>La Universidad Nacional de Itap\u00faa (UNI) es una Instituci\u00f3n de derecho p\u00fablico aut\u00f3nomo y \u00a0con personer\u00eda jur\u00eddica, regido por la<\/p>\n","protected":false},"author":1,"featured_media":0,"parent":0,"menu_order":0,"comment_status":"closed","ping_status":"closed","template":"","meta":[],"_links":{"self":[{"href":"https:\/\/archivo.uni.edu.py\/2018-2023\/wp-json\/wp\/v2\/pages\/47570"}],"collection":[{"href":"https:\/\/archivo.uni.edu.py\/2018-2023\/wp-json\/wp\/v2\/pages"}],"about":[{"href":"https:\/\/archivo.uni.edu.py\/2018-2023\/wp-json\/wp\/v2\/types\/page"}],"author":[{"embeddable":true,"href":"https:\/\/archivo.uni.edu.py\/2018-2023\/wp-json\/wp\/v2\/users\/1"}],"replies":[{"embeddable":true,"href":"https:\/\/archivo.uni.edu.py\/2018-2023\/wp-json\/wp\/v2\/comments?post=47570"}],"version-history":[{"count":4,"href":"https:\/\/archivo.uni.edu.py\/2018-2023\/wp-json\/wp\/v2\/pages\/47570\/revisions"}],"predecessor-version":[{"id":75739,"href":"https:\/\/archivo.uni.edu.py\/2018-2023\/wp-json\/wp\/v2\/pages\/47570\/revisions\/75739"}],"wp:attachment":[{"href":"https:\/\/archivo.uni.edu.py\/2018-2023\/wp-json\/wp\/v2\/media?parent=47570"}],"curies":[{"name":"wp","href":"https:\/\/api.w.org\/{rel}","templated":true}]}}