{"id":45495,"date":"2017-10-16T14:17:10","date_gmt":"2017-10-16T14:17:10","guid":{"rendered":"http:\/\/test.uni.edu.py\/?page_id=45495"},"modified":"2022-05-02T16:56:32","modified_gmt":"2022-05-02T20:56:32","slug":"carreras-facultad-de-ciencias-agropecuarias-y-forestales","status":"publish","type":"page","link":"https:\/\/archivo.uni.edu.py\/2018-2023\/carreras\/carreras-facultad-de-ciencias-agropecuarias-y-forestales\/","title":{"rendered":"Carreras Facultad de Ciencias Agropecuarias y Forestales"},"content":{"rendered":"<p>Preparamos profesionales universitarios dirigidos a incrementar la productividad agropecuaria con m\u00e9todos y t\u00e9cnicas acorde al avance de la ciencia y la tecnolog\u00eda, con respeto profundo al medio ambiente y a la sociedad de consumo, mediante la investigaci\u00f3n convergente a la especializaci\u00f3n y la excelencia agr\u00edcola y pecuaria<\/p>\n<h5>Carreras Disponibles<\/h5>\n<ul>\n<li>Ingenier\u00eda Agropecuaria<\/li>\n<li>Ingenier\u00eda Agron\u00f3mica<\/li>\n<li>Lic. en Administraci\u00f3n de Empresas Agropecuarias<\/li>\n<li>Lic. en Administraci\u00f3n de Cooperativas<\/li>\n<\/ul>\n<h5>Breve Historia<\/h5>\n<p>El 16 de junio del 2005 ingresan los primeros 80 alumnos a la carrera de Ingenier\u00eda Agropecuarias y Forestales, creada por resoluci\u00f3n N\u00ba 062\/2004, el 09 de marzo del 2004.<\/p>\n<p>Con sedes en los distritos Gral. Artigas y Natalio. Hoy d\u00eda la Facultad cuenta con un local propio, que abrieron sus puertas desde el 05 de mayo de 2006, albergando a j\u00f3venes de diferentes distritos como el de: San Pedro de Paran\u00e1, Coronel Bogado, Fram, General Delgado, Leandro Oviedo, Cambyret\u00e1, Carmen del Paran\u00e1, Alto Vera y de los Departamentos de Caazap\u00e1 y Misiones.<\/p>\n<h5>Visi\u00f3n<\/h5>\n<p class=\"western\" lang=\"es-ES\" align=\"justify\">Ser reconocida como una instituci\u00f3n de estudios superiores que responde a las demandas del contexto socio econ\u00f3mico nacional e internacional, que se caracteriza por una gesti\u00f3n estrat\u00e9gica innovadora y participativa liderada por personas comprometidas en el mejoramiento de la eficacia y la eficiencia, logrando as\u00ed la efectividad.<\/p>\n<p class=\"western\" lang=\"es-ES\" align=\"justify\">La FaCAF aspira a formar profesionales poseedores de valores sociales e individuales, con una s\u00f3lida y actualizada formaci\u00f3n te\u00f3rica-pr\u00e1ctica, tanto en lo cient\u00edfico como en lo tecnol\u00f3gico, que se distingan por su liderazgo, su esp\u00edritu innovador, su creatividad, su visi\u00f3n prospectiva as\u00ed como su iniciativa para proyectar, desarrollar y evaluar estrategias que permitan, a trav\u00e9s del trabajo creador, mejorar su nivel de calidad de vida y de quienes le rodean.<\/p>\n<h5>Misi\u00f3n<\/h5>\n<p class=\"western\" lang=\"es-ES\" align=\"justify\">La Misi\u00f3n educacional de la FaCAF definida en el contexto de los valores que sustentan los fines de la educaci\u00f3n paraguaya, dedic\u00e1ndose a la docencia a nivel superior, la investigaci\u00f3n y la extensi\u00f3n en el \u00e1rea de las Ciencias Agropecuarias y Forestales a los fines de contribuir al incremento y la difusi\u00f3n de los saberes propios de las disciplinas que las conforman.<\/p>\n<h5>Autoridades<\/h5>\n<ul>\n<li><strong>Decano:\u00a0<\/strong>Prof. Ing. Agropecuario, Mg. Julio Ysmael Rodas Balmaceda<\/li>\n<li><strong>Vicedecano:<\/strong>\u00a0Prof. Ing. Agr\u00f3nomo Francisco Carlos Tanaka Aguirre<\/li>\n<\/ul>\n<h5><a href=\"http:\/\/uni.edu.py\/wp-content\/uploads\/2017\/12\/Carreras-FACAF.pdf\">Oferta Acad\u00e9mica.<\/a><\/h5>\n<h6>Planes de Estudios<\/h6>\n<ul>\n<li><a href=\"http:\/\/www.facaf.uni.edu.py\/wp-content\/uploads\/2020\/08\/1-2020_AGROPECUARIA_Actualizaci%C3%B3n-Sistema-de-Correlatividades_PLAN-2016.pdf\">Ingenier\u00eda Agropecuaria<\/a><\/li>\n<li><a href=\"http:\/\/www.facaf.uni.edu.py\/wp-content\/uploads\/2020\/08\/2-2020_AGRONOM%C3%8DA_Actualizaci%C3%B3n-Sistema-de-Correlatividades_PLAN-2016.pdf\">Ingenier\u00eda Agron\u00f3mica<\/a><\/li>\n<li><a href=\"http:\/\/www.facaf.uni.edu.py\/wp-content\/uploads\/2020\/06\/Malla-Curricular-Lic.-Adm-Empresas-Agropecuarias.pdf\">Lic. en Administraci\u00f3n de Empresas Agropecuarias<\/a><\/li>\n<li><a href=\"http:\/\/www.facaf.uni.edu.py\/wp-content\/uploads\/2020\/06\/Malla-Curricular-Lic.-Adm-de-Cooperativas.pdf\">Lic. en Administraci\u00f3n de Cooperativas<\/a><\/li>\n<\/ul>\n<h3 style=\"text-align: center;\">Formulario de Contacto para m\u00e1s Informes<\/h3>\n<div class=\"wpforms-container wpforms-container-full\" id=\"wpforms-67331\"><form id=\"wpforms-form-67331\" class=\"wpforms-validate wpforms-form\" data-formid=\"67331\" method=\"post\" enctype=\"multipart\/form-data\" action=\"\/2018-2023\/wp-json\/wp\/v2\/pages\/45495\" data-token=\"0322e341d2f4f7912b5e6fa772695906\"><noscript class=\"wpforms-error-noscript\">Por favor, activa JavaScript en tu navegador para completar este formulario.<\/noscript><div class=\"wpforms-field-container\"><div id=\"wpforms-67331-field_0-container\" class=\"wpforms-field wpforms-field-name\" data-field-id=\"0\"><label class=\"wpforms-field-label\" for=\"wpforms-67331-field_0\">Datos <span class=\"wpforms-required-label\">*<\/span><\/label><div class=\"wpforms-field-row wpforms-field-medium\"><div class=\"wpforms-field-row-block wpforms-first wpforms-one-half\"><input type=\"text\" id=\"wpforms-67331-field_0\" class=\"wpforms-field-name-first wpforms-field-required\" name=\"wpforms[fields][0][first]\" required><label for=\"wpforms-67331-field_0\" class=\"wpforms-field-sublabel after \">Nombre<\/label><\/div><div class=\"wpforms-field-row-block wpforms-one-half\"><input type=\"text\" id=\"wpforms-67331-field_0-last\" class=\"wpforms-field-name-last wpforms-field-required\" name=\"wpforms[fields][0][last]\" required><label for=\"wpforms-67331-field_0-last\" class=\"wpforms-field-sublabel after \">Apellidos<\/label><\/div><\/div><\/div><div id=\"wpforms-67331-field_1-container\" class=\"wpforms-field wpforms-field-email\" data-field-id=\"1\"><label class=\"wpforms-field-label\" for=\"wpforms-67331-field_1\">Correo electr\u00f3nico <span class=\"wpforms-required-label\">*<\/span><\/label><input type=\"email\" id=\"wpforms-67331-field_1\" class=\"wpforms-field-medium wpforms-field-required\" name=\"wpforms[fields][1]\" required><\/div><div id=\"wpforms-67331-field_2-container\" class=\"wpforms-field wpforms-field-textarea\" data-field-id=\"2\"><label class=\"wpforms-field-label\" for=\"wpforms-67331-field_2\">Comentario o mensaje <span class=\"wpforms-required-label\">*<\/span><\/label><textarea id=\"wpforms-67331-field_2\" class=\"wpforms-field-medium wpforms-field-required\" name=\"wpforms[fields][2]\" required><\/textarea><\/div><\/div><div class=\"wpforms-field wpforms-field-hp\"><label for=\"wpforms-67331-field-hp\" class=\"wpforms-field-label\">Website<\/label><input type=\"text\" name=\"wpforms[hp]\" id=\"wpforms-67331-field-hp\" class=\"wpforms-field-medium\"><\/div><div class=\"wpforms-recaptcha-container wpforms-is-recaptcha\"><div class=\"g-recaptcha\" data-sitekey=\"6Ld_9b8fAAAAAGY4JChiRpb2w4UJvDoLToAGvLVP\"><\/div><input type=\"text\" name=\"g-recaptcha-hidden\" class=\"wpforms-recaptcha-hidden\" style=\"position:absolute!important;clip:rect(0,0,0,0)!important;height:1px!important;width:1px!important;border:0!important;overflow:hidden!important;padding:0!important;margin:0!important;\" required><\/div><div class=\"wpforms-submit-container\"><input type=\"hidden\" name=\"wpforms[id]\" value=\"67331\"><input type=\"hidden\" name=\"wpforms[author]\" value=\"1\"><button type=\"submit\" name=\"wpforms[submit]\" id=\"wpforms-submit-67331\" class=\"wpforms-submit\" data-alt-text=\"Enviando...\" data-submit-text=\"Enviar\" aria-live=\"assertive\" value=\"wpforms-submit\">Enviar<\/button><\/div><\/form><\/div>  <!-- .wpforms-container -->\n","protected":false},"excerpt":{"rendered":"<p>Preparamos profesionales universitarios dirigidos a incrementar la productividad agropecuaria con m\u00e9todos y t\u00e9cnicas acorde al avance de la ciencia y<\/p>\n","protected":false},"author":1,"featured_media":0,"parent":60,"menu_order":5,"comment_status":"closed","ping_status":"closed","template":"","meta":[],"_links":{"self":[{"href":"https:\/\/archivo.uni.edu.py\/2018-2023\/wp-json\/wp\/v2\/pages\/45495"}],"collection":[{"href":"https:\/\/archivo.uni.edu.py\/2018-2023\/wp-json\/wp\/v2\/pages"}],"about":[{"href":"https:\/\/archivo.uni.edu.py\/2018-2023\/wp-json\/wp\/v2\/types\/page"}],"author":[{"embeddable":true,"href":"https:\/\/archivo.uni.edu.py\/2018-2023\/wp-json\/wp\/v2\/users\/1"}],"replies":[{"embeddable":true,"href":"https:\/\/archivo.uni.edu.py\/2018-2023\/wp-json\/wp\/v2\/comments?post=45495"}],"version-history":[{"count":3,"href":"https:\/\/archivo.uni.edu.py\/2018-2023\/wp-json\/wp\/v2\/pages\/45495\/revisions"}],"predecessor-version":[{"id":80675,"href":"https:\/\/archivo.uni.edu.py\/2018-2023\/wp-json\/wp\/v2\/pages\/45495\/revisions\/80675"}],"up":[{"embeddable":true,"href":"https:\/\/archivo.uni.edu.py\/2018-2023\/wp-json\/wp\/v2\/pages\/60"}],"wp:attachment":[{"href":"https:\/\/archivo.uni.edu.py\/2018-2023\/wp-json\/wp\/v2\/media?parent=45495"}],"curies":[{"name":"wp","href":"https:\/\/api.w.org\/{rel}","templated":true}]}}