{"id":45493,"date":"2017-10-16T14:08:44","date_gmt":"2017-10-16T14:08:44","guid":{"rendered":"http:\/\/test.uni.edu.py\/?page_id=45493"},"modified":"2022-05-02T16:36:08","modified_gmt":"2022-05-02T20:36:08","slug":"carreras-facultad-de-ciencias-juridicas","status":"publish","type":"page","link":"https:\/\/archivo.uni.edu.py\/2018-2023\/carreras\/carreras-facultad-de-ciencias-juridicas\/","title":{"rendered":"Carreras Facultad de Ciencias Jur\u00eddicas"},"content":{"rendered":"<p>Esta novel Unidad acad\u00e9mica, asumi\u00f3 el compromiso de desarrollar una elevada educaci\u00f3n superior jur\u00eddica, que permita insertar exitosamente a sus egresados en los cambiantes y m\u00faltiples escenarios que demanda su entorno, con idoneidad, competencia y alto esp\u00edritu humanista. Los fundamentos de esta educaci\u00f3n integral de primer nivel, se basan en la equidad de acceso, la excelencia acad\u00e9mica que inculque la capacidad de an\u00e1lisis cr\u00edtico y toma de decisiones, en el marco de una visi\u00f3n cient\u00edfico \u2013 tecnol\u00f3gica que promueva el bienestar de la naci\u00f3n.<\/p>\n<h5>Carreras Disponibles<\/h5>\n<ul>\n<li>Derecho<\/li>\n<li>Notariado<\/li>\n<\/ul>\n<h5>Breve Historia<\/h5>\n<p>La Carrera de Derecho de la Facultad de Ciencias Jur\u00eddicas de la U.N.I. fue habilitada por Resoluci\u00f3n del Consejo Superior Universitario de la Universidad Nacional de Itap\u00faa N\u00ba 021\/03 de fecha 15 de julio de 2003 y avalada por el Consejo de Universidades, seg\u00fan Acta 116, en fecha 30 de diciembre de 2003.<\/p>\n<p class=\"western\" lang=\"es-ES\">El 04 de agosto de 2003, inicia el Curso Preparatorio con 104 postulantes, de los cuales ingresaron 80 estudiantes, mas 9 con ingreso directo, por ser profesionales egresados de otras carreras universitarias.<\/p>\n<p class=\"western\" lang=\"es-ES\"><span lang=\"es-PY\">En marzo de 2005, seg\u00fan Acta del Consejo de Universidades N\u00ba 139 y Resoluci\u00f3n, 139\/05 se habilita la Carrera de Derecho en la Sede de Natalio y p<\/span>or Acta N\u00ba 10 de fecha 30\/10\/2006 se\u00a0aprueba la habilitaci\u00f3n de la carrera en el Distrito de Tom\u00e1s Romero Pereira, ciudad de Mar\u00eda Auxiliadora.<\/p>\n<p class=\"western\" lang=\"es-ES\"><span lang=\"es-PY\">La Facultad de Ciencias Jur\u00eddicas de la Universidad Nacional de Itap\u00faa, cuenta en la actualidad con m\u00e1s de 500 estudiantes, distribuidos en las tres sedes; Encarnaci\u00f3n, Natalio y Mar\u00eda Auxiliadora.<\/span><\/p>\n<h5>Visi\u00f3n<\/h5>\n<p>Convertirse en instituci\u00f3n l\u00edder en la formaci\u00f3n integral de profesionales de las Ciencias Jur\u00eddicas, tanto a nivel local, regional y nacional, respondiendo a las necesidades de la sociedad, mediante la b\u00fasqueda permanente de la verdad, el conocimiento, la justicia y la paz. As\u00ed busca formar profesionales con calidad humana y acad\u00e9mica que se comprometan en el servicio a los dem\u00e1s y en el logro de una sociedad libre, justa y solidaria, acrecentando el prestigio acad\u00e9mico a nivel regional y nacional.<\/p>\n<h5>Misi\u00f3n<\/h5>\n<p>La Facultad de Ciencias Jur\u00eddicas es una Instituci\u00f3n formadora de ciudadanos capaces de generar y difundir conocimientos accesibles a todos, de manera a contribuir al desarrollo, conocimiento y bienestar de la sociedad, fomentando valores como: la democracia, la libertad, el humanismo, la justicia, la verdad y la paz, propiciando un alto sentido de pertenencia y compromiso entre todos los miembros de la comunidad educativa para respaldar el continuo avance de los conocimientos jur\u00eddicos y el uso de la creatividad en la soluci\u00f3n a problemas planteados y emergentes.<\/p>\n<h5>Autoridades<\/h5>\n<ul>\n<li><strong>Decano:<\/strong>\u00a0Abog. Gustavo Miranda Villamayor<\/li>\n<li><strong>Vice-Decano:<\/strong>\u00a0Abog. Blas Eduardo Ram\u00edrez Palacios<\/li>\n<\/ul>\n<h5><a href=\"http:\/\/uni.edu.py\/wp-content\/uploads\/2017\/12\/Carreras-Derecho.pdf\">Oferta Acad\u00e9mica.<\/a><\/h5>\n<h6>Plan de Estudio<\/h6>\n<ul>\n<li><a href=\"https:\/\/derecho.uni.edu.py\/wp-content\/uploads\/2018\/11\/Malla-Curricular-Derecho.pdf\">Derecho<\/a><\/li>\n<li><a href=\"https:\/\/derecho.uni.edu.py\/wp-content\/uploads\/2018\/11\/Malla-Curricular-Notariado.pdf\">Notariado<\/a><\/li>\n<\/ul>\n<h3 style=\"text-align: center;\"><\/h3>\n<h3 style=\"text-align: center;\">Formulario de Contacto para m\u00e1s Informes<\/h3>\n<div class=\"wpforms-container wpforms-container-full\" id=\"wpforms-67327\"><form id=\"wpforms-form-67327\" class=\"wpforms-validate wpforms-form\" data-formid=\"67327\" method=\"post\" enctype=\"multipart\/form-data\" action=\"\/2018-2023\/wp-json\/wp\/v2\/pages\/45493\" data-token=\"143a2e39428aa6053895259f7cb55432\"><noscript class=\"wpforms-error-noscript\">Por favor, activa JavaScript en tu navegador para completar este formulario.<\/noscript><div class=\"wpforms-field-container\"><div id=\"wpforms-67327-field_0-container\" class=\"wpforms-field wpforms-field-name\" data-field-id=\"0\"><label class=\"wpforms-field-label\" for=\"wpforms-67327-field_0\">Datos <span class=\"wpforms-required-label\">*<\/span><\/label><div class=\"wpforms-field-row wpforms-field-medium\"><div class=\"wpforms-field-row-block wpforms-first wpforms-one-half\"><input type=\"text\" id=\"wpforms-67327-field_0\" class=\"wpforms-field-name-first wpforms-field-required\" name=\"wpforms[fields][0][first]\" required><label for=\"wpforms-67327-field_0\" class=\"wpforms-field-sublabel after \">Nombre<\/label><\/div><div class=\"wpforms-field-row-block wpforms-one-half\"><input type=\"text\" id=\"wpforms-67327-field_0-last\" class=\"wpforms-field-name-last wpforms-field-required\" name=\"wpforms[fields][0][last]\" required><label for=\"wpforms-67327-field_0-last\" class=\"wpforms-field-sublabel after \">Apellidos<\/label><\/div><\/div><\/div><div id=\"wpforms-67327-field_1-container\" class=\"wpforms-field wpforms-field-email\" data-field-id=\"1\"><label class=\"wpforms-field-label\" for=\"wpforms-67327-field_1\">Correo electr\u00f3nico <span class=\"wpforms-required-label\">*<\/span><\/label><input type=\"email\" id=\"wpforms-67327-field_1\" class=\"wpforms-field-medium wpforms-field-required\" name=\"wpforms[fields][1]\" required><\/div><div id=\"wpforms-67327-field_2-container\" class=\"wpforms-field wpforms-field-textarea\" data-field-id=\"2\"><label class=\"wpforms-field-label\" for=\"wpforms-67327-field_2\">Comentario o mensaje <span class=\"wpforms-required-label\">*<\/span><\/label><textarea id=\"wpforms-67327-field_2\" class=\"wpforms-field-medium wpforms-field-required\" name=\"wpforms[fields][2]\" required><\/textarea><\/div><\/div><div class=\"wpforms-field wpforms-field-hp\"><label for=\"wpforms-67327-field-hp\" class=\"wpforms-field-label\">Name<\/label><input type=\"text\" name=\"wpforms[hp]\" id=\"wpforms-67327-field-hp\" class=\"wpforms-field-medium\"><\/div><div class=\"wpforms-recaptcha-container wpforms-is-recaptcha\"><div class=\"g-recaptcha\" data-sitekey=\"6Ld_9b8fAAAAAGY4JChiRpb2w4UJvDoLToAGvLVP\"><\/div><input type=\"text\" name=\"g-recaptcha-hidden\" class=\"wpforms-recaptcha-hidden\" style=\"position:absolute!important;clip:rect(0,0,0,0)!important;height:1px!important;width:1px!important;border:0!important;overflow:hidden!important;padding:0!important;margin:0!important;\" required><\/div><div class=\"wpforms-submit-container\"><input type=\"hidden\" name=\"wpforms[id]\" value=\"67327\"><input type=\"hidden\" name=\"wpforms[author]\" value=\"1\"><button type=\"submit\" name=\"wpforms[submit]\" id=\"wpforms-submit-67327\" class=\"wpforms-submit\" data-alt-text=\"Enviando...\" data-submit-text=\"Enviar\" aria-live=\"assertive\" value=\"wpforms-submit\">Enviar<\/button><\/div><\/form><\/div>  <!-- .wpforms-container -->\n","protected":false},"excerpt":{"rendered":"<p>Esta novel Unidad acad\u00e9mica, asumi\u00f3 el compromiso de desarrollar una elevada educaci\u00f3n superior jur\u00eddica, que permita insertar exitosamente a sus<\/p>\n","protected":false},"author":1,"featured_media":0,"parent":60,"menu_order":4,"comment_status":"closed","ping_status":"closed","template":"","meta":[],"_links":{"self":[{"href":"https:\/\/archivo.uni.edu.py\/2018-2023\/wp-json\/wp\/v2\/pages\/45493"}],"collection":[{"href":"https:\/\/archivo.uni.edu.py\/2018-2023\/wp-json\/wp\/v2\/pages"}],"about":[{"href":"https:\/\/archivo.uni.edu.py\/2018-2023\/wp-json\/wp\/v2\/types\/page"}],"author":[{"embeddable":true,"href":"https:\/\/archivo.uni.edu.py\/2018-2023\/wp-json\/wp\/v2\/users\/1"}],"replies":[{"embeddable":true,"href":"https:\/\/archivo.uni.edu.py\/2018-2023\/wp-json\/wp\/v2\/comments?post=45493"}],"version-history":[{"count":3,"href":"https:\/\/archivo.uni.edu.py\/2018-2023\/wp-json\/wp\/v2\/pages\/45493\/revisions"}],"predecessor-version":[{"id":80673,"href":"https:\/\/archivo.uni.edu.py\/2018-2023\/wp-json\/wp\/v2\/pages\/45493\/revisions\/80673"}],"up":[{"embeddable":true,"href":"https:\/\/archivo.uni.edu.py\/2018-2023\/wp-json\/wp\/v2\/pages\/60"}],"wp:attachment":[{"href":"https:\/\/archivo.uni.edu.py\/2018-2023\/wp-json\/wp\/v2\/media?parent=45493"}],"curies":[{"name":"wp","href":"https:\/\/api.w.org\/{rel}","templated":true}]}}