{"id":45489,"date":"2017-10-16T13:48:20","date_gmt":"2017-10-16T13:48:20","guid":{"rendered":"http:\/\/test.uni.edu.py\/?page_id=45489"},"modified":"2022-06-07T17:52:49","modified_gmt":"2022-06-07T21:52:49","slug":"carreras-facultad-de-ciencias-economicas-y-administrativas","status":"publish","type":"page","link":"https:\/\/archivo.uni.edu.py\/2018-2023\/carreras\/carreras-facultad-de-ciencias-economicas-y-administrativas\/","title":{"rendered":"Carreras Facultad de Ciencias Econ\u00f3micas y Administrativas"},"content":{"rendered":"<p lang=\"es-PY\" align=\"JUSTIFY\">Fue creada y habilitada por el Consejo de Universidades, el 18 de diciembre del a\u00f1o 1997, seg\u00fan Acta N\u00ba 41. La Facultad de Ciencias Econ\u00f3micas y Administrativas (FaCEA) nace con la Carrera de Ingenier\u00eda Comercial, la cual se inicia en el mes de marzo de 1998 con el Curso Probatorio de Admisi\u00f3n (C.P.A). Para el mismo se inscribieron 235 alumnos, lo cual hizo necesaria la habilitaci\u00f3n de dos secciones; una a la tarde y otra a la noche.<\/p>\n<p lang=\"es-PY\" align=\"JUSTIFY\">Actualmente, la FaCEA cuenta con tres Carreras. La Carrera de Ingenier\u00eda Comercial de la cual ya egresaron 109 Ingenieros Comerciales. Desde el a\u00f1o 2004 se habilitaron dos Carreras m\u00e1s, la Licenciatura en Ciencias Contables y la Licenciatura en Administraci\u00f3n, que funcionan en el turno tarde y noche en la Sede Central de Encarnaci\u00f3n y en el turno noche en las Sedes: Mar\u00eda Auxiliadora, Natalio y Coronel Bogado.<\/p>\n<h5>Carreras Disponibles<\/h5>\n<ul>\n<li>Ingenier\u00eda Comercial<\/li>\n<li>Lic. en Administraci\u00f3n<\/li>\n<li>Lic. en Contadur\u00eda P\u00fablica<\/li>\n<\/ul>\n<h5>Visi\u00f3n<\/h5>\n<p>La Facultad de Ciencias Econ\u00f3micas y Administrativas, forma integralmente a profesionales con responsabilidad social capaces de generar emprendimientos e investigaciones innovadoras, para posicionarse competitivamente en los \u00e1mbitos nacional e internacional, gestores que act\u00faan con \u00e9tica y contribuyen al desarrollo humano y econ\u00f3mico de la sociedad. Su cuerpo acad\u00e9mico tiene una alta productividad cient\u00edfica y tecnol\u00f3gica en \u00e1reas estrat\u00e9gicas de desarrollo y se vinculan fuertemente con su medio, aportando de esta forma al desarrollo cultural y productivo.<\/p>\n<h5>Misi\u00f3n<\/h5>\n<ul>\n<li>La formaci\u00f3n continua de profesionales emprendedores, \u00edntegros y de excelencia en el \u00e1mbito de la Econom\u00eda, la Administraci\u00f3n y la Contabilidad.<\/li>\n<li>La realizaci\u00f3n de investigaciones cient\u00edficas y tecnol\u00f3gicas relativas a su \u00e1rea del conocimiento, para generar e integrar conocimientos que respondan a los problemas del desarrollo Regional y Nacional.<\/li>\n<li>El establecimiento de articulaciones y v\u00ednculos con la sociedad mediante actividades de extensi\u00f3n cultural, cient\u00edfica, tecnol\u00f3gica y de gesti\u00f3n.<\/li>\n<\/ul>\n<h5>Directivos<\/h5>\n<ul style=\"color: #222222;\">\n<li><strong>Decano:<\/strong>\u00a0Dr. Ren\u00e9\u00a0Dami\u00e1n\u00a0Arr\u00faa Torreani<\/li>\n<li><strong>Vice Decana:<\/strong> Dra. Eduarda Susana Lugo Rol\u00f3n<\/li>\n<\/ul>\n<h5><a href=\"http:\/\/uni.edu.py\/wp-content\/uploads\/2017\/12\/Carreras-FACEA.pdf\">Oferta Acad\u00e9mica.<\/a><\/h5>\n<h6>Planes de Estudios<\/h6>\n<ul>\n<li><a href=\"https:\/\/drive.google.com\/file\/d\/1f8eLOnOeL7zSdXAowiILFXv5Mbin-2lK\/view?usp=sharing\">Ing. Comercial\u00a0<\/a><\/li>\n<li><a href=\"https:\/\/facea.uni.edu.py\/wp-content\/uploads\/2018\/12\/Contaduria-Publica-2012.pdf\">Lic. en Contadur\u00eda<\/a><\/li>\n<li><a href=\"https:\/\/facea.uni.edu.py\/wp-content\/uploads\/2018\/12\/Lic.-en-Administraccion-2012.pdf\">Lic. en Administraci\u00f3n<\/a><\/li>\n<\/ul>\n<h3><\/h3>\n<h2>Formulario de Contacto para m\u00e1s Informes<\/h2>\n<div class=\"wpforms-container wpforms-container-full\" id=\"wpforms-67286\"><form id=\"wpforms-form-67286\" class=\"wpforms-validate wpforms-form\" data-formid=\"67286\" method=\"post\" enctype=\"multipart\/form-data\" action=\"\/2018-2023\/wp-json\/wp\/v2\/pages\/45489\" data-token=\"e9f8f80e6637f3e3b31bb2b73728ccae\"><noscript class=\"wpforms-error-noscript\">Por favor, activa JavaScript en tu navegador para completar este formulario.<\/noscript><div class=\"wpforms-field-container\"><div id=\"wpforms-67286-field_0-container\" class=\"wpforms-field wpforms-field-name\" data-field-id=\"0\"><label class=\"wpforms-field-label\" for=\"wpforms-67286-field_0\">Datos <span class=\"wpforms-required-label\">*<\/span><\/label><div class=\"wpforms-field-row wpforms-field-medium\"><div class=\"wpforms-field-row-block wpforms-first wpforms-one-half\"><input type=\"text\" id=\"wpforms-67286-field_0\" class=\"wpforms-field-name-first wpforms-field-required\" name=\"wpforms[fields][0][first]\" required><label for=\"wpforms-67286-field_0\" class=\"wpforms-field-sublabel after \">Nombre<\/label><\/div><div class=\"wpforms-field-row-block wpforms-one-half\"><input type=\"text\" id=\"wpforms-67286-field_0-last\" class=\"wpforms-field-name-last wpforms-field-required\" name=\"wpforms[fields][0][last]\" required><label for=\"wpforms-67286-field_0-last\" class=\"wpforms-field-sublabel after \">Apellidos<\/label><\/div><\/div><\/div><div id=\"wpforms-67286-field_1-container\" class=\"wpforms-field wpforms-field-email\" data-field-id=\"1\"><label class=\"wpforms-field-label\" for=\"wpforms-67286-field_1\">Correo electr\u00f3nico <span class=\"wpforms-required-label\">*<\/span><\/label><input type=\"email\" id=\"wpforms-67286-field_1\" class=\"wpforms-field-medium wpforms-field-required\" name=\"wpforms[fields][1]\" required><\/div><div id=\"wpforms-67286-field_2-container\" class=\"wpforms-field wpforms-field-textarea\" data-field-id=\"2\"><label class=\"wpforms-field-label\" for=\"wpforms-67286-field_2\">Comentario o mensaje <span class=\"wpforms-required-label\">*<\/span><\/label><textarea id=\"wpforms-67286-field_2\" class=\"wpforms-field-medium wpforms-field-required\" name=\"wpforms[fields][2]\" required><\/textarea><\/div><\/div><div class=\"wpforms-field wpforms-field-hp\"><label for=\"wpforms-67286-field-hp\" class=\"wpforms-field-label\">Website<\/label><input type=\"text\" name=\"wpforms[hp]\" id=\"wpforms-67286-field-hp\" class=\"wpforms-field-medium\"><\/div><div class=\"wpforms-recaptcha-container wpforms-is-recaptcha\"><div class=\"g-recaptcha\" data-sitekey=\"6Ld_9b8fAAAAAGY4JChiRpb2w4UJvDoLToAGvLVP\"><\/div><input type=\"text\" name=\"g-recaptcha-hidden\" class=\"wpforms-recaptcha-hidden\" style=\"position:absolute!important;clip:rect(0,0,0,0)!important;height:1px!important;width:1px!important;border:0!important;overflow:hidden!important;padding:0!important;margin:0!important;\" required><\/div><div class=\"wpforms-submit-container\"><input type=\"hidden\" name=\"wpforms[id]\" value=\"67286\"><input type=\"hidden\" name=\"wpforms[author]\" value=\"1\"><button type=\"submit\" name=\"wpforms[submit]\" id=\"wpforms-submit-67286\" class=\"wpforms-submit\" data-alt-text=\"Enviando...\" data-submit-text=\"Enviar\" aria-live=\"assertive\" value=\"wpforms-submit\">Enviar<\/button><\/div><\/form><\/div>  <!-- .wpforms-container -->\n","protected":false},"excerpt":{"rendered":"<p>Fue creada y habilitada por el Consejo de Universidades, el 18 de diciembre del a\u00f1o 1997, seg\u00fan Acta N\u00ba 41.<\/p>\n","protected":false},"author":1,"featured_media":0,"parent":60,"menu_order":2,"comment_status":"closed","ping_status":"closed","template":"","meta":[],"_links":{"self":[{"href":"https:\/\/archivo.uni.edu.py\/2018-2023\/wp-json\/wp\/v2\/pages\/45489"}],"collection":[{"href":"https:\/\/archivo.uni.edu.py\/2018-2023\/wp-json\/wp\/v2\/pages"}],"about":[{"href":"https:\/\/archivo.uni.edu.py\/2018-2023\/wp-json\/wp\/v2\/types\/page"}],"author":[{"embeddable":true,"href":"https:\/\/archivo.uni.edu.py\/2018-2023\/wp-json\/wp\/v2\/users\/1"}],"replies":[{"embeddable":true,"href":"https:\/\/archivo.uni.edu.py\/2018-2023\/wp-json\/wp\/v2\/comments?post=45489"}],"version-history":[{"count":8,"href":"https:\/\/archivo.uni.edu.py\/2018-2023\/wp-json\/wp\/v2\/pages\/45489\/revisions"}],"predecessor-version":[{"id":81940,"href":"https:\/\/archivo.uni.edu.py\/2018-2023\/wp-json\/wp\/v2\/pages\/45489\/revisions\/81940"}],"up":[{"embeddable":true,"href":"https:\/\/archivo.uni.edu.py\/2018-2023\/wp-json\/wp\/v2\/pages\/60"}],"wp:attachment":[{"href":"https:\/\/archivo.uni.edu.py\/2018-2023\/wp-json\/wp\/v2\/media?parent=45489"}],"curies":[{"name":"wp","href":"https:\/\/api.w.org\/{rel}","templated":true}]}}