{"id":45487,"date":"2017-10-16T13:41:01","date_gmt":"2017-10-16T13:41:01","guid":{"rendered":"http:\/\/test.uni.edu.py\/?page_id=45487"},"modified":"2022-04-29T14:04:36","modified_gmt":"2022-04-29T18:04:36","slug":"carreras-de-la-facultad-de-medicina","status":"publish","type":"page","link":"https:\/\/archivo.uni.edu.py\/2018-2023\/carreras\/carreras-de-la-facultad-de-medicina\/","title":{"rendered":"Carreras de la Facultad de Medicina"},"content":{"rendered":"<p style=\"color: #312a1e; text-align: justify;\">La Facultad de Medicina de la Universidad de Itap\u00faa (UNI), cuenta actualmente con una \u00fanica carrera, la cual es: M\u00e9dico Cirujano.<\/p>\n<p style=\"color: #312a1e; text-align: justify;\">La carrera de Medicina,\u00a0fue\u00a0la\u00a0primera carrera de la UNI en ser acreditada por la ANEAES, demostrando de esta forma la excelencia de su\u00a0formaci\u00f3n a nivel Nacional.<\/p>\n<p style=\"color: #312a1e; text-align: justify;\">El m\u00e9dico egresado tiene la suficiente capacidad y sensibilidad social que le permite comprender al individuo inserto en su comunidad y los problemas sanitarios que en ella se generan, y tiene la preparaci\u00f3n\u00a0adecuada para desempe\u00f1arse como un m\u00e9dico eficiente de su comunidad.<\/p>\n<h5>Carreras Disponibles<\/h5>\n<ul>\n<li>Medicina<\/li>\n<\/ul>\n<h5>Breve Historia<\/h5>\n<p>La Facultad de Medicina fue creada como instituci\u00f3n de nivel universitario dentro del marco general de la creaci\u00f3n de la Universidad Nacional de Itap\u00faa por Ley N\u00b0 1009\/96, Resoluci\u00f3n del Consejo de Universidades .Instituci\u00f3n Educativa creada por Ley N\u00b0 1009\/96<\/p>\n<p>La creaci\u00f3n de la Facultad de Medicina de la UNI, fue proyectada, gracias a la voluntad pol\u00edtica de Actores Comunitarios, quienes han percibido la necesidad de la presencia de Profesionales M\u00e9dicos en una Regi\u00f3n geogr\u00e1fica estrat\u00e9gicamente situada en la Frontera con la Rep\u00fablica Argentina.<\/p>\n<p>El nivel acad\u00e9mico de la Instituci\u00f3n se ha fortalecido con la obligatoriedad de contar con Docentes que son capacitados con cursos de Docencia, Gesti\u00f3n y De Metodolog\u00eda de la Investigaci\u00f3n. As\u00ed mismo contar con un Staff de Profesores Investigadores y de Profesores escalafonados hasta Profesor Adjunto, suma al perfil de una Facultad cuya calidad se halla en un sitial prestigioso y privilegiado en el escenario Nacional.<\/p>\n<h5>Visi\u00f3n<\/h5>\n<p>La facultad de Medicina de la UNI es una Instituci\u00f3n de formaci\u00f3n de Profesionales de salud capaces de brindar atenci\u00f3n de calidad y aplicados a la competitividad laboral e investigativa cualquiera sea el escenario de su desempe\u00f1o. Todos los componentes de esta Unidad Acad\u00e9mica se abocan a la extensi\u00f3n cumpliendo con el rol humanitario, social y comunitario de la Universidad Actual. Dentro de este marco y ante nuevos desaf\u00edos de satisfacer otros aspectos como la especializaci\u00f3n de los egresados, el rol en el escenario Regional, Nacional e Internacional vislumbra una Facultad de cara a desaf\u00edos actuales.<\/p>\n<h5>Misi\u00f3n<\/h5>\n<p>La misi\u00f3n de la Facultad de Medicina de la UNI est\u00e1 orientada hacia la Formaci\u00f3n de m\u00e9dicos con capacidades t\u00e9cnicas y aptitudes adquiridas en el contexto socio-cultural y regional de su situaci\u00f3n, dirigidos a satisfacer las necesidades de salud del individuo y de la comunidad. As\u00ed mismo el fomento de la Investigaci\u00f3n y la extensi\u00f3n Universitaria, basado en el conocimiento cient\u00edfico en beneficio social y comunitario.<\/p>\n<h5>Directivos<\/h5>\n<ul>\n<li><strong>Decano:<\/strong>\u00a0Dr. Eligio Fretes Esp\u00ednola<\/li>\n<li><strong>Vice Decana:<\/strong>\u00a0Dra. Liliana Centuri\u00f3n Preda<\/li>\n<\/ul>\n<h5><a href=\"http:\/\/uni.edu.py\/wp-content\/uploads\/2017\/12\/Carreras-Medicina.pdf\">Oferta Acad\u00e9mica.<\/a><\/h5>\n<p>Plan de Estudio:<\/p>\n<ul>\n<li><a href=\"https:\/\/medicina.uni.edu.py\/malla-curricular\/\">Medicina<\/a><\/li>\n<\/ul>\n<h2>Formulario de Contacto para m\u00e1s Informes<\/h2>\n<div class=\"wpforms-container wpforms-container-full\" id=\"wpforms-67323\"><form id=\"wpforms-form-67323\" class=\"wpforms-validate wpforms-form\" data-formid=\"67323\" method=\"post\" enctype=\"multipart\/form-data\" action=\"\/2018-2023\/wp-json\/wp\/v2\/pages\/45487\" data-token=\"7cff5e2ddfde6bd5cac6dd8bbfebcd69\"><noscript class=\"wpforms-error-noscript\">Por favor, activa JavaScript en tu navegador para completar este formulario.<\/noscript><div class=\"wpforms-field-container\"><div id=\"wpforms-67323-field_0-container\" class=\"wpforms-field wpforms-field-name\" data-field-id=\"0\"><label class=\"wpforms-field-label\" for=\"wpforms-67323-field_0\">Datos <span class=\"wpforms-required-label\">*<\/span><\/label><div class=\"wpforms-field-row wpforms-field-medium\"><div class=\"wpforms-field-row-block wpforms-first wpforms-one-half\"><input type=\"text\" id=\"wpforms-67323-field_0\" class=\"wpforms-field-name-first wpforms-field-required\" name=\"wpforms[fields][0][first]\" required><label for=\"wpforms-67323-field_0\" class=\"wpforms-field-sublabel after \">Nombre<\/label><\/div><div class=\"wpforms-field-row-block wpforms-one-half\"><input type=\"text\" id=\"wpforms-67323-field_0-last\" class=\"wpforms-field-name-last wpforms-field-required\" name=\"wpforms[fields][0][last]\" required><label for=\"wpforms-67323-field_0-last\" class=\"wpforms-field-sublabel after \">Apellidos<\/label><\/div><\/div><\/div><div id=\"wpforms-67323-field_1-container\" class=\"wpforms-field wpforms-field-email\" data-field-id=\"1\"><label class=\"wpforms-field-label\" for=\"wpforms-67323-field_1\">Correo electr\u00f3nico <span class=\"wpforms-required-label\">*<\/span><\/label><input type=\"email\" id=\"wpforms-67323-field_1\" class=\"wpforms-field-medium wpforms-field-required\" name=\"wpforms[fields][1]\" required><\/div><div id=\"wpforms-67323-field_2-container\" class=\"wpforms-field wpforms-field-textarea\" data-field-id=\"2\"><label class=\"wpforms-field-label\" for=\"wpforms-67323-field_2\">Comentario o mensaje <span class=\"wpforms-required-label\">*<\/span><\/label><textarea id=\"wpforms-67323-field_2\" class=\"wpforms-field-medium wpforms-field-required\" name=\"wpforms[fields][2]\" required><\/textarea><\/div><\/div><div class=\"wpforms-field wpforms-field-hp\"><label for=\"wpforms-67323-field-hp\" class=\"wpforms-field-label\">Phone<\/label><input type=\"text\" name=\"wpforms[hp]\" id=\"wpforms-67323-field-hp\" class=\"wpforms-field-medium\"><\/div><div class=\"wpforms-recaptcha-container wpforms-is-recaptcha\"><div class=\"g-recaptcha\" data-sitekey=\"6Ld_9b8fAAAAAGY4JChiRpb2w4UJvDoLToAGvLVP\"><\/div><input type=\"text\" name=\"g-recaptcha-hidden\" class=\"wpforms-recaptcha-hidden\" style=\"position:absolute!important;clip:rect(0,0,0,0)!important;height:1px!important;width:1px!important;border:0!important;overflow:hidden!important;padding:0!important;margin:0!important;\" required><\/div><div class=\"wpforms-submit-container\"><input type=\"hidden\" name=\"wpforms[id]\" value=\"67323\"><input type=\"hidden\" name=\"wpforms[author]\" value=\"1\"><button type=\"submit\" name=\"wpforms[submit]\" id=\"wpforms-submit-67323\" class=\"wpforms-submit\" data-alt-text=\"Enviando...\" data-submit-text=\"Enviar\" aria-live=\"assertive\" value=\"wpforms-submit\">Enviar<\/button><\/div><\/form><\/div>  <!-- .wpforms-container -->\n","protected":false},"excerpt":{"rendered":"<p>La Facultad de Medicina de la Universidad de Itap\u00faa (UNI), cuenta actualmente con una \u00fanica carrera, la cual es: M\u00e9dico<\/p>\n","protected":false},"author":1,"featured_media":0,"parent":60,"menu_order":1,"comment_status":"closed","ping_status":"closed","template":"","meta":[],"_links":{"self":[{"href":"https:\/\/archivo.uni.edu.py\/2018-2023\/wp-json\/wp\/v2\/pages\/45487"}],"collection":[{"href":"https:\/\/archivo.uni.edu.py\/2018-2023\/wp-json\/wp\/v2\/pages"}],"about":[{"href":"https:\/\/archivo.uni.edu.py\/2018-2023\/wp-json\/wp\/v2\/types\/page"}],"author":[{"embeddable":true,"href":"https:\/\/archivo.uni.edu.py\/2018-2023\/wp-json\/wp\/v2\/users\/1"}],"replies":[{"embeddable":true,"href":"https:\/\/archivo.uni.edu.py\/2018-2023\/wp-json\/wp\/v2\/comments?post=45487"}],"version-history":[{"count":3,"href":"https:\/\/archivo.uni.edu.py\/2018-2023\/wp-json\/wp\/v2\/pages\/45487\/revisions"}],"predecessor-version":[{"id":80653,"href":"https:\/\/archivo.uni.edu.py\/2018-2023\/wp-json\/wp\/v2\/pages\/45487\/revisions\/80653"}],"up":[{"embeddable":true,"href":"https:\/\/archivo.uni.edu.py\/2018-2023\/wp-json\/wp\/v2\/pages\/60"}],"wp:attachment":[{"href":"https:\/\/archivo.uni.edu.py\/2018-2023\/wp-json\/wp\/v2\/media?parent=45487"}],"curies":[{"name":"wp","href":"https:\/\/api.w.org\/{rel}","templated":true}]}}