{"id":45485,"date":"2017-10-16T13:34:37","date_gmt":"2017-10-16T13:34:37","guid":{"rendered":"http:\/\/test.uni.edu.py\/?page_id=45485"},"modified":"2022-05-02T18:22:12","modified_gmt":"2022-05-02T22:22:12","slug":"carreras-de-la-facultad-de-ingenieria","status":"publish","type":"page","link":"https:\/\/archivo.uni.edu.py\/2018-2023\/carreras\/carreras-de-la-facultad-de-ingenieria\/","title":{"rendered":"Carreras de la Facultad de Ingenier\u00eda"},"content":{"rendered":"<p>Es una organizaci\u00f3n acreditada, abierta y din\u00e1mica, garantizando la formaci\u00f3n de ingenieros emprendedores sociales, con calidad humana cient\u00edfica y tecnol\u00f3gica que comprendan y apliquen los principios b\u00e1sicos de la Ingenier\u00eda vinculada a la sociedad del conocimiento. Dando as\u00ed soluciones a problemas de la poblaci\u00f3n de Itap\u00faa.<\/p>\n<h5>Carreras Disponibles<\/h5>\n<ul>\n<li>Ingenier\u00eda Civil<\/li>\n<li>Ingenier\u00eda Inform\u00e1tica<\/li>\n<li>Ingenier\u00eda Electromec\u00e1nica<\/li>\n<\/ul>\n<h5>Breve Historia<\/h5>\n<p>Nace con la creaci\u00f3n de la Universidad Nacional de Itap\u00faa, en el a\u00f1o 1996 por ley N\u00ba 1009\/96, con dos unidades acad\u00e9micas , la Facultad de Ingenier\u00eda Electromec\u00e1nica y la Facultad de Medicina. Posteriormente en el a\u00f1o 2001 se cambia la denominaci\u00f3n de Facultad de Ingenier\u00eda Electromec\u00e1nica y pasa a ser Facultad de Ingenier\u00eda, actualmente cuenta con tres carreras de grado, 2 maestr\u00edas, y varias especializaciones y diplomados, todas \u00e9stas reconocidas por el Consejo de Universidades del Paraguay.<\/p>\n<h5>Visi\u00f3n<\/h5>\n<p>Ser una organizaci\u00f3n acreditada, abierta y din\u00e1mica garantizando la formaci\u00f3n de ingenieros emprendedores sociales, con calidad humana , cient\u00edfica y tecnol\u00f3gica que comprendan y apliquen los principios b\u00e1sicos de la ingenier\u00eda vinculada a la sociedad del conocimiento, a la soluci\u00f3n los problemas de la poblaci\u00f3n de Itap\u00faa, del pa\u00eds y de la regi\u00f3n. Ser una instituci\u00f3n l\u00edder con prestigio nacional e internacional y polo de desarrollo cient\u00edfico-tecnol\u00f3gico nacional de avanzada, que impulse el crecimiento socio-econ\u00f3mico de Itap\u00faa, el pa\u00eds y la regi\u00f3n.<\/p>\n<h5>Misi\u00f3n<\/h5>\n<p>La Facultad de Ingenier\u00eda de la Universidad Nacional de Itap\u00faa tiene como misi\u00f3n: Impulsar el desarrollo cient\u00edfico \u2013 tecnol\u00f3gico y socioecon\u00f3mico, local, nacional y regional.<\/p>\n<p>Formar a los j\u00f3venes de la regi\u00f3n como ingenieros emprendedores sociales creativos.<\/p>\n<h5>Autoridades<\/h5>\n<ul>\n<li><strong>Decano:<\/strong>\u00a0Prof. Ing. Oscar D. Trochez Valdez<\/li>\n<li><strong>Vice Decano:<\/strong> Prof. Ing. Gladys Mingo Bogado<\/li>\n<\/ul>\n<h5><a href=\"https:\/\/uni.edu.py\/wp-content\/uploads\/2017\/12\/Carreras-Ingenieria.pdf\">Oferta y Requisitos.<\/a><\/h5>\n<h6>Planes de Estudio<\/h6>\n<ul>\n<li><a href=\"https:\/\/www.fiuni.edu.py\/284-2\/\">Ing.\u00a0 Civil\u00a0<\/a><\/li>\n<li><a href=\"https:\/\/www.fiuni.edu.py\/290-2\/\">Ing.\u00a0 Inform\u00e1tica\u00a0<\/a><\/li>\n<li><a href=\"https:\/\/www.fiuni.edu.py\/274-2\/\">Ing. Electromec\u00e1nica<\/a><\/li>\n<\/ul>\n<h2>Formulario de Contacto para m\u00e1s Informes<\/h2>\n<div class=\"wpforms-container wpforms-container-full\" id=\"wpforms-67284\"><form id=\"wpforms-form-67284\" class=\"wpforms-validate wpforms-form\" data-formid=\"67284\" method=\"post\" enctype=\"multipart\/form-data\" action=\"\/2018-2023\/wp-json\/wp\/v2\/pages\/45485\" data-token=\"e0f675cd046debd67daf796fee6de5dd\"><noscript class=\"wpforms-error-noscript\">Por favor, activa JavaScript en tu navegador para completar este formulario.<\/noscript><div class=\"wpforms-field-container\"><div id=\"wpforms-67284-field_0-container\" class=\"wpforms-field wpforms-field-name\" data-field-id=\"0\"><label class=\"wpforms-field-label\" for=\"wpforms-67284-field_0\">Datos <span class=\"wpforms-required-label\">*<\/span><\/label><div class=\"wpforms-field-row wpforms-field-medium\"><div class=\"wpforms-field-row-block wpforms-first wpforms-one-half\"><input type=\"text\" id=\"wpforms-67284-field_0\" class=\"wpforms-field-name-first wpforms-field-required\" name=\"wpforms[fields][0][first]\" required><label for=\"wpforms-67284-field_0\" class=\"wpforms-field-sublabel after \">Nombre<\/label><\/div><div class=\"wpforms-field-row-block wpforms-one-half\"><input type=\"text\" id=\"wpforms-67284-field_0-last\" class=\"wpforms-field-name-last wpforms-field-required\" name=\"wpforms[fields][0][last]\" required><label for=\"wpforms-67284-field_0-last\" class=\"wpforms-field-sublabel after \">Apellidos<\/label><\/div><\/div><\/div><div id=\"wpforms-67284-field_1-container\" class=\"wpforms-field wpforms-field-email\" data-field-id=\"1\"><label class=\"wpforms-field-label\" for=\"wpforms-67284-field_1\">Correo electr\u00f3nico <span class=\"wpforms-required-label\">*<\/span><\/label><input type=\"email\" id=\"wpforms-67284-field_1\" class=\"wpforms-field-medium wpforms-field-required\" name=\"wpforms[fields][1]\" required><\/div><div id=\"wpforms-67284-field_2-container\" class=\"wpforms-field wpforms-field-textarea\" data-field-id=\"2\"><label class=\"wpforms-field-label\" for=\"wpforms-67284-field_2\">Comentario o mensaje <span class=\"wpforms-required-label\">*<\/span><\/label><textarea id=\"wpforms-67284-field_2\" class=\"wpforms-field-medium wpforms-field-required\" name=\"wpforms[fields][2]\" required><\/textarea><\/div><\/div><div class=\"wpforms-field wpforms-field-hp\"><label for=\"wpforms-67284-field-hp\" class=\"wpforms-field-label\">Message<\/label><input type=\"text\" name=\"wpforms[hp]\" id=\"wpforms-67284-field-hp\" class=\"wpforms-field-medium\"><\/div><div class=\"wpforms-recaptcha-container wpforms-is-recaptcha\"><div class=\"g-recaptcha\" data-sitekey=\"6Ld_9b8fAAAAAGY4JChiRpb2w4UJvDoLToAGvLVP\"><\/div><input type=\"text\" name=\"g-recaptcha-hidden\" class=\"wpforms-recaptcha-hidden\" style=\"position:absolute!important;clip:rect(0,0,0,0)!important;height:1px!important;width:1px!important;border:0!important;overflow:hidden!important;padding:0!important;margin:0!important;\" required><\/div><div class=\"wpforms-submit-container\"><input type=\"hidden\" name=\"wpforms[id]\" value=\"67284\"><input type=\"hidden\" name=\"wpforms[author]\" value=\"1\"><button type=\"submit\" name=\"wpforms[submit]\" id=\"wpforms-submit-67284\" class=\"wpforms-submit\" data-alt-text=\"Enviando...\" data-submit-text=\"Enviar\" aria-live=\"assertive\" value=\"wpforms-submit\">Enviar<\/button><\/div><\/form><\/div>  <!-- .wpforms-container -->\n","protected":false},"excerpt":{"rendered":"<p>Es una organizaci\u00f3n acreditada, abierta y din\u00e1mica, garantizando la formaci\u00f3n de ingenieros emprendedores sociales, con calidad humana cient\u00edfica y tecnol\u00f3gica<\/p>\n","protected":false},"author":1,"featured_media":0,"parent":60,"menu_order":0,"comment_status":"closed","ping_status":"closed","template":"","meta":[],"_links":{"self":[{"href":"https:\/\/archivo.uni.edu.py\/2018-2023\/wp-json\/wp\/v2\/pages\/45485"}],"collection":[{"href":"https:\/\/archivo.uni.edu.py\/2018-2023\/wp-json\/wp\/v2\/pages"}],"about":[{"href":"https:\/\/archivo.uni.edu.py\/2018-2023\/wp-json\/wp\/v2\/types\/page"}],"author":[{"embeddable":true,"href":"https:\/\/archivo.uni.edu.py\/2018-2023\/wp-json\/wp\/v2\/users\/1"}],"replies":[{"embeddable":true,"href":"https:\/\/archivo.uni.edu.py\/2018-2023\/wp-json\/wp\/v2\/comments?post=45485"}],"version-history":[{"count":9,"href":"https:\/\/archivo.uni.edu.py\/2018-2023\/wp-json\/wp\/v2\/pages\/45485\/revisions"}],"predecessor-version":[{"id":97484,"href":"https:\/\/archivo.uni.edu.py\/2018-2023\/wp-json\/wp\/v2\/pages\/45485\/revisions\/97484"}],"up":[{"embeddable":true,"href":"https:\/\/archivo.uni.edu.py\/2018-2023\/wp-json\/wp\/v2\/pages\/60"}],"wp:attachment":[{"href":"https:\/\/archivo.uni.edu.py\/2018-2023\/wp-json\/wp\/v2\/media?parent=45485"}],"curies":[{"name":"wp","href":"https:\/\/api.w.org\/{rel}","templated":true}]}}