{"id":2041,"date":"2013-10-09T14:51:51","date_gmt":"2013-10-09T14:51:51","guid":{"rendered":"http:\/\/uni.edu.py\/?page_id=2041"},"modified":"2013-10-09T14:51:51","modified_gmt":"2013-10-09T14:51:51","slug":"deportes","status":"publish","type":"page","link":"https:\/\/archivo.uni.edu.py\/2018-2023\/bienestar-universitario\/deportes\/","title":{"rendered":"Deportes"},"content":{"rendered":"<p>Esta divisi\u00f3n tiene el objetivo de fomentar la pr\u00e1ctica de los deportes tanto a los estudiantes como a funcionarios de la UNI, teniendo en cuenta que el deporte tiene una gran influencia en la sociedad; destaca de manera notable y tiene una gran importancia en la cultura y en la construcci\u00f3n de la identidad sociocultural e incluso nacional. En el \u00e1mbito pr\u00e1ctico, el deporte tiene efectos tangibles y predominantemente positivos en las esferas de la educaci\u00f3n, la econom\u00eda y la salud p\u00fablica.\u00a0Por lo tanto,\u00a0el deporte entendido como actividad motriz representa un fundamento y una condici\u00f3n importante, no s\u00f3lo para el desarrollo f\u00edsico, sino tambi\u00e9n para el desarrollo intelectual y socio-afectivo.<\/p>\n<p>Entre las distintas actividades que se desarrollan en esta divisi\u00f3n podemos citar las siguientes:<\/p>\n<ul>\n<li>Torneo de Futsal FIFA de Funcionario de la UNI.<\/li>\n<li>Participaci\u00f3n y apoyo al equipo de la UNI en el torneo de Instituciones P\u00fablicas de f\u00fatbol de sal\u00f3n.<\/li>\n<li>Acompa\u00f1amiento en la UNImpiadas al Centro de Estudiantes.<\/li>\n<li>Participaci\u00f3n en el Proyecto de Alfabetizacion de Adultos como docente en el \u00e1rea deportiva a jefes de familia.<\/li>\n<li>Acompa\u00f1amiento en t\u00e9cnicas deportivas a los ni\u00f1os de CENADE.<\/li>\n<li>Apoyo a los estudiantes becados provenientes de otros pa\u00edses.<\/li>\n<li>T\u00e9cnica de relajaci\u00f3n en la charla de trabajo en equipo brindado a los funcionarios de Medicina por el Dpto. de Orientaci\u00f3n y RRHH.<\/li>\n<li>Pr\u00f3ximamente se llevar\u00e1 a cabo con la divisi\u00f3n de Orientaci\u00f3n y A. Social y Servicios M\u00e9dicos, del Departamento de Bienestar Universitario, el Proyecto PROVIDA para el bienestar f\u00edsico y emocional de funcionarios de la UNI.<\/li>\n<\/ul>\n<h2>Responsable<\/h2>\n<ul>\n<li>Prof. Julian Garc\u00eda<\/li>\n<\/ul>\n<h3 align=\"JUSTIFY\">Contacto<\/h3>\n<p style=\"padding-left: 30px;\" align=\"JUSTIFY\"><strong>E-mail:<\/strong>\u00a0<a href=\"mailto:bienestar@uni.edu.py\">bienestar@uni.edu.py<br \/>\n<\/a><\/p>\n<p style=\"padding-left: 30px;\" align=\"JUSTIFY\"><strong>Celular: <\/strong>(+585)(985) 716 332<\/p>\n<p style=\"padding-left: 30px;\" align=\"JUSTIFY\"><strong>Tel\u00e9fono:<\/strong>\u00a0(+585)(71) 206 990\u00a0<strong>interno<\/strong>\u00a0142.\u00a0<em>Pedir comunicaci\u00f3n con Dpto. de Bienestar Universitario y preguntar por el encargado de esta divisi\u00f3n<\/em><\/p>\n","protected":false},"excerpt":{"rendered":"<p>Esta divisi\u00f3n tiene el objetivo de fomentar la pr\u00e1ctica de los deportes tanto a los estudiantes como a funcionarios de<\/p>\n","protected":false},"author":1,"featured_media":2054,"parent":1562,"menu_order":0,"comment_status":"open","ping_status":"open","template":"","meta":[],"_links":{"self":[{"href":"https:\/\/archivo.uni.edu.py\/2018-2023\/wp-json\/wp\/v2\/pages\/2041"}],"collection":[{"href":"https:\/\/archivo.uni.edu.py\/2018-2023\/wp-json\/wp\/v2\/pages"}],"about":[{"href":"https:\/\/archivo.uni.edu.py\/2018-2023\/wp-json\/wp\/v2\/types\/page"}],"author":[{"embeddable":true,"href":"https:\/\/archivo.uni.edu.py\/2018-2023\/wp-json\/wp\/v2\/users\/1"}],"replies":[{"embeddable":true,"href":"https:\/\/archivo.uni.edu.py\/2018-2023\/wp-json\/wp\/v2\/comments?post=2041"}],"version-history":[{"count":0,"href":"https:\/\/archivo.uni.edu.py\/2018-2023\/wp-json\/wp\/v2\/pages\/2041\/revisions"}],"up":[{"embeddable":true,"href":"https:\/\/archivo.uni.edu.py\/2018-2023\/wp-json\/wp\/v2\/pages\/1562"}],"wp:featuredmedia":[{"embeddable":true,"href":"https:\/\/archivo.uni.edu.py\/2018-2023\/wp-json\/"}],"wp:attachment":[{"href":"https:\/\/archivo.uni.edu.py\/2018-2023\/wp-json\/wp\/v2\/media?parent=2041"}],"curies":[{"name":"wp","href":"https:\/\/api.w.org\/{rel}","templated":true}]}}