{"id":2033,"date":"2013-10-09T12:13:07","date_gmt":"2013-10-09T12:13:07","guid":{"rendered":"http:\/\/uni.edu.py\/?page_id=2033"},"modified":"2023-08-01T10:38:42","modified_gmt":"2023-08-01T14:38:42","slug":"orientacion-y-asistencia-social","status":"publish","type":"page","link":"https:\/\/archivo.uni.edu.py\/2018-2023\/bienestar-universitario\/orientacion-y-asistencia-social\/","title":{"rendered":"Orientaci\u00f3n y Asistencia Social"},"content":{"rendered":"<p>La Divisi\u00f3n de Orientaci\u00f3n y Asistencia Social fue creada con el objetivo de brindar contenci\u00f3n emocional, orientaci\u00f3n vocacional, asistencia terap\u00e9utica individual a funcionarios, hijos de funcionarios y estudiantes de la UNI, entre otras actividades, dentro de las funciones que se llevan a cabo y las actividades ejecutadas\u00a0por el departamento, podemos citar las siguientes:<\/p>\n<ul>\n<li>Orientaci\u00f3n y Contenci\u00f3n emocional a estudiantes y funcionarios de la UNI.<\/li>\n<li>Terapia individual a funcionarios, hijos de funcionarios y estudiantes de la UNI.<\/li>\n<li>Charla sobre Trabajo en equipo a los funcionarios del \u00e1rea de Servicio Generales, beneficiados 20 personas, en el mes de febrero de este a\u00f1o.<\/li>\n<li>Acompa\u00f1amiento al Proyecto de Alfabetizaci\u00f3n de Adultos en el Barrio San Pedro Vivienda Etapa 4 en el \u00e1rea de Psicolog\u00eda con charlas y consultorio.<\/li>\n<li>Proyecto de Detecci\u00f3n de Diabetes en Funcionarios de la UNI en el mes de mayo-junio de este a\u00f1o, conjuntamente con el Dpto. de Servicios M\u00e9dicos, los beneficiados fueron: 136 funcionarios del rectorado.<\/li>\n<li>Charla sobre Trabajo en Equipo, Autoestima en el trabajo y Motivaci\u00f3n a los funcionarios de Medicina, beneficiados: 35 funcionarios en el mes de Agosto de este a\u00f1o.<\/li>\n<li>Hasta la fecha han sido asistidas 71 personas dentro de dicho Dpto. correspondiente al a\u00f10 2013.<\/li>\n<li>Evaluaci\u00f3n psicol\u00f3gica hasta la fecha de 15 estudiantes de la UNI.<\/li>\n<\/ul>\n<h4>Responsable<\/h4>\n<ul>\n<li>Mg. Nidia Gonz\u00e1lez<\/li>\n<\/ul>\n<h4 align=\"JUSTIFY\">Contacto<\/h4>\n<p align=\"JUSTIFY\"><strong>E-mail:<\/strong>\u00a0<a href=\"mailto:bienestar@uni.edu.py\">bienestar@uni.edu.py<\/a><\/p>\n<p align=\"JUSTIFY\">\n","protected":false},"excerpt":{"rendered":"<p>La Divisi\u00f3n de Orientaci\u00f3n y Asistencia Social fue creada con el objetivo de brindar contenci\u00f3n emocional, orientaci\u00f3n vocacional, asistencia terap\u00e9utica<\/p>\n","protected":false},"author":1,"featured_media":2034,"parent":1562,"menu_order":0,"comment_status":"open","ping_status":"closed","template":"","meta":[],"_links":{"self":[{"href":"https:\/\/archivo.uni.edu.py\/2018-2023\/wp-json\/wp\/v2\/pages\/2033"}],"collection":[{"href":"https:\/\/archivo.uni.edu.py\/2018-2023\/wp-json\/wp\/v2\/pages"}],"about":[{"href":"https:\/\/archivo.uni.edu.py\/2018-2023\/wp-json\/wp\/v2\/types\/page"}],"author":[{"embeddable":true,"href":"https:\/\/archivo.uni.edu.py\/2018-2023\/wp-json\/wp\/v2\/users\/1"}],"replies":[{"embeddable":true,"href":"https:\/\/archivo.uni.edu.py\/2018-2023\/wp-json\/wp\/v2\/comments?post=2033"}],"version-history":[{"count":2,"href":"https:\/\/archivo.uni.edu.py\/2018-2023\/wp-json\/wp\/v2\/pages\/2033\/revisions"}],"predecessor-version":[{"id":93199,"href":"https:\/\/archivo.uni.edu.py\/2018-2023\/wp-json\/wp\/v2\/pages\/2033\/revisions\/93199"}],"up":[{"embeddable":true,"href":"https:\/\/archivo.uni.edu.py\/2018-2023\/wp-json\/wp\/v2\/pages\/1562"}],"wp:featuredmedia":[{"embeddable":true,"href":"https:\/\/archivo.uni.edu.py\/2018-2023\/wp-json\/"}],"wp:attachment":[{"href":"https:\/\/archivo.uni.edu.py\/2018-2023\/wp-json\/wp\/v2\/media?parent=2033"}],"curies":[{"name":"wp","href":"https:\/\/api.w.org\/{rel}","templated":true}]}}