{"id":1888,"date":"2013-10-03T17:04:04","date_gmt":"2013-10-03T17:04:04","guid":{"rendered":"http:\/\/uni.edu.py\/?page_id=1888"},"modified":"2013-10-03T17:04:04","modified_gmt":"2013-10-03T17:04:04","slug":"servicios-medicos","status":"publish","type":"page","link":"https:\/\/archivo.uni.edu.py\/2018-2023\/bienestar-universitario\/servicios-medicos\/","title":{"rendered":"Servicios M\u00e9dicos"},"content":{"rendered":"<h4>\u00abMEJORANDO LA CALIDAD DE VIDA Y EDUCACI\u00d3N PARA LA SALUD DE LA COMUNIDAD UNIVERSITARIA\u00bb<\/h4>\n<h2>Objetivo General<\/h2>\n<p style=\"text-align: justify;\">Concienciar a los j\u00f3venes universitarios y todo el plantel de la universidad nacional de Itap\u00faa sobre la importancia de la educaci\u00f3n para la salud y prevenci\u00f3n de enfermedades.<\/p>\n<h2>Objetivo Especifico<\/h2>\n<ul>\n<li>Dar a conocer la importancia de practicar una vida sana a todo el plantel de la U.N.I.<\/li>\n<li>Identificar los m\u00e9todos existentes para la prevenci\u00f3n de enfermedades.<\/li>\n<li>Brindar calidad de atenci\u00f3n de enfermer\u00eda, a todos los que componen el campo universitario.<\/li>\n<li>Promocionar la salud para poder llegar a muchos hogares a trav\u00e9s de los j\u00f3venes universitarios.<\/li>\n<\/ul>\n<h2>Metas<\/h2>\n<p style=\"text-align: justify;\">Reducir los niveles de embarazos no deseados y abortos provocados , como as\u00ed tambi\u00e9n las enfermedades de transmisi\u00f3n sexual, accidentes y enfermedades en general principalmente en j\u00f3venes en un periodo de tiempo considerado., teniendo en cuenta que es un proceso de concienciaci\u00f3n y de llevar a la pr\u00e1ctica.<\/p>\n<h2>Logros<\/h2>\n<p>Desde el 2010 a\u00f1o en que se inicia servicios m\u00e9dicos hasta la fecha se ha logrado obtener:<\/p>\n<ul>\n<li>Club de donantes de sangre universitario (UNI-vida).<\/li>\n<li>Fichas medicas a funcionarios.<\/li>\n<li>Proyectos de extensi\u00f3n en forma conjunta con orientaci\u00f3n, deportes, educaci\u00f3n.<\/li>\n<li>Atenci\u00f3n de enfermer\u00eda a m\u00e1s de 600 personas en el servicio.<\/li>\n<li>Atenci\u00f3n en los juegos de las UNIMPIADAS.<\/li>\n<\/ul>\n<p>&nbsp;<\/p>\n<h3 align=\"JUSTIFY\">Contacto<\/h3>\n<p align=\"JUSTIFY\"><strong>E-mail:<\/strong>\u00a0<a href=\"mailto:bienestar@uni.edu.py\">bienestar@uni.edu.py<\/a><\/p>\n<p align=\"JUSTIFY\"><strong>Tel\u00e9fono:<\/strong>\u00a0(+585)(71) 206 990\u00a0interno\u00a0142.\u00a0<em>Pedir comunicaci\u00f3n con Dpto. de Bienestar Universitario y preguntar por la encargada de esta divisi\u00f3n<\/em><\/p>\n","protected":false},"excerpt":{"rendered":"<p>\u00abMEJORANDO LA CALIDAD DE VIDA Y EDUCACI\u00d3N PARA LA SALUD DE LA COMUNIDAD UNIVERSITARIA\u00bb Objetivo General Concienciar a los j\u00f3venes<\/p>\n","protected":false},"author":1,"featured_media":1889,"parent":1562,"menu_order":0,"comment_status":"open","ping_status":"open","template":"","meta":[],"_links":{"self":[{"href":"https:\/\/archivo.uni.edu.py\/2018-2023\/wp-json\/wp\/v2\/pages\/1888"}],"collection":[{"href":"https:\/\/archivo.uni.edu.py\/2018-2023\/wp-json\/wp\/v2\/pages"}],"about":[{"href":"https:\/\/archivo.uni.edu.py\/2018-2023\/wp-json\/wp\/v2\/types\/page"}],"author":[{"embeddable":true,"href":"https:\/\/archivo.uni.edu.py\/2018-2023\/wp-json\/wp\/v2\/users\/1"}],"replies":[{"embeddable":true,"href":"https:\/\/archivo.uni.edu.py\/2018-2023\/wp-json\/wp\/v2\/comments?post=1888"}],"version-history":[{"count":0,"href":"https:\/\/archivo.uni.edu.py\/2018-2023\/wp-json\/wp\/v2\/pages\/1888\/revisions"}],"up":[{"embeddable":true,"href":"https:\/\/archivo.uni.edu.py\/2018-2023\/wp-json\/wp\/v2\/pages\/1562"}],"wp:featuredmedia":[{"embeddable":true,"href":"https:\/\/archivo.uni.edu.py\/2018-2023\/wp-json\/"}],"wp:attachment":[{"href":"https:\/\/archivo.uni.edu.py\/2018-2023\/wp-json\/wp\/v2\/media?parent=1888"}],"curies":[{"name":"wp","href":"https:\/\/api.w.org\/{rel}","templated":true}]}}