{"id":1562,"date":"2013-09-23T16:30:51","date_gmt":"2013-09-23T16:30:51","guid":{"rendered":"http:\/\/uni.edu.py\/?page_id=1562"},"modified":"2017-10-23T11:41:37","modified_gmt":"2017-10-23T11:41:37","slug":"bienestar-universitario","status":"publish","type":"page","link":"https:\/\/archivo.uni.edu.py\/2018-2023\/bienestar-universitario\/","title":{"rendered":"Bienestar Universitario"},"content":{"rendered":"<blockquote>\n<p style=\"text-align: center;\"><i>El Departamento de Bienestar Universitario tiene como misi\u00f3n, planificar, organizar, ejecutar y controlar los programas de bienestar universitario de funcionarios y estudiantes de la Instituci\u00f3n.<\/i><\/p>\n<\/blockquote>\n<h2 style=\"text-align: justify;\">Funciones<\/h2>\n<ul type=\"disc\">\n<li>Planificar, dirigir y difundir los procesos de orientaci\u00f3n profesional.<\/li>\n<li>Coordinar las actividades de los servicios de salud, con facultad afines.<\/li>\n<li>Proponer al Rector programas de becas, est\u00edmulos y ayudas.<\/li>\n<li>Difundir la informaci\u00f3n sobre becas, pasant\u00edas y m\u00e1s beneficios.<\/li>\n<li>Informar semestral al Director Acad\u00e9mico de las actividades realizadas.<\/li>\n<li>Las dem\u00e1s que se\u00f1alan la Ley, el Estatuto y los reglamentos.<\/li>\n<\/ul>\n<h2>Organigrama<\/h2>\n<p>El departamento de Bienestar Universitario se divide en cuatro grandes unidades que son:<\/p>\n<ul>\n<li><a title=\"Ver las Becas y Oportunidades para Estudiantes de la UNI\" href=\"becas-y-oportunidades\" target=\"_blank\" rel=\"noopener\">Becas y Oportunidades<\/a><\/li>\n<li><a title=\"Conocer de los Servicios M\u00e9dicos de la UNI\" href=\"servicios-medicos\" target=\"_blank\" rel=\"noopener\">Servicios M\u00e9dicos<\/a><\/li>\n<li><a title=\"Conozca las actividades y objetivos de la Divisi\u00f3n de Orientaci\u00f3n y A. Social\" href=\"orientacion-y-asistencia-social\" target=\"_blank\" rel=\"noopener\">Orientaci\u00f3n y Asistencia Social<\/a><\/li>\n<li><a title=\"Conocer actividades de la Divisi\u00f3n de Deportes\" href=\"deportes\" target=\"_blank\" rel=\"noopener\">Deportes<\/a><\/li>\n<\/ul>\n<h3>Contacto<\/h3>\n<p align=\"JUSTIFY\"><strong>E-mail:<\/strong>\u00a0<a href=\"mailto:bienestar@uni.edu.py\">bienestar@uni.edu.py<\/a><\/p>\n<p align=\"JUSTIFY\"><strong>Tel\u00e9fono:<\/strong>\u00a0(+585)(71) 206 990\u00a0<strong>interno<\/strong>\u00a0142.\u00a0<em>Pedir comunicaci\u00f3n con Dpto. de Bienestar Universitario<\/em><\/p>\n","protected":false},"excerpt":{"rendered":"<p>El Departamento de Bienestar Universitario tiene como misi\u00f3n, planificar, organizar, ejecutar y controlar los programas de bienestar universitario de funcionarios<\/p>\n","protected":false},"author":1,"featured_media":1563,"parent":0,"menu_order":0,"comment_status":"open","ping_status":"open","template":"","meta":[],"_links":{"self":[{"href":"https:\/\/archivo.uni.edu.py\/2018-2023\/wp-json\/wp\/v2\/pages\/1562"}],"collection":[{"href":"https:\/\/archivo.uni.edu.py\/2018-2023\/wp-json\/wp\/v2\/pages"}],"about":[{"href":"https:\/\/archivo.uni.edu.py\/2018-2023\/wp-json\/wp\/v2\/types\/page"}],"author":[{"embeddable":true,"href":"https:\/\/archivo.uni.edu.py\/2018-2023\/wp-json\/wp\/v2\/users\/1"}],"replies":[{"embeddable":true,"href":"https:\/\/archivo.uni.edu.py\/2018-2023\/wp-json\/wp\/v2\/comments?post=1562"}],"version-history":[{"count":0,"href":"https:\/\/archivo.uni.edu.py\/2018-2023\/wp-json\/wp\/v2\/pages\/1562\/revisions"}],"wp:featuredmedia":[{"embeddable":true,"href":"https:\/\/archivo.uni.edu.py\/2018-2023\/wp-json\/"}],"wp:attachment":[{"href":"https:\/\/archivo.uni.edu.py\/2018-2023\/wp-json\/wp\/v2\/media?parent=1562"}],"curies":[{"name":"wp","href":"https:\/\/api.w.org\/{rel}","templated":true}]}}