{"id":1072,"date":"2013-09-11T15:54:02","date_gmt":"2013-09-11T15:54:02","guid":{"rendered":"http:\/\/campus.uni.edu.py\/v2\/?page_id=1072"},"modified":"2017-11-20T13:35:55","modified_gmt":"2017-11-20T13:35:55","slug":"becas-por-convenios","status":"publish","type":"page","link":"https:\/\/archivo.uni.edu.py\/2018-2023\/bienestar-universitario\/becas-y-oportunidades\/becas-por-convenios\/","title":{"rendered":"Becas por Convenios"},"content":{"rendered":"<h4>Convenio UNI \u2013 Gob. de Itap\u00faa, para Egresados sobresalientes de Educaci\u00f3n Media<\/h4>\n<h5>Criterios<\/h5>\n<p>La convocatoria se encarga la Gobernaci\u00f3n de Itap\u00faa en conjunto con la UNI. Consiste en la exoneraci\u00f3n de los aranceles de los cursos de ingreso. La Gobernaci\u00f3n cancela las matriculas y cuotas del a\u00f1o una vez ingresado el beneficiado. Corresponde 5 becas por unidad acad\u00e9mica, previa aprobaci\u00f3n del Consejo Superior Universitario.<\/p>\n<h5>Acceso<\/h5>\n<p>El interesado debe dirigirse a la <strong>Secretaria de Educaci\u00f3n de la Gobernaci\u00f3n de Itap\u00faa.<\/strong><\/p>\n<h4>Convenio UNI \u2013 Gob. de Itap\u00faa &#8211; Facultad de Humanidades, Ciencias Sociales y Cultura Guaran\u00ed<\/h4>\n<h5>Criterios<\/h5>\n<p>La convocatoria se encarga la Gobernaci\u00f3n de Itap\u00faa en conjunto con la UNI. Consiste en la cancelaci\u00f3n de los aranceles anuales de la carrera. La beca es durante la duraci\u00f3n de la carrera. Corresponde 15 becas a la Facultad, previa aprobaci\u00f3n del Consejo Directivo de la Facultad.<\/p>\n<h5>Acceso<\/h5>\n<p>El interesado debe dirigirse ante del <strong>Decanato de la Facultad<\/strong>.<\/p>\n<h4>Convenio UNI \u2013 Gob. de Itap\u00faa &#8211; Facultad de Ciencias y Tecnolog\u00eda<\/h4>\n<h5>Criterio<\/h5>\n<p>La convocatoria se encarga la Gobernaci\u00f3n de Itap\u00faa en conjunto con la UNI. Consiste en la cancelaci\u00f3n de los aranceles anuales de la carrera. La beca es durante la duraci\u00f3n de la carrera. Corresponde 13 becas a la Facultad, previa aprobaci\u00f3n del Consejo Directivo de la Facultad.<\/p>\n<h5>Acceso<\/h5>\n<p>El interesado debe dirigirse ante del <strong>Decanato de la Facultad.<\/strong><\/p>\n<h4>Convenio EBY \u2013 Gob. de Itap\u00faa<\/h4>\n<h5>Criterios<\/h5>\n<p>La selecci\u00f3n se encarga la Gobernaci\u00f3n de Itap\u00faa. A trav\u00e9s del convenio la UNI se provee a la Gobernaci\u00f3n los rendimientos acad\u00e9micos. Requisito mantener promedio 3. Monto anual otorgado Gs. 4.000.000.- durante la duraci\u00f3n de la carrera. Actualmente la UNI cuenta con 105 beneficiarios.<\/p>\n<h5>Acceso<\/h5>\n<p>El interesado debe dirigirse a la <strong>Secretaria de Educaci\u00f3n de la Gobernaci\u00f3n de Itap\u00faa.<\/strong><\/p>\n<h4>Itaip\u00fa Binacional<\/h4>\n<h5>Criterios<\/h5>\n<p>La selecci\u00f3n se encarga la Entidad. A trav\u00e9s de los Convenios, la UNI provee a la Itaip\u00fa los rendimientos acad\u00e9micos. Requisito mantener promedio 3,5. El monto anual otorgado para los beneficiarios del 2011 es de Gs. 3.500.000.- durante la duraci\u00f3n de la carrera. \u00a0Actualmente la UNI cuenta con 32 beneficiarios.<\/p>\n<h5>Acceso<\/h5>\n<p>El interesado debe presentarse a las c<strong>onvocatorias de la Itaip\u00fa Binacional<\/strong> en los primeros d\u00edas del mes de febrero, <strong>realizadas en la UNI<\/strong>, en coordinaci\u00f3n con el <strong>Departamento de Bienestar Universitario.<\/strong><\/p>\n<h4>Itaip\u00fa Binacional \u00abBICENTENARIO\u00bb<\/h4>\n<h5>Criterios<\/h5>\n<p>Los beneficiarios de la Becas del Bicentenario reciben en forma mensual una asignaci\u00f3n por manutenci\u00f3n de Gs. 1.650.000, a parte, para aranceles de la carrera en el a\u00f1o de Gs. 1.000.000 (para el CPI de Medicina Gs. 2.750.00), y luego, para compra de libros \u00a0Gs. 2.000.000 por a\u00f1o. Actualmente la UNI cuenta con 36 beneficiarios.<\/p>\n<h5>Acceso<\/h5>\n<p><strong><em>El programa ya fue extinguido en el a\u00f1o 2012.<\/em><\/strong><\/p>\n<h4>Consejo Nacional de Becas del Ministerio de Educaci\u00f3n y Cultura (MEC)<\/h4>\n<h5>Criterios<\/h5>\n<p>La selecci\u00f3n est\u00e1 a cargo del <strong>Consejo Nacional de Becas<\/strong>, la UNI sirve de canal de comunicaci\u00f3n con la entidad para el env\u00edo de las documentaciones requeridas. Requisito mantener promedio de 3,5. Monto anual otorgado Gs. 2.000.000, durante la duraci\u00f3n de la carrera. \u00a0Actualmente la UNI cuenta con 31 beneficiarios.<\/p>\n<h5>Acceso<\/h5>\n<p>El interesado debe presentarse a las <strong>convocatorias de la Itaip\u00fa Binacional<\/strong> en los primeros d\u00edas del mes de marzo,<strong> realizadas en la UNI<\/strong>, en coordinaci\u00f3n con el <strong>Departamento de Bienestar Universitario.<\/strong><\/p>\n<h4>UNI con selecci\u00f3n de la C\u00e1mara Junior<\/h4>\n<h5>Criterios<\/h5>\n<p>La convocatoria de esta beca es confiada a la C\u00e1mara Junior Internacional. Consiste en la exoneraci\u00f3n de aranceles de los cursos de ingreso. \u00a0Actualmente la UNI cuenta con 7 beneficiarios.<\/p>\n<h5>Acceso<\/h5>\n<p>El interesado debe dirigirse a la <strong>C\u00e1mara Junior de Encarnaci\u00f3n<\/strong>.<\/p>\n<p>&nbsp;<\/p>\n","protected":false},"excerpt":{"rendered":"<p>Convenio UNI \u2013 Gob. de Itap\u00faa, para Egresados sobresalientes de Educaci\u00f3n Media Criterios La convocatoria se encarga la Gobernaci\u00f3n de<\/p>\n","protected":false},"author":1,"featured_media":0,"parent":719,"menu_order":0,"comment_status":"open","ping_status":"closed","template":"","meta":[],"_links":{"self":[{"href":"https:\/\/archivo.uni.edu.py\/2018-2023\/wp-json\/wp\/v2\/pages\/1072"}],"collection":[{"href":"https:\/\/archivo.uni.edu.py\/2018-2023\/wp-json\/wp\/v2\/pages"}],"about":[{"href":"https:\/\/archivo.uni.edu.py\/2018-2023\/wp-json\/wp\/v2\/types\/page"}],"author":[{"embeddable":true,"href":"https:\/\/archivo.uni.edu.py\/2018-2023\/wp-json\/wp\/v2\/users\/1"}],"replies":[{"embeddable":true,"href":"https:\/\/archivo.uni.edu.py\/2018-2023\/wp-json\/wp\/v2\/comments?post=1072"}],"version-history":[{"count":1,"href":"https:\/\/archivo.uni.edu.py\/2018-2023\/wp-json\/wp\/v2\/pages\/1072\/revisions"}],"predecessor-version":[{"id":97503,"href":"https:\/\/archivo.uni.edu.py\/2018-2023\/wp-json\/wp\/v2\/pages\/1072\/revisions\/97503"}],"up":[{"embeddable":true,"href":"https:\/\/archivo.uni.edu.py\/2018-2023\/wp-json\/wp\/v2\/pages\/719"}],"wp:attachment":[{"href":"https:\/\/archivo.uni.edu.py\/2018-2023\/wp-json\/wp\/v2\/media?parent=1072"}],"curies":[{"name":"wp","href":"https:\/\/api.w.org\/{rel}","templated":true}]}}