{"id":1065,"date":"2013-09-10T18:21:10","date_gmt":"2013-09-10T18:21:10","guid":{"rendered":"http:\/\/campus.uni.edu.py\/v2\/?page_id=1065"},"modified":"2017-11-20T13:33:00","modified_gmt":"2017-11-20T13:33:00","slug":"becas-otorgadas-por-la-uni","status":"publish","type":"page","link":"https:\/\/archivo.uni.edu.py\/2018-2023\/bienestar-universitario\/becas-y-oportunidades\/becas-otorgadas-por-la-uni\/","title":{"rendered":"Becas otorgadas por la UNI"},"content":{"rendered":"<h4>Becas de Apoyo Econ\u00f3mico<\/h4>\n<h5>Criterios<\/h5>\n<p>La selecci\u00f3n se realiza de acuerdo al <em>\u201cReglamento para el Otorgamiento de Becas de Apoyo Econ\u00f3mico para Estudiantes de la Universidad Nacional de Itap\u00faa\u201d<\/em>\u00a0 Res. CSU N\u00ba 026\/2016 . Requisitos principales:<em> demostrar necesidad econ\u00f3mica y contar con promedio 3<\/em>. El monto anual otorgado es, entre Gs. 1.000.000 a 1.500.o00 por beneficiado seg\u00fan las determinaciones del <strong>CSU (Consejo Superior Universitario)<\/strong><\/p>\n<h5>Acceso<\/h5>\n<p>De acuerdo a las Convocatorias aprobadas por el <strong>CSU<\/strong>, el interesado debe completar los formularios y documentos requeridos. Se realizan dos convocatorias por a\u00f1o. La recepci\u00f3n de las solicitudes se realiza en el <em><strong>Departamento de Bienestar Universitario<\/strong><\/em>.<\/p>\n<h5>Formularios de Postulaci\u00f3n<\/h5>\n<p>Para poder concursar por las Becas de Apoyo Econ\u00f3mico otorgados por la Universidad Nacional de Itap\u00faa, es necesario presentar en el Departamento de Bienestar Universitario los siguientes documentos:<\/p>\n<ul>\n<li><a title=\"Click para descargar el documento\" href=\"http:\/\/uni.edu.py\/wp-content\/uploads\/2013\/09\/Constacia-para-el-Estudiante-Universitario.pdf\" target=\"_blank\" rel=\"noopener\">Constacia de Estudiante Universitario<\/a><\/li>\n<li><a title=\"Click para descargar el documento\" href=\"http:\/\/uni.edu.py\/wp-content\/uploads\/2013\/09\/Formulario-de-Postulaci\u00f3n.pdf\" target=\"_blank\" rel=\"noopener\">Formulario de Postulaci\u00f3n<\/a><\/li>\n<li><a title=\"Click para descargar el documento\" href=\"http:\/\/uni.edu.py\/wp-content\/uploads\/2013\/09\/Declaraci\u00f3n-Jurada.pdf\" target=\"_blank\" rel=\"noopener\">Declaraci\u00f3n Jurada<\/a><\/li>\n<\/ul>\n<p>Para conocer la lista completa de los beneficiarios por las Bacas UNI correspondientes al periodo 2013, haga click en el enlace de abajo, para ver o descargar la lista completa.<\/p>\n<h5><a href=\"http:\/\/uni.edu.py\/bienestar-universitario\/becas-y-oportunidades\/beneficiarios-de-becas-uni-2013\/\" rel=\"attachment wp-att-2677\">BENEFICIARIOS DE BECAS UNI 2013<\/a><\/h5>\n<h4>Becas Deportivas<\/h4>\n<h5>Criterios<\/h5>\n<p>Se encarga de la postulaci\u00f3n de esta beca, <strong>la Confederaci\u00f3n de Estudiantes de la UNI (CODEUNI)<\/strong>. Consistente en la exoneraci\u00f3n de aranceles, se otorga a los atletas destacados en las disciplinas deportivas de la <strong>Unimpiadas<\/strong>. <em>Corresponde 6 becas por cada unidad acad\u00e9mica,<\/em> previa aprobaci\u00f3n del <strong>CSU.<\/strong><\/p>\n<h5>Acceso<\/h5>\n<p>De acuerdo al \u201cReglamento de Becas \u00a0para estudiantes destacados en disciplinas deportivas de la Universidad Nacional de Itap\u00faa\u201d <strong>\u00a0<\/strong>Res. CSU N\u00b0 0128\/2006, el interesado debe participar de las <strong>Unimpiadas<\/strong> y coordinar la nominaci\u00f3n con el <em>representante<\/em> de su facultad ante la <strong>CODEUNI<\/strong>.<\/p>\n<h4>Becas Culturales<\/h4>\n<h5>Criterios<\/h5>\n<p>Las becas son otorgadas por las facultades de origen del estudiante y el Coro es coordinado por la <strong><em>Direcci\u00f3n de Cultura de la Facultad de Humanidades<\/em><\/strong>. <em>Consiste en la exoneraci\u00f3n de aranceles.<\/em><\/p>\n<h5>Acceso<\/h5>\n<p>De acuerdo al<em> \u201cReglamento de Becas \u00a0para estudiantes integrantes del CORO de la Universidad Nacional de Itap\u00faa\u201d<\/em> \u00a0Res. CSU N\u00b0 011\/2004, el interesado debe coordinar la nominaci\u00f3n con la<em><strong> Direcci\u00f3n de Cultura de la Facultad de Humanidades.<\/strong><\/em><\/p>\n<h4>Becas de Extensi\u00f3n e\u00a0Investigaci\u00f3n &#8211; AUGM<\/h4>\n<h5>Criterios<\/h5>\n<p>23 J\u00f3venes de la UNI que participaron de la <strong>XX Jornada de J\u00f3venes Investigadores en la Universidad Federal de Paran\u00e1 &#8211; Curitiba &#8211; Brasil.<\/strong> Cada joven investigador recibi\u00f3 un monto de 1.800.000 Gs en el 2012. En el presente a\u00f1o la Jornada se realizar\u00e1 en la Universidad Nacional del Nordeste &#8211; Corrientes &#8211; Rca.. Argentina.<\/p>\n<h5>Acceso<\/h5>\n<p>El participante debe coordinar con la <em><strong>Direcci\u00f3n de Investigaci\u00f3n y Extensi\u00f3n Universitaria.<\/strong> <\/em>Los trabajos seleccionados son aquellos que presentan alg\u00fan aportes importante a la comunidad cient\u00edfica y responde a problem\u00e1ticas sociales actuales.<\/p>\n","protected":false},"excerpt":{"rendered":"<p>Becas de Apoyo Econ\u00f3mico Criterios La selecci\u00f3n se realiza de acuerdo al \u201cReglamento para el Otorgamiento de Becas de Apoyo<\/p>\n","protected":false},"author":1,"featured_media":0,"parent":719,"menu_order":0,"comment_status":"open","ping_status":"closed","template":"","meta":[],"_links":{"self":[{"href":"https:\/\/archivo.uni.edu.py\/2018-2023\/wp-json\/wp\/v2\/pages\/1065"}],"collection":[{"href":"https:\/\/archivo.uni.edu.py\/2018-2023\/wp-json\/wp\/v2\/pages"}],"about":[{"href":"https:\/\/archivo.uni.edu.py\/2018-2023\/wp-json\/wp\/v2\/types\/page"}],"author":[{"embeddable":true,"href":"https:\/\/archivo.uni.edu.py\/2018-2023\/wp-json\/wp\/v2\/users\/1"}],"replies":[{"embeddable":true,"href":"https:\/\/archivo.uni.edu.py\/2018-2023\/wp-json\/wp\/v2\/comments?post=1065"}],"version-history":[{"count":0,"href":"https:\/\/archivo.uni.edu.py\/2018-2023\/wp-json\/wp\/v2\/pages\/1065\/revisions"}],"up":[{"embeddable":true,"href":"https:\/\/archivo.uni.edu.py\/2018-2023\/wp-json\/wp\/v2\/pages\/719"}],"wp:attachment":[{"href":"https:\/\/archivo.uni.edu.py\/2018-2023\/wp-json\/wp\/v2\/media?parent=1065"}],"curies":[{"name":"wp","href":"https:\/\/api.w.org\/{rel}","templated":true}]}}