{"id":684,"date":"2013-08-19T14:16:50","date_gmt":"2013-08-19T14:16:50","guid":{"rendered":"http:\/\/192.168.17.81\/uni\/?page_id=684"},"modified":"2014-01-14T13:17:33","modified_gmt":"2014-01-14T13:17:33","slug":"direccion-de-planificaciones","status":"publish","type":"page","link":"https:\/\/archivo.uni.edu.py\/2014-2017\/direccion-de-planificaciones\/","title":{"rendered":"Direcci\u00f3n de Planificaciones"},"content":{"rendered":"<p style=\"text-align: justify;\">La direcci\u00f3n de planificaciones es la unidad del rectorado que se ocupa de planificar, gestionar y ejecutar el plan de obras de toda la Universidad, en cualquiera de sus Sedes. Es un equipo compuesto por varios profesionales, expertos en el \u00e1rea de Dise\u00f1o, Planificaci\u00f3n y Direcci\u00f3n de obras que actualmente dirigen varios proyectos; clasificados y priorizados de acuerdo a su estado de ejecuci\u00f3n y proceso.<\/p>\n\n\t\t<style type=\"text\/css\">\n\t\t\t#gallery-1 {\n\t\t\t\tmargin: auto;\n\t\t\t}\n\t\t\t#gallery-1 .gallery-item {\n\t\t\t\tfloat: left;\n\t\t\t\tmargin-top: 10px;\n\t\t\t\ttext-align: center;\n\t\t\t\twidth: 33%;\n\t\t\t}\n\t\t\t#gallery-1 img {\n\t\t\t\tborder: 2px solid #cfcfcf;\n\t\t\t}\n\t\t\t#gallery-1 .gallery-caption {\n\t\t\t\tmargin-left: 0;\n\t\t\t}\n\t\t\t\/* see gallery_shortcode() in wp-includes\/media.php *\/\n\t\t<\/style>\n\t\t<div id='gallery-1' class='gallery galleryid-684 gallery-columns-3 gallery-size-thumbnail'><dl class='gallery-item'>\n\t\t\t<dt class='gallery-icon landscape'>\n\t\t\t\t<a href='https:\/\/archivo.uni.edu.py\/2014-2017\/direccion-de-planificaciones\/02-4\/'><img width=\"150\" height=\"150\" src=\"https:\/\/archivo.uni.edu.py\/2014-2017\/wp-content\/uploads\/2013\/08\/021-150x150.jpg\" class=\"attachment-thumbnail size-thumbnail\" alt=\"\" decoding=\"async\" loading=\"lazy\" srcset=\"https:\/\/archivo.uni.edu.py\/2014-2017\/wp-content\/uploads\/2013\/08\/021-150x150.jpg 150w, https:\/\/archivo.uni.edu.py\/2014-2017\/wp-content\/uploads\/2013\/08\/021-192x192.jpg 192w\" sizes=\"(max-width: 150px) 100vw, 150px\" \/><\/a>\n\t\t\t<\/dt><\/dl><dl class='gallery-item'>\n\t\t\t<dt class='gallery-icon landscape'>\n\t\t\t\t<a href='https:\/\/archivo.uni.edu.py\/2014-2017\/direccion-de-planificaciones\/03-2\/'><img width=\"150\" height=\"150\" src=\"https:\/\/archivo.uni.edu.py\/2014-2017\/wp-content\/uploads\/2013\/08\/03-150x150.jpg\" class=\"attachment-thumbnail size-thumbnail\" alt=\"\" decoding=\"async\" loading=\"lazy\" srcset=\"https:\/\/archivo.uni.edu.py\/2014-2017\/wp-content\/uploads\/2013\/08\/03-150x150.jpg 150w, https:\/\/archivo.uni.edu.py\/2014-2017\/wp-content\/uploads\/2013\/08\/03-192x192.jpg 192w\" sizes=\"(max-width: 150px) 100vw, 150px\" \/><\/a>\n\t\t\t<\/dt><\/dl><dl class='gallery-item'>\n\t\t\t<dt class='gallery-icon landscape'>\n\t\t\t\t<a href='https:\/\/archivo.uni.edu.py\/2014-2017\/direccion-de-planificaciones\/01-7\/'><img width=\"150\" height=\"150\" src=\"https:\/\/archivo.uni.edu.py\/2014-2017\/wp-content\/uploads\/2013\/08\/012-150x150.jpg\" class=\"attachment-thumbnail size-thumbnail\" alt=\"\" decoding=\"async\" loading=\"lazy\" srcset=\"https:\/\/archivo.uni.edu.py\/2014-2017\/wp-content\/uploads\/2013\/08\/012-150x150.jpg 150w, https:\/\/archivo.uni.edu.py\/2014-2017\/wp-content\/uploads\/2013\/08\/012-192x192.jpg 192w\" sizes=\"(max-width: 150px) 100vw, 150px\" \/><\/a>\n\t\t\t<\/dt><\/dl><br style=\"clear: both\" \/><dl class='gallery-item'>\n\t\t\t<dt class='gallery-icon landscape'>\n\t\t\t\t<a href='https:\/\/archivo.uni.edu.py\/2014-2017\/direccion-de-planificaciones\/attachment\/04\/'><img width=\"150\" height=\"150\" src=\"https:\/\/archivo.uni.edu.py\/2014-2017\/wp-content\/uploads\/2013\/08\/04-150x150.jpg\" class=\"attachment-thumbnail size-thumbnail\" alt=\"\" decoding=\"async\" loading=\"lazy\" srcset=\"https:\/\/archivo.uni.edu.py\/2014-2017\/wp-content\/uploads\/2013\/08\/04-150x150.jpg 150w, https:\/\/archivo.uni.edu.py\/2014-2017\/wp-content\/uploads\/2013\/08\/04-192x192.jpg 192w\" sizes=\"(max-width: 150px) 100vw, 150px\" \/><\/a>\n\t\t\t<\/dt><\/dl>\n\t\t\t<br style='clear: both' \/>\n\t\t<\/div>\n\n<h2 style=\"text-align: center;\">Obras 2013. Trabajos Realizados y Futuros Proyectos<\/h2>\n<h3 style=\"text-align: center;\"><span style=\"text-decoration: underline;\">Proyectos Finalizados<\/span><\/h3>\n<h4 style=\"text-align: center;\" align=\"JUSTIFY\"><a title=\"Ver Proyecto: Murales \u2013 Sede Coronel Bogado y Sede Natalio\" href=\"murales-sede-coronel-bogado-y-sede-natalio\" target=\"_blank\">Murales \u2013 Sede Coronel Bogado y Sede Natalio<\/a><\/h4>\n<p style=\"text-align: center;\"><a class=\"img-hover\" title=\"Ver Proyecto: Campus Encarnaci\u00f3n - Bloque 7\" href=\"murales-sede-coronel-bogado-y-sede-natalio\" target=\"_blank\"><img decoding=\"async\" loading=\"lazy\" class=\"aligncenter\" title=\"Campus Encarnaci\u00f3n - Bloque 7\" alt=\"Mural UNI Sede Cnel Bogado\" src=\"http:\/\/archivo.uni.edu.py\/2014-2017\/wp-content\/uploads\/2013\/09\/Mural-Cnel-Bogado-01.jpg\" width=\"600\" height=\"450\" \/><\/a><\/p>\n<h3 style=\"text-align: center;\" align=\"JUSTIFY\"><span style=\"text-decoration: underline;\">Proyectos Adjudicados y en Ejecuci\u00f3n<\/span><\/h3>\n<p style=\"text-align: center;\"><a title=\"Ver Proyecto: Bloque 7 - Campus Encarnaci\u00f3n\" href=\"bloque-7-campus-encarnacion\" target=\"_blank\"><b style=\"font-size: 1em;\">Campus Encarnaci\u00f3n &#8211; Bloque 7<\/b><\/a><\/p>\n<p style=\"text-align: center;\" align=\"JUSTIFY\"><a class=\"img-hover\" title=\"Ver Proyecto: Campus Encarnaci\u00f3n \u2013 Bloque 7\" href=\"bloque-7-campus-encarnacion\" target=\"_blank\"><img decoding=\"async\" loading=\"lazy\" class=\"aligncenter\" alt=\"Bloque 7 Construcci\u00f3n 2da Etapa\" src=\"http:\/\/archivo.uni.edu.py\/2014-2017\/wp-content\/uploads\/2013\/08\/01_Bloque-7-Construccion-2da-Etapa.jpg\" width=\"600\" height=\"382\" \/><\/a><\/p>\n<h4 style=\"text-align: center;\" align=\"JUSTIFY\"><a title=\"Ver el proyecto: Construcci\u00f3n Sede Mayor Ota\u00f1o\" href=\"construccion-sede-mayor-otano\" target=\"_blank\">Construcci\u00f3n &#8211; Sede Mayor Ota\u00f1o<\/a><\/h4>\n<p style=\"text-align: center;\" align=\"JUSTIFY\"><a class=\"img-hover\" title=\"Ver el proyecto: Sede Mayor Ota\u00f1o\" href=\"construccion-sede-mayor-otano\" target=\"_blank\"><img decoding=\"async\" loading=\"lazy\" class=\"aligncenter\" title=\"Ver el proyecto: Sede Mayor Ota\u00f1o\" alt=\"Sede Mayor Ota\u00f1o \u2013 Fiscalizaci\u00f3n en conjunto con la Gobernaci\u00f3n de Itap\u00faa\" src=\"http:\/\/archivo.uni.edu.py\/2014-2017\/wp-content\/uploads\/2013\/08\/Sede-Mayor-Ota\u00f1o-Proceso-de-Construccion.jpg\" width=\"600\" height=\"450\" \/><\/a><\/p>\n<h4 style=\"text-align: center;\" align=\"JUSTIFY\"><a href=\"palada-inicial-para-instalacion-de-tambo-lechero-facaf-municipalidad-en-general-artigas\" target=\"_blank\">Tambo Lechero &#8211; Sede Gral. Artigas<\/a><\/h4>\n<p style=\"text-align: center;\" align=\"JUSTIFY\"><a href=\"palada-inicial-para-instalacion-de-tambo-lechero-facaf-municipalidad-en-general-artigas\" target=\"_blank\"><img decoding=\"async\" loading=\"lazy\" class=\"aligncenter\" alt=\"1.Palada inicial de Tambo Lechero\" src=\"http:\/\/archivo.uni.edu.py\/2014-2017\/wp-content\/uploads\/2013\/09\/1.Palada-inicial-de-Tambo-Lechero.jpg\" width=\"650\" height=\"433\" \/><\/a><\/p>\n<h4 style=\"text-align: center;\" align=\"JUSTIFY\"><a title=\"Ver proyecto: Mantenimiento de Edificios UNI 2013 \u2013 Campus Encarnaci\u00f3n\" href=\"mantenimiento-de-edificios-uni-2013-campus-encarnacion\" target=\"_blank\">Mantenimiento de Edificios UNI 2013 \u2013 Campus Encarnaci\u00f3n<\/a><\/h4>\n<p style=\"text-align: center;\" align=\"JUSTIFY\"><a class=\"img-hover\" title=\"Ver proyecto: Mantenimiento de Edificios UNI 2013 \u2013 Campus\" href=\"mantenimiento-de-edificios-uni-2013-campus-encarnacion\" target=\"_blank\"><img decoding=\"async\" loading=\"lazy\" class=\"aligncenter\" alt=\"Pasillo Campus Encarnaci\u00f3n\" src=\"http:\/\/archivo.uni.edu.py\/2014-2017\/wp-content\/uploads\/2013\/08\/edificios-020.jpg\" width=\"600\" height=\"398\" \/><\/a><\/p>\n<h3 style=\"text-align: center;\" align=\"JUSTIFY\"><\/h3>\n<h3 style=\"text-align: center;\" align=\"JUSTIFY\"><span style=\"text-decoration: underline;\">Proyectos en proceso de Licitaci\u00f3n<\/span><\/h3>\n<h4 style=\"text-align: center;\" align=\"JUSTIFY\"><a title=\"Ver proyecto: Ampliaci\u00f3n Bloque Humanidades. Sede Encarnaci\u00f3n\" href=\"ampliacion-facultad-de-humanidades-ciencias-sociales-y-cultura-guarani\" target=\"_blank\">Ampliaci\u00f3n &#8211;\u00a0Facultad de Humanidades, Ciencias Sociales y Cultura Guaran\u00ed<\/a><\/h4>\n<p style=\"text-align: center;\" align=\"JUSTIFY\"><a class=\"img-hover\" title=\"Ver proyecto: Ampliaci\u00f3n Bloque Humanidades\" href=\"ampliacion-facultad-de-humanidades-ciencias-sociales-y-cultura-guarani\" target=\"_blank\"><img decoding=\"async\" loading=\"lazy\" class=\"aligncenter\" alt=\"Bloque Humanidades\" src=\"http:\/\/archivo.uni.edu.py\/2014-2017\/wp-content\/uploads\/2013\/09\/bloque-humanidades.jpg\" width=\"600\" height=\"398\" \/><\/a><\/p>\n<h4 style=\"text-align: center;\" align=\"JUSTIFY\"><a title=\"Ver Proyecto: Amploaci\u00f3n Sede Mayor Ota\u00f1o\" href=\"ampliacion-sede-general-artigas\" target=\"_blank\">Ampliaci\u00f3n &#8211;\u00a0Sede General Artigas<\/a><\/h4>\n<p style=\"text-align: center;\" align=\"JUSTIFY\"><a class=\"img-hover\" title=\"Ver Proyecto: Ampliaci\u00f3n Sede Mayor Ota\u00f1o\" href=\"ampliacion-sede-general-artigas\" target=\"_blank\"><img decoding=\"async\" loading=\"lazy\" class=\"aligncenter\" alt=\"Edificio Sede Artigas - Bloque de Aulas y Galeria\" src=\"http:\/\/archivo.uni.edu.py\/2014-2017\/wp-content\/uploads\/2013\/09\/07_-Edificio-Sede-Artigas-Bloque-de-Aulas-y-Galeria.jpg\" width=\"600\" height=\"338\" \/><\/a><\/p>\n<h3 style=\"text-align: center;\" align=\"JUSTIFY\"><span style=\"text-decoration: underline;\">Proyectos en Elaboraci\u00f3n para llamado a Licitaci\u00f3n<\/span><\/h3>\n<ul>\n<li><span style=\"text-align: justify;\">Obras Varias \u2013 Rectorado<\/span><\/li>\n<li><span style=\"text-align: justify;\">Mantenimiento 2do Semestre \u2013 Facultad de Medicina, ampliaci\u00f3n de la biblioteca<\/span><\/li>\n<li><span style=\"text-align: justify;\">Facultad de Derecho<\/span><\/li>\n<\/ul>\n<h3 style=\"text-align: center;\" align=\"JUSTIFY\"><span style=\"text-decoration: underline;\">Proyectos Ejecutados y Terminados<\/span><\/h3>\n<ul>\n<li>\n<p style=\"text-align: justify;\" align=\"JUSTIFY\">Limpieza y mantenimiento del Campus Encarnaci\u00f3n<\/p>\n<\/li>\n<\/ul>\n<h3 style=\"text-align: center;\"><span style=\"text-decoration: underline;\">Proyectos Dise\u00f1ados para Futura Ejecuci\u00f3n<\/span><\/h3>\n<ul>\n<li>Campus Encarnaci\u00f3n \u2013 RECTORADO: Reposici\u00f3n de la Biblioteca del Campus Encarnaci\u00f3n de la Universidad Nacional de Itap\u00faa<\/li>\n<li>FACEA: Edificio para Sal\u00f3n Auditorio, Laboratorio de Idiomas, Simulador de Negocios y Aula de Posgrado<\/li>\n<li>Facultad de Ciencias y Tecnolog\u00eda &#8211; CyT: Laboratorio de Agua, de Reciclado y sal\u00f3n para Video Conferencia<\/li>\n<li>Facultad de Derecho: Ampliaci\u00f3n de Aulas<\/li>\n<li>Centro de Investigaci\u00f3n Pecuaria de Itap\u00faa \u2013 CIPI: Laboratorio de Sanidad Animal.<\/li>\n<li>Sede Mar\u00eda Auxiliadora: Cantina, caminero de acceso a bloques y muro lindero.<\/li>\n<li>Centro de Investigaci\u00f3n Pecuaria \u2013 CIPI &#8211; Cambyreta<\/li>\n<\/ul>\n<h3 style=\"text-align: center;\">Vistas\u00a03D de Futuros Proyectos<\/h3>\n\n\t\t<style type=\"text\/css\">\n\t\t\t#gallery-2 {\n\t\t\t\tmargin: auto;\n\t\t\t}\n\t\t\t#gallery-2 .gallery-item {\n\t\t\t\tfloat: left;\n\t\t\t\tmargin-top: 10px;\n\t\t\t\ttext-align: center;\n\t\t\t\twidth: 33%;\n\t\t\t}\n\t\t\t#gallery-2 img {\n\t\t\t\tborder: 2px solid #cfcfcf;\n\t\t\t}\n\t\t\t#gallery-2 .gallery-caption {\n\t\t\t\tmargin-left: 0;\n\t\t\t}\n\t\t\t\/* see gallery_shortcode() in wp-includes\/media.php *\/\n\t\t<\/style>\n\t\t<div id='gallery-2' class='gallery galleryid-684 gallery-columns-3 gallery-size-thumbnail'><dl class='gallery-item'>\n\t\t\t<dt class='gallery-icon landscape'>\n\t\t\t\t<a href='https:\/\/archivo.uni.edu.py\/2014-2017\/direccion-de-planificaciones\/12_vista-lateral-proyecto-biblioteca\/'><img width=\"150\" height=\"150\" src=\"https:\/\/archivo.uni.edu.py\/2014-2017\/wp-content\/uploads\/2013\/08\/12_vista-lateral-proyecto-biblioteca-150x150.jpg\" class=\"attachment-thumbnail size-thumbnail\" alt=\"\" decoding=\"async\" loading=\"lazy\" srcset=\"https:\/\/archivo.uni.edu.py\/2014-2017\/wp-content\/uploads\/2013\/08\/12_vista-lateral-proyecto-biblioteca-150x150.jpg 150w, https:\/\/archivo.uni.edu.py\/2014-2017\/wp-content\/uploads\/2013\/08\/12_vista-lateral-proyecto-biblioteca-192x192.jpg 192w\" sizes=\"(max-width: 150px) 100vw, 150px\" \/><\/a>\n\t\t\t<\/dt><\/dl><dl class='gallery-item'>\n\t\t\t<dt class='gallery-icon landscape'>\n\t\t\t\t<a href='https:\/\/archivo.uni.edu.py\/2014-2017\/direccion-de-planificaciones\/plano-5\/'><img width=\"150\" height=\"150\" src=\"https:\/\/archivo.uni.edu.py\/2014-2017\/wp-content\/uploads\/2013\/08\/plano-5-150x150.jpg\" class=\"attachment-thumbnail size-thumbnail\" alt=\"\" decoding=\"async\" loading=\"lazy\" srcset=\"https:\/\/archivo.uni.edu.py\/2014-2017\/wp-content\/uploads\/2013\/08\/plano-5-150x150.jpg 150w, https:\/\/archivo.uni.edu.py\/2014-2017\/wp-content\/uploads\/2013\/08\/plano-5-192x192.jpg 192w\" sizes=\"(max-width: 150px) 100vw, 150px\" \/><\/a>\n\t\t\t<\/dt><\/dl><dl class='gallery-item'>\n\t\t\t<dt class='gallery-icon landscape'>\n\t\t\t\t<a href='https:\/\/archivo.uni.edu.py\/2014-2017\/direccion-de-planificaciones\/11_vista-proyecto-acceso-biblioteca\/'><img width=\"150\" height=\"150\" src=\"https:\/\/archivo.uni.edu.py\/2014-2017\/wp-content\/uploads\/2013\/08\/11_vista-proyecto-acceso-biblioteca-150x150.jpg\" class=\"attachment-thumbnail size-thumbnail\" alt=\"\" decoding=\"async\" loading=\"lazy\" srcset=\"https:\/\/archivo.uni.edu.py\/2014-2017\/wp-content\/uploads\/2013\/08\/11_vista-proyecto-acceso-biblioteca-150x150.jpg 150w, https:\/\/archivo.uni.edu.py\/2014-2017\/wp-content\/uploads\/2013\/08\/11_vista-proyecto-acceso-biblioteca-192x192.jpg 192w\" sizes=\"(max-width: 150px) 100vw, 150px\" \/><\/a>\n\t\t\t<\/dt><\/dl><br style=\"clear: both\" \/><dl class='gallery-item'>\n\t\t\t<dt class='gallery-icon landscape'>\n\t\t\t\t<a href='https:\/\/archivo.uni.edu.py\/2014-2017\/direccion-de-planificaciones\/plano-4\/'><img width=\"150\" height=\"150\" src=\"https:\/\/archivo.uni.edu.py\/2014-2017\/wp-content\/uploads\/2013\/08\/plano-4-150x150.jpg\" class=\"attachment-thumbnail size-thumbnail\" alt=\"\" decoding=\"async\" loading=\"lazy\" srcset=\"https:\/\/archivo.uni.edu.py\/2014-2017\/wp-content\/uploads\/2013\/08\/plano-4-150x150.jpg 150w, https:\/\/archivo.uni.edu.py\/2014-2017\/wp-content\/uploads\/2013\/08\/plano-4-192x192.jpg 192w\" sizes=\"(max-width: 150px) 100vw, 150px\" \/><\/a>\n\t\t\t<\/dt><\/dl><dl class='gallery-item'>\n\t\t\t<dt class='gallery-icon landscape'>\n\t\t\t\t<a href='https:\/\/archivo.uni.edu.py\/2014-2017\/direccion-de-planificaciones\/10_vista-proyecto-biblioteca\/'><img width=\"150\" height=\"150\" src=\"https:\/\/archivo.uni.edu.py\/2014-2017\/wp-content\/uploads\/2013\/08\/10_vista-proyecto-biblioteca-150x150.jpg\" class=\"attachment-thumbnail size-thumbnail\" alt=\"\" decoding=\"async\" loading=\"lazy\" srcset=\"https:\/\/archivo.uni.edu.py\/2014-2017\/wp-content\/uploads\/2013\/08\/10_vista-proyecto-biblioteca-150x150.jpg 150w, https:\/\/archivo.uni.edu.py\/2014-2017\/wp-content\/uploads\/2013\/08\/10_vista-proyecto-biblioteca-192x192.jpg 192w\" sizes=\"(max-width: 150px) 100vw, 150px\" \/><\/a>\n\t\t\t<\/dt><\/dl>\n\t\t\t<br style='clear: both' \/>\n\t\t<\/div>\n\n<p>&nbsp;<\/p>\n<h5 style=\"text-align: justify;\"><strong><em>Contactar con la Dir. de Planificaciones a trav\u00e9s del email: <a href=\"mailto:planificacion@uni.edu.py\">planificacion@uni.edu.py<\/a><\/em><\/strong><\/h5>\n<p>&nbsp;<\/p>\n","protected":false},"excerpt":{"rendered":"<p>La direcci\u00f3n de planificaciones es la unidad del rectorado que se ocupa de planificar, gestionar y ejecutar el plan de obras de toda la Universidad, en cualquiera de sus Sedes. Es un equipo compuesto por varios profesionales, expertos en el \u00e1rea de Dise\u00f1o, Planificaci\u00f3n y Direcci\u00f3n de obras que actualmente dirigen varios proyectos; clasificados y [&hellip;]<\/p>\n","protected":false},"author":1,"featured_media":1886,"parent":0,"menu_order":0,"comment_status":"open","ping_status":"closed","template":"","meta":[],"_links":{"self":[{"href":"https:\/\/archivo.uni.edu.py\/2014-2017\/wp-json\/wp\/v2\/pages\/684"}],"collection":[{"href":"https:\/\/archivo.uni.edu.py\/2014-2017\/wp-json\/wp\/v2\/pages"}],"about":[{"href":"https:\/\/archivo.uni.edu.py\/2014-2017\/wp-json\/wp\/v2\/types\/page"}],"author":[{"embeddable":true,"href":"https:\/\/archivo.uni.edu.py\/2014-2017\/wp-json\/wp\/v2\/users\/1"}],"replies":[{"embeddable":true,"href":"https:\/\/archivo.uni.edu.py\/2014-2017\/wp-json\/wp\/v2\/comments?post=684"}],"version-history":[{"count":36,"href":"https:\/\/archivo.uni.edu.py\/2014-2017\/wp-json\/wp\/v2\/pages\/684\/revisions"}],"predecessor-version":[{"id":4069,"href":"https:\/\/archivo.uni.edu.py\/2014-2017\/wp-json\/wp\/v2\/pages\/684\/revisions\/4069"}],"wp:featuredmedia":[{"embeddable":true,"href":"https:\/\/archivo.uni.edu.py\/2014-2017\/wp-json\/wp\/v2\/media\/1886"}],"wp:attachment":[{"href":"https:\/\/archivo.uni.edu.py\/2014-2017\/wp-json\/wp\/v2\/media?parent=684"}],"curies":[{"name":"wp","href":"https:\/\/api.w.org\/{rel}","templated":true}]}}