{"id":648,"date":"2013-08-14T18:36:39","date_gmt":"2013-08-14T18:36:39","guid":{"rendered":"http:\/\/localhost\/uni\/?page_id=648"},"modified":"2013-10-25T13:05:10","modified_gmt":"2013-10-25T13:05:10","slug":"vision-y-mision","status":"publish","type":"page","link":"https:\/\/archivo.uni.edu.py\/2014-2017\/vision-y-mision\/","title":{"rendered":"Visi\u00f3n y Misi\u00f3n"},"content":{"rendered":"<h2>Visi\u00f3n<\/h2>\n<p style=\"text-align: justify;\">La Universidad Nacional de Itap\u00faa, como una de las m\u00e1s importantes de las instituciones p\u00fablicas de Educaci\u00f3n Superior en cobertura, calidad y diversidad de sus servicios, aspira a consolidarse como una Universidad de excelencia, pertinente, innovadora, eficiente, competitiva, con proyecci\u00f3n internacional y de investigaci\u00f3n cient\u00edfica.<\/p>\n<h2 style=\"text-align: justify;\">Misi\u00f3n<\/h2>\n<p style=\"text-align: justify;\">La Universidad Nacional de Itap\u00faa, como instituci\u00f3n p\u00fablica, tiene como misi\u00f3n la ense\u00f1anza y la formaci\u00f3n profesional en el nivel superior, mediante la generaci\u00f3n y difusi\u00f3n del conocimiento en los \u00e1mbitos de la ciencia, la cultura, el arte, la t\u00e9cnica, la tecnolog\u00eda y las humanidades, con autonom\u00eda y vocaci\u00f3n de servicio social. Atendiendo a su car\u00e1cter de instituci\u00f3n estatal, asume compromisos indelegables con la construcci\u00f3n de una sociedad justa y democr\u00e1tica.<\/p>\n<h2>Objetivos<\/h2>\n<ul>\n<li>Brindar educaci\u00f3n a nivel superior estimulando el esp\u00edritu creativo y cr\u00edtico de los profesores y estudiantes mediante la investigaci\u00f3n cient\u00edfica, tecnol\u00f3gica y el cultivo de las artes y de las letras.<\/li>\n<li>Formar profesionales t\u00e9cnicos e innovadores necesarios para el pa\u00eds, que posean valores trascendentes para contribuir al bienestar de la sociedad.<\/li>\n<li>Prestar servicios relacionados con sus fines.<\/li>\n<li>Divulgar trabajos de car\u00e1cter cient\u00edfico, tecnol\u00f3gico y art\u00edstico.<\/li>\n<li>Formar los recursos humanos necesarios para la docencia, la investigaci\u00f3n y propender al perfeccionamiento y actualizaci\u00f3n de los graduados.<\/li>\n<\/ul>\n<h2>\u00a0Principios<\/h2>\n<p dir=\"ltr\">Para cumplir con su Misi\u00f3n la Universidad Nacional de Itap\u00faa define los siguientes principios y valores como fundamento para el ejercicio de sus tareas y funciones, y como gu\u00eda para la orientaci\u00f3n de su desarrollo.<\/p>\n<ul>\n<li dir=\"ltr\">\n<p dir=\"ltr\">El respeto por el inter\u00e9s colectivo sobre el particular y la defensa de la igualdad de oportunidades.<\/p>\n<\/li>\n<li dir=\"ltr\">\n<p dir=\"ltr\">La libertad en el proceso de la ense\u00f1anza-aprendizaje, la investigaci\u00f3n, la difusi\u00f3n del pensamiento en un \u00e1mbito de pluralismo ideol\u00f3gico y diversidad cultural que haga posible la promoci\u00f3n del an\u00e1lisis cr\u00edtico y el debate p\u00fablico.<\/p>\n<\/li>\n<li dir=\"ltr\">\n<p dir=\"ltr\">El compromiso con la democracia, la defensa del inter\u00e9s p\u00fablico y el ejercicio de los derechos humanos.<\/p>\n<\/li>\n<li dir=\"ltr\">\n<p dir=\"ltr\">La \u00e9tica como eje principal en el desarrollo integral de la persona.<\/p>\n<\/li>\n<\/ul>\n<h2 style=\"text-align: justify;\"><a href=\"http:\/\/archivo.uni.edu.py\/2014-2017\/vision-y-mision\/consejo-superior-uni\/\" rel=\"attachment wp-att-2489\"><img decoding=\"async\" class=\"alignleft\" alt=\"Consejo Superior de la UNI\" src=\"http:\/\/archivo.uni.edu.py\/2014-2017\/wp-content\/uploads\/2013\/08\/consejo-superior-UNI-300x199.jpg\" \/><\/a>La UNI y sus Fines<\/h2>\n<p dir=\"ltr\">La Universidad Nacional de Itap\u00faa es una Instituci\u00f3n de derecho p\u00fablico aut\u00f3noma, con personer\u00eda jur\u00eddica, que se regir\u00e1 por la Ley de Universidades y por este Estatuto.<\/p>\n<p style=\"text-align: justify;\">La Universidad Nacional de Itap\u00faa est\u00e1 integrada por Facultades, Institutos, Escuelas, Centros y otras unidades y servicios que pudieran ser creadas.<\/p>\n<h4 style=\"padding-left: 30px;\"><span style=\"color: #6b6b00;\">La Universidad Nacional de Itap\u00faa, tendr\u00e1 los siguientes fines:<\/span><\/h4>\n<ul>\n<li>\n<p dir=\"ltr\">El desarrollo de la personalidad humana inspirado en los valores de la democracia, la libertad y el humanismo.<br \/>\nLa ense\u00f1anza y formaci\u00f3n profesional.<br \/>\nLa investigaci\u00f3n en las diferentes \u00e1reas del saber humano.<br \/>\nEl servicio a la comunidad en los \u00e1mbitos de su competencia.<br \/>\nEl fomento y la difusi\u00f3n de la cultura universal y, en particular de la nacional.<br \/>\nLa extensi\u00f3n universitaria.<br \/>\nEl estudio de la problem\u00e1tica nacional.<\/p>\n<p>&nbsp;<\/li>\n<\/ul>\n<h4 style=\"padding-left: 30px;\"><span style=\"color: #808000;\">Para el cumplimiento de estos fines la Universidad Nacional de Itap\u00faa se propone:<\/span><\/h4>\n<ul>\n<li>Brindar educaci\u00f3n a nivel superior, estimulando el esp\u00edritu creativo y cr\u00edtico de los profesores y estudiantes mediante la investigaci\u00f3n cient\u00edfica, tecnol\u00f3gica y el cultivo de la arte y de las letras.<br \/>\nFormar los recursos humanos necesarios para el pa\u00eds, de valores trascendentes para contribuir al bienestar del pueblo.<br \/>\nPoseer y producir bienes y prestar los servicios relacionados con sus fines.<br \/>\nDivulgar de car\u00e1cter cient\u00edfico, tecnol\u00f3gico, educativo y art\u00edstico.<br \/>\nFormar los recursos humanos necesarios para la docencia y la investigaci\u00f3n y propender al perfeccionamiento y actualizaci\u00f3n de los graduados.<\/li>\n<\/ul>\n","protected":false},"excerpt":{"rendered":"<p>Visi\u00f3n La Universidad Nacional de Itap\u00faa, como una de las m\u00e1s importantes de las instituciones p\u00fablicas de Educaci\u00f3n Superior en cobertura, calidad y diversidad de sus servicios, aspira a consolidarse como una Universidad de excelencia, pertinente, innovadora, eficiente, competitiva, con proyecci\u00f3n internacional y de investigaci\u00f3n cient\u00edfica. Misi\u00f3n La Universidad Nacional de Itap\u00faa, como instituci\u00f3n p\u00fablica, [&hellip;]<\/p>\n","protected":false},"author":1,"featured_media":1057,"parent":0,"menu_order":0,"comment_status":"open","ping_status":"open","template":"","meta":[],"_links":{"self":[{"href":"https:\/\/archivo.uni.edu.py\/2014-2017\/wp-json\/wp\/v2\/pages\/648"}],"collection":[{"href":"https:\/\/archivo.uni.edu.py\/2014-2017\/wp-json\/wp\/v2\/pages"}],"about":[{"href":"https:\/\/archivo.uni.edu.py\/2014-2017\/wp-json\/wp\/v2\/types\/page"}],"author":[{"embeddable":true,"href":"https:\/\/archivo.uni.edu.py\/2014-2017\/wp-json\/wp\/v2\/users\/1"}],"replies":[{"embeddable":true,"href":"https:\/\/archivo.uni.edu.py\/2014-2017\/wp-json\/wp\/v2\/comments?post=648"}],"version-history":[{"count":16,"href":"https:\/\/archivo.uni.edu.py\/2014-2017\/wp-json\/wp\/v2\/pages\/648\/revisions"}],"predecessor-version":[{"id":2491,"href":"https:\/\/archivo.uni.edu.py\/2014-2017\/wp-json\/wp\/v2\/pages\/648\/revisions\/2491"}],"wp:featuredmedia":[{"embeddable":true,"href":"https:\/\/archivo.uni.edu.py\/2014-2017\/wp-json\/wp\/v2\/media\/1057"}],"wp:attachment":[{"href":"https:\/\/archivo.uni.edu.py\/2014-2017\/wp-json\/wp\/v2\/media?parent=648"}],"curies":[{"name":"wp","href":"https:\/\/api.w.org\/{rel}","templated":true}]}}