{"id":616,"date":"2013-08-13T18:18:13","date_gmt":"2013-08-13T18:18:13","guid":{"rendered":"http:\/\/localhost\/uni\/?page_id=616"},"modified":"2017-03-27T14:19:53","modified_gmt":"2017-03-27T18:19:53","slug":"autoridades","status":"publish","type":"page","link":"https:\/\/archivo.uni.edu.py\/2014-2017\/autoridades\/","title":{"rendered":"Autoridades"},"content":{"rendered":"<p>El estamento universitario est\u00e1 compuesto por los docentes de todas las categor\u00edas,\u00a0los graduados no docentes y los estudiantes de la misma Universidad, cuyos\u00a0representantes leg\u00edtimamente electos integrar\u00e1n los \u00f3rganos colegiados que\u00a0gobiernan la Universidad Nacional de Itap\u00faa y sus distintas Unidades Acad\u00e9micas.<\/p>\n<h3>El gobierno de la Universidad Nacional de Itap\u00faa es ejercido por:<\/h3>\n<p style=\"padding-left: 30px;\">a) La Asamblea Universitaria;<br \/>\nb) El Consejo Superior Universitario;<br \/>\nc) El Rector;<br \/>\nd) Los Consejos Directivos de Facultades; y,<br \/>\ne) Los Decanos.<\/p>\n<h2><em>La Asamblea Universitaria<\/em><\/h2>\n<h3>La Asamblea Universitaria est\u00e1 integrada por:<\/h3>\n<p style=\"padding-left: 30px;\">a) Los miembros Universitarios; en ejercicio del Consejo Superior<br \/>\nb) Dos miembros docentes, en ejercicio, del Consejo Directivo de cada\u00a0Facultad, nombrados por este;<br \/>\nc) El miembro graduado no docente, en ejercicio, del Consejo Directivo de\u00a0cada Facultad;<br \/>\nd) Un miembro estudiantil en ejercicio, del Consejo Directivo de cada\u00a0Facultad, nombrado por este.<\/p>\n<p>Es presidida por el Rector y en ausencia o impedimento de \u00e9ste, por el Vice-Rector.<\/p>\n<h2><em>Consejo Superior Universitario<\/em><\/h2>\n<p>El Consejo Superior Universitario ejerce el gobierno de la Universidad Nacional\u00a0de Itap\u00faa en concordancia con la pol\u00edtica universitaria definida por la Asamblea\u00a0Universitaria y las disposiciones de este Estatuto.<\/p>\n<h3>El Consejo Superior Universitario est\u00e1 integrado por:<\/h3>\n<p style=\"padding-left: 30px;\">a) El Rector;<br \/>\nb) El Vice-Rector;<br \/>\nc) Los Decanos;<br \/>\nd) Un docente por cada Facultad;<br \/>\ne) Un graduado no docente;<br \/>\nf) Dos estudiantes.<\/p>\n<h3>Los miembros actuales de Consejo Superior Universitario son:<\/h3>\n<ul>\n<li><em>Prof. Ing. Hildegardo Gonz\u00e1lez Irala: Rector \u2013 Presidente del Consejo Superior\u00a0Universitario<\/em><\/li>\n<li><em>Prof. Dra. Yilda Ag\u00fcero de Talavera: Vicerrectora<\/em><\/li>\n<li><em>Ing. Oscar Dionisio Trochez: Decano de la Facultad de Ingenier\u00eda<\/em><\/li>\n<li><em>Prof. Dr. Eligio Fretes Esp\u00ednola: Decano de la Facultad de Medicina<\/em><\/li>\n<li><em>Dr. Ren\u00e9 Dami\u00e1n Arr\u00faa Torreani: Decano de la Facultad de Ciencias Econ\u00f3micas y\u00a0Administrativas<\/em><\/li>\n<li><em>Dr. Antonio Kiernyezny Rovate: Decano de la Facultad de Humanidades, Ciencias Sociales y\u00a0Cultura Guaran\u00ed<\/em><\/li>\n<li><em>Abog. Gustavo Miranda Villamayor: Decano de la Facultad de Ciencias Jur\u00eddicas<\/em><\/li>\n<li><em>Dr. Hermenegildo Cohene Vel\u00e1zquez: Decano de la Facultad de Ciencias y Tecnolog\u00eda<\/em><\/li>\n<li><em>Ing. Agr\u00f3n. Julio Ismael Rodas Balmaceda : Decano de la Facultad de Ciencias Agropecuarias y\u00a0Forestales<\/em><\/li>\n<li><em>Ing. Javier Armando Mor\u00ednigo Ayala: Miembro Docente de la Facultad de Ingenier\u00eda<\/em><\/li>\n<li><em>Dra. Lourdes Isabel Chamorro: Miembro Docente de la Facultad de Medicina<\/em><\/li>\n<li><em>Abog. Delia Yolanda Valenzuela de Rivas: Miembro Docente de la Facultad de Ciencias Econ\u00f3micas y\u00a0Administrativas<\/em><\/li>\n<li><em>Lic. Sebasti\u00e1n Araujo Cabrera: Miembro Docente de la Facultad de Humanidades, Ciencias Sociales y\u00a0Cultura Guaran\u00ed<\/em><\/li>\n<li><em>Dr. Hugo Ocampos Ramos: Miembro Docente de la Facultad de Ciencias\u00a0Jur\u00eddicas<\/em><\/li>\n<li><em>Dr. Felipe Viedma: Miembro Docente de la Facultad de Ciencias Agropecuarias y\u00a0Forestales<\/em><\/li>\n<li><em>Prof. Patricia Mart\u00ednez Lovera: Miembro Docente de la Facultad de Ciencias y\u00a0Tecnolog\u00eda<\/em><\/li>\n<li><em>Abog. Jorge Duarte Cohener: Miembro Graduado no Docente<\/em><\/li>\n<li><em>Univ. Brian Nu\u00f1ez Oliveira (Facultad de Humanidades): Representante estudiantil titular<br \/>\n<\/em><\/li>\n<li><em>Univ. Mar\u00eda Leticia Rodas\u00a0 (Facultad de Humanidades, Ciencias Sociales y Cultura Guaran\u00ed): Representante estudiantil <em>titular<\/em><\/em><\/li>\n<li><em> Univ. Esteban Urquia, (Facultad de Ciencias Jur\u00eddicas) Representante estudiantil <em>titular<\/em><\/em><\/li>\n<\/ul>\n<h2><em>El Rector<\/em><\/h2>\n<p style=\"text-align: center;\"><a href=\"http:\/\/localhost\/uni\/wp-content\/uploads\/2013\/08\/01-2.jpg\"><img decoding=\"async\" class=\"aligncenter\" src=\"http:\/\/localhost\/uni\/wp-content\/uploads\/2013\/08\/01-2-300x204.jpg\" alt=\"Rector de la UNI\" width=\"450\" \/><\/a><\/p>\n<p style=\"text-align: justify;\">El Rector de la Universidad Nacional de Itap\u00faa es el Ing. Hildegardo Gonz\u00e1lez Irala y la Vicerrectora es la Dra. Yilda Ag\u00fcero de Talavera, ambos reelectos para el per\u00edodo 2013-2018, en la cuarta Asamblea Universitaria, el pasado 30 de noviembre de 2012.<\/p>\n<p style=\"text-align: justify;\">Para conocer mejor los <a title=\"Estatuto UNI \u2013 CAPITULO II: Del Rector y Vice-Rector\" href=\"http:\/\/localhost\/uni\/estatuto-y-reglamentos\/estatuto-uni-capitulo-ii-del-rector-y-vice-rector\/\" target=\"_blank\">Deberes y Atribuciones del Rector<\/a> puede leer el secci\u00f3n del <a title=\"Ir al Estatuto de la UNI\" href=\"http:\/\/localhost\/uni\/estatuto-y-reglamentos\/\">Estatuto de la Universidad Nacional de Itap\u00faa<\/a> donde se detallan cu\u00e1les son estos.<\/p>\n<h2><em>\u00a0Los Consejos Directivos de Facultades<\/em><\/h2>\n<p>El Consejo Directivo de cada una de las Facultades de la Universidad Nacional de\u00a0Itap\u00faa est\u00e1 constituido por:<\/p>\n<p style=\"padding-left: 30px;\">a) El Decano;<br \/>\nb) El Vice-Decano;<br \/>\nc) 5 (cinco) docentes en ejercicio de la c\u00e1tedra;<br \/>\nd) 1 (un) graduado no docente; y,<br \/>\ne) 2 (dos) estudiantes.<\/p>\n<h2><em>Decanato<\/em><\/h2>\n<p>El Decano de una facultad permanece en sus funciones durante 5 (cinco) a\u00f1os, pudiendo ser reelecto.\u00a0Para ser Decano se requiere ser Profesor Titular o Adjunto de la Facultad, tener\u00a0nacionalidad paraguaya natural y poseer t\u00edtulo m\u00e1ximo de esa Facultad o\u00a0equivalente nacional o extranjero inscrito en la Universidad Nacional de Itap\u00faa.<\/p>\n<h3>El actual equipo del decanato de las distintas Facultades de la UNI son:<\/h3>\n<h4>\u00a0Facultad de Medicina<\/h4>\n<ul>\n<li><strong>Decano:<\/strong>\u00a0Dr. Eligio Fretes Esp\u00ednola<\/li>\n<li><strong>Vice-Decano:\u00a0<\/strong>Dra. Liliana Centuri\u00f3n<\/li>\n<\/ul>\n<h4>Facultad de Ingenier\u00eda<\/h4>\n<ul>\n<li><strong>Decano:<\/strong>\u00a0Prof. Ing. Oscar D. Trochez Valdez<\/li>\n<li><strong>Vice-Decano: <\/strong>Prof. Ing. Glays Mingo<\/li>\n<\/ul>\n<h4>Facultad de Ciencias Econ\u00f3micas y Administrativas<\/h4>\n<ul>\n<li><strong>Decano:<\/strong>\u00a0Dr. Ren\u00e9 Dami\u00e1n Arr\u00faa Torreani<\/li>\n<li><strong>Vice-Decano:\u00a0<\/strong>Mg. Virgilio Noel Ben\u00edtez Britez<\/li>\n<\/ul>\n<h4>Facultad de Humanidades, Ciencias Sociales y Cultura Guaran\u00ed de la UNI<\/h4>\n<ul>\n<li><strong>Decano:<\/strong>\u00a0Dr. Antonio Kiernyezny Rovate<\/li>\n<li><strong>Vice-Decano:\u00a0<\/strong>MSc. Oscar A. Galeano Arzamendia<\/li>\n<\/ul>\n<h4>Facultad de Ciencias Jur\u00eddicas<\/h4>\n<ul>\n<li><strong>Decano:<\/strong>\u00a0Abog. Gustavo Miranda<\/li>\n<li><strong>Vice-Decano: <\/strong>Abog. Blas Eduardo Ram\u00edrez<strong><br \/>\n<\/strong><\/li>\n<\/ul>\n<h4>Facultad de Ciencias Agropecuarias y Forestales<\/h4>\n<ul>\n<li><strong>Decano: <\/strong>Ing. Agrop. Julio\u00a0 Rodas Balmaceda<!--EndFragment--><strong><br \/>\n<\/strong><\/li>\n<li><strong>Vice-Decano: <\/strong>Ing. Agron. Carlos Tanaka Aguirre<strong><br \/>\n<\/strong><\/li>\n<\/ul>\n<h4>Facultad de Ciencias y Tecnolog\u00eda<\/h4>\n<ul>\n<li><strong>Decano:<\/strong>\u00a0Prof. Dr. Hermenegildo Cohene Vel\u00e1zquez<\/li>\n<li><strong>Vice-Decano:\u00a0<\/strong>M\u00e1ster Bioq. Viviana Marilyn Pacheco Figueredo<\/li>\n<\/ul>\n","protected":false},"excerpt":{"rendered":"<p>El estamento universitario est\u00e1 compuesto por los docentes de todas las categor\u00edas,\u00a0los graduados no docentes y los estudiantes de la misma Universidad, cuyos\u00a0representantes leg\u00edtimamente electos integrar\u00e1n los \u00f3rganos colegiados que\u00a0gobiernan la Universidad Nacional de Itap\u00faa y sus distintas Unidades Acad\u00e9micas. El gobierno de la Universidad Nacional de Itap\u00faa es ejercido por: a) La Asamblea Universitaria; [&hellip;]<\/p>\n","protected":false},"author":1,"featured_media":857,"parent":0,"menu_order":0,"comment_status":"open","ping_status":"open","template":"","meta":[],"_links":{"self":[{"href":"https:\/\/archivo.uni.edu.py\/2014-2017\/wp-json\/wp\/v2\/pages\/616"}],"collection":[{"href":"https:\/\/archivo.uni.edu.py\/2014-2017\/wp-json\/wp\/v2\/pages"}],"about":[{"href":"https:\/\/archivo.uni.edu.py\/2014-2017\/wp-json\/wp\/v2\/types\/page"}],"author":[{"embeddable":true,"href":"https:\/\/archivo.uni.edu.py\/2014-2017\/wp-json\/wp\/v2\/users\/1"}],"replies":[{"embeddable":true,"href":"https:\/\/archivo.uni.edu.py\/2014-2017\/wp-json\/wp\/v2\/comments?post=616"}],"version-history":[{"count":18,"href":"https:\/\/archivo.uni.edu.py\/2014-2017\/wp-json\/wp\/v2\/pages\/616\/revisions"}],"predecessor-version":[{"id":31455,"href":"https:\/\/archivo.uni.edu.py\/2014-2017\/wp-json\/wp\/v2\/pages\/616\/revisions\/31455"}],"wp:featuredmedia":[{"embeddable":true,"href":"https:\/\/archivo.uni.edu.py\/2014-2017\/wp-json\/wp\/v2\/media\/857"}],"wp:attachment":[{"href":"https:\/\/archivo.uni.edu.py\/2014-2017\/wp-json\/wp\/v2\/media?parent=616"}],"curies":[{"name":"wp","href":"https:\/\/api.w.org\/{rel}","templated":true}]}}