{"id":569,"date":"2013-08-08T16:03:14","date_gmt":"2013-08-08T16:03:14","guid":{"rendered":"http:\/\/localhost\/uni\/?page_id=569"},"modified":"2013-10-03T15:28:46","modified_gmt":"2013-10-03T15:28:46","slug":"mensaje-del-rector","status":"publish","type":"page","link":"https:\/\/archivo.uni.edu.py\/2014-2017\/mensaje-del-rector\/","title":{"rendered":"Mensaje del Rector"},"content":{"rendered":"<p style=\"text-align: justify;\" align=\"JUSTIFY\">En nombre de la Universidad les doy la cordial bienvenida a este efectivo espacio de comunicaci\u00f3n a quienes visitan por primera vez y agradecerles por el inter\u00e9s de conocer la instituci\u00f3n; y a los miembros de nuestra comunidad educativa, usuarios de este medio, expresarles que en esta p\u00e1gina de renovado dise\u00f1o de interfaz, m\u00e1s din\u00e1mica y de f\u00e1cil acceso, encontrar\u00e1n las m\u00e1s actualizadas informaciones que requieran de la Universidad.<\/p>\n<p style=\"text-align: justify;\" align=\"JUSTIFY\">La UNI es una instituci\u00f3n de derecho p\u00fablico con personer\u00eda jur\u00eddica y con autonom\u00eda de rango constitucional, que tiene como principal \u00e1rea geogr\u00e1fica de acci\u00f3n la regi\u00f3n de Itap\u00faa.<\/p>\n<p style=\"text-align: justify;\" align=\"JUSTIFY\">Desde su creaci\u00f3n generada por Ley 1003\/96, la Universidad ha realizado permanentemente esfuerzos invaluables para el cumplimiento de sus fines tales como:<\/p>\n<p style=\"text-align: justify;\" align=\"JUSTIFY\">El desarrollo de la personalidad humana, inspirado en los valores de la democracia, la libertad y el humanismo, la ense\u00f1anza y formaci\u00f3n profesional, la investigaci\u00f3n y la extensi\u00f3n universitaria as\u00ed como el fomento y difusi\u00f3n de la cultura y el abordaje de la problem\u00e1tica nacional.<\/p>\n<p style=\"text-align: justify;\" align=\"JUSTIFY\">En el transcurso de los a\u00f1os ha logrado un sostenido crecimiento y consolidaci\u00f3n creando 7 Facultades con m\u00e1s de 19 Carreras y una Escuela de Posgrado con variadas ofertas educativas, todas ellas con recursos humanos id\u00f3neos, infraestructuras conforme a los requerimientos, y curriculas actualizadas.<\/p>\n<p style=\"text-align: justify;\" align=\"JUSTIFY\">Adem\u00e1s del Campus Central de Encarnaci\u00f3n cuenta con cinco Campus habilitados, en Natalio, Mar\u00eda Auxiliadora, Coronel Bogado, General Artigas, San Pedro del Paran\u00e1, en construcci\u00f3n la Sede de Mayor Dionisio Ota\u00f1o, y un Aula Extensiva en Capit\u00e1n Meza, todos en el Departamento de Itap\u00faa, con importante infraestructura edilicia y de equipamiento.<\/p>\n<p style=\"text-align: justify;\" align=\"JUSTIFY\">Desde su fundaci\u00f3n se ha ocupado de orientar sus acciones para el mejoramiento de la calidad de vida de los ciudadanos a trav\u00e9s de transformaciones sociales, econ\u00f3micas y pol\u00edticas, producidas por el crecimiento del nivel intelectual de sus habitantes, la aplicaci\u00f3n de las investigaciones y los servicios de extensi\u00f3n en el Departamento.<\/p>\n<p style=\"text-align: justify;\" align=\"JUSTIFY\">Se percibe notoriamente en la regi\u00f3n un antes y un despu\u00e9s de la Universidad que en sus pocos a\u00f1os de funcionamiento ha logrado integrar plenamente a la sociedad calificados profesionales de las \u00e1reas de salud, ingenier\u00eda, humanidades, econom\u00eda, ciencias jur\u00eddicas, agrarias y tecnol\u00f3gicas, convertidos en activos protagonistas del desarrollo de la regi\u00f3n y del bienestar de la sociedad a trav\u00e9s de sus diferentes acciones.<\/p>\n<p style=\"text-align: justify;\" align=\"JUSTIFY\">De igual manera los trabajos de investigaci\u00f3n y de extensi\u00f3n universitaria realizadas en la regi\u00f3n en coordinaci\u00f3n con organizaciones gremiales, educativas y productivas y de instituciones p\u00fablicas han generado en ella impactos muy positivos. Es dable se\u00f1alar la importante cooperaci\u00f3n de la Gobernaci\u00f3n de Itap\u00faa y de los Municipios sedes de nuestras filiales, para el desarrollo de los programas y para el afianzamiento de las mismas.<\/p>\n<p style=\"text-align: justify;\" align=\"JUSTIFY\">En cuanto a la capacitaci\u00f3n continua, ha marcado un claro liderazgo regional y nacional ofreciendo variados programas de posgrados pertinentes para las necesidades actuales y respondiendo a las demandas profesionales, contando con un edificio exclusivo para su desarrollo.<\/p>\n<p style=\"text-align: justify;\" align=\"JUSTIFY\">En el plano internacional ha puesto mucho esfuerzo para lograr una integraci\u00f3n a redes internacionales, logrando formar parte activa, actualmente en la Udual, AUPP, Zicosur, AUGM, y en consorcios de universidades con los programas ERASMUS, beneficiando a estudiantes, docentes y funcionarios con intercambios y becas para estudios de grados y posgrados.<\/p>\n<p style=\"text-align: justify;\" align=\"JUSTIFY\">Sean pues bienvenidos a esta p\u00e1gina y les manifesto a trav\u00e9s de ella nuestra predisposici\u00f3n de brindar la mejor y mayor informaci\u00f3n posible de la gesti\u00f3n de la Universidad.<\/p>\n","protected":false},"excerpt":{"rendered":"<p>En nombre de la Universidad les doy la cordial bienvenida a este efectivo espacio de comunicaci\u00f3n a quienes visitan por primera vez y agradecerles por el inter\u00e9s de conocer la instituci\u00f3n; y a los miembros de nuestra comunidad educativa, usuarios de este medio, expresarles que en esta p\u00e1gina de renovado dise\u00f1o de interfaz, m\u00e1s din\u00e1mica [&hellip;]<\/p>\n","protected":false},"author":1,"featured_media":872,"parent":0,"menu_order":0,"comment_status":"open","ping_status":"open","template":"","meta":[],"_links":{"self":[{"href":"https:\/\/archivo.uni.edu.py\/2014-2017\/wp-json\/wp\/v2\/pages\/569"}],"collection":[{"href":"https:\/\/archivo.uni.edu.py\/2014-2017\/wp-json\/wp\/v2\/pages"}],"about":[{"href":"https:\/\/archivo.uni.edu.py\/2014-2017\/wp-json\/wp\/v2\/types\/page"}],"author":[{"embeddable":true,"href":"https:\/\/archivo.uni.edu.py\/2014-2017\/wp-json\/wp\/v2\/users\/1"}],"replies":[{"embeddable":true,"href":"https:\/\/archivo.uni.edu.py\/2014-2017\/wp-json\/wp\/v2\/comments?post=569"}],"version-history":[{"count":10,"href":"https:\/\/archivo.uni.edu.py\/2014-2017\/wp-json\/wp\/v2\/pages\/569\/revisions"}],"predecessor-version":[{"id":1884,"href":"https:\/\/archivo.uni.edu.py\/2014-2017\/wp-json\/wp\/v2\/pages\/569\/revisions\/1884"}],"wp:featuredmedia":[{"embeddable":true,"href":"https:\/\/archivo.uni.edu.py\/2014-2017\/wp-json\/wp\/v2\/media\/872"}],"wp:attachment":[{"href":"https:\/\/archivo.uni.edu.py\/2014-2017\/wp-json\/wp\/v2\/media?parent=569"}],"curies":[{"name":"wp","href":"https:\/\/api.w.org\/{rel}","templated":true}]}}