{"id":5077,"date":"2014-03-12T16:19:24","date_gmt":"2014-03-12T16:19:24","guid":{"rendered":"http:\/\/uni.edu.py\/?page_id=5077"},"modified":"2017-02-23T15:18:38","modified_gmt":"2017-02-23T19:18:38","slug":"contacto-unidades-academicas","status":"publish","type":"page","link":"https:\/\/archivo.uni.edu.py\/2014-2017\/contacto-unidades-academicas\/","title":{"rendered":"Contacto Unidades Acad\u00e9micas"},"content":{"rendered":"<h2>Facultad de Ingenier\u00eda<\/h2>\n<p><strong>Sitio Web:<\/strong>\u00a0<a href=\"http:\/\/www.fiuni.edu.py\/\" target=\"_blank\">http:\/\/www.fiuni.edu.py\/<\/a><\/p>\n<h3>Campus Encarnaci\u00f3n<\/h3>\n<p style=\"padding-left: 30px;\"><strong>Direcci\u00f3n:\u00a0<\/strong>Abg. Lorenzo Zacarias N\u00ba 255 c\/ Ruta 1 Km. 2,5 B\u00ba Ka\u2019aguy Rory<br \/>\n<strong>Tel\u00e9fono:\u00a0<\/strong>(+595)(71) 207079<br \/>\n<strong>Email:<\/strong>\u00a0<a href=\"maito:ingenieria@fiuni.edu.py\" target=\"_blank\">ingenieria@fiuni.edu.py<\/a><br \/>\n<strong>Fax:\u00a0<\/strong>(+595)(71) 207079<\/p>\n<h2>Facultad de Medicina<\/h2>\n<p><strong>Sitio Web:<\/strong>\u00a0<a href=\"http:\/\/www.uni.edu.py\/med\" target=\"_blank\">http:\/\/www.uni.edu.py\/med<\/a><\/p>\n<h3>Sede Encarnaci\u00f3n<\/h3>\n<p style=\"padding-left: 30px;\"><strong>Direcci\u00f3n:\u00a0<\/strong>Indep. Nacional y Gral. Brugez, atr\u00e1s del Hospital Regional de Itap\u00faa<br \/>\n<strong>Tel\u00e9fono:<\/strong>\u00a0+(595)(71) 202 035<br \/>\n<strong>Email:<\/strong>\u00a0<a href=\"mailto:medicina@uni.edu.py\" target=\"_blank\">medicina@uni.edu.py<\/a><\/p>\n<h2>Facultad de Ciencias Econ\u00f3micas y Administrativas<\/h2>\n<p><strong>Sitio Web:\u00a0<\/strong><a href=\"http:\/\/facea.uni.edu.py\/\" target=\"_blank\">http:\/\/facea.uni.edu.py\/<\/a><\/p>\n<h3>Campus Encarnaci\u00f3n<\/h3>\n<p style=\"padding-left: 30px;\"><strong>Direcci\u00f3n:\u00a0<\/strong>Abg. Lorenzo Zacarias N\u00ba 255 c\/ Ruta 1 Km. 2,5 B\u00ba Ka\u2019aguy Rory<br \/>\n<strong>Tel\u00e9fono:<\/strong>\u00a0(+595)(71) 207016<br \/>\n<strong>Email:<\/strong>\u00a0<a href=\"mailto:secretariageneralfacea@gmail.com\" target=\"_blank\">secretariageneralfacea@gmail.com<\/a><br \/>\n<strong>Fax:\u00a0<\/strong>(+595)(71) 207016<\/p>\n<h3>Sede Mar\u00eda Auxiliadora<\/h3>\n<p style=\"padding-left: 30px;\"><strong>Direcci\u00f3n:\u00a0<\/strong>Boquer\u00f3n e\/8 de Diciembre<br \/>\n<strong>Tel\u00e9fono:\u00a0<\/strong>(+595)(764) 20081<br \/>\n<strong>Email:<\/strong>\u00a0<a href=\"mailto:faceaunima@hotmail.com\" target=\"_blank\">faceaunima@hotmail.com<\/a><\/p>\n<h3>Sede Natalio<\/h3>\n<p style=\"padding-left: 30px;\"><strong>Direcci\u00f3n:<\/strong>\u00a0Tavarap\u00e9 y Enrique Harms<br \/>\n<strong>Tel\u00e9fono:\u00a0<\/strong>(+595)(765) 06066<br \/>\n<strong>Email:\u00a0<\/strong><a href=\"mailto:faceauninatalio@hotmail.com\" target=\"_blank\">faceauninatalio@hotmail.com<\/a><\/p>\n<h3>Sede Coronel Bogado<\/h3>\n<p style=\"padding-left: 30px;\"><strong>Direcci\u00f3n:<\/strong>\u00a022 de Septiembre y Bulevar Misiones<br \/>\n<strong>Tel\u00e9fono:\u00a0<\/strong>(+595)(7141) 252671<br \/>\n<strong>Email:\u00a0<\/strong><a href=\"mailto:facea@uni.edu.py\" target=\"_blank\">facea@uni.edu.py<\/a><\/p>\n<h2>Facultad de Humanidades, Ciencias Sociales y Cultura Guaran\u00ed<\/h2>\n<p><strong>Sitio Web:<\/strong>\u00a0<a href=\"http:\/\/www.humanidades.uni.edu.py\" target=\"_blank\">http:\/\/www.humanidades.uni.edu.py<\/a><\/p>\n<h3>Campus Encarnaci\u00f3n<\/h3>\n<p style=\"padding-left: 30px;\"><strong>Direcci\u00f3n:\u00a0<\/strong>Abg. Lorenzo Zacarias N\u00ba 255 c\/ Ruta 1 Km. 2,5 B\u00ba Ka\u2019aguy Rory<br \/>\n<strong>Tel\u00e9fono:<\/strong>\u00a0(+595)(71) 207454<br \/>\n<strong>Email:<\/strong>\u00a0<a href=\"mailto:s.generalhuma@gmail.com\" target=\"_blank\">s.generalhuma@gmail.com<\/a><br \/>\n<strong>Fax:<\/strong>\u00a0(+595)(71) 207454<\/p>\n<h3>Sede Mar\u00eda Auxiliadora<\/h3>\n<p style=\"padding-left: 30px;\"><strong>Direcci\u00f3n:<\/strong>\u00a0Boquer\u00f3n e\/8 de Diciembre<br \/>\n<strong>Tel\u00e9fono:<\/strong>\u00a0(+595)(764) 20081<\/p>\n<h3>Sede Natalio<\/h3>\n<p style=\"padding-left: 30px;\"><strong>Direcci\u00f3n:<\/strong>\u00a0Tavarap\u00e9 y Enrique Harms<br \/>\n<strong>Tel\u00e9fono:\u00a0<\/strong>(+595)(765) 06066<\/p>\n<h3>Sede General Artigas<\/h3>\n<p style=\"padding-left: 30px;\"><strong>Direcci\u00f3n:\u00a0<\/strong>Col\u00f3n y Bob\u00ed<br \/>\n<strong>Tel\u00e9fono:<\/strong>\u00a0(+595)(743) 20264<\/p>\n<h3>Sede Coronel Bogado<\/h3>\n<p style=\"padding-left: 30px;\"><strong>Direcci\u00f3n:\u00a0<\/strong>22 de Septiembre y Bulevar Misiones<br \/>\n<strong>Tel\u00e9fono:\u00a0<\/strong>(+595)(7141)252671<br \/>\n<strong>Email:<\/strong>\u00a0<a href=\"mailto:humanidades.uni@gmail.com\" target=\"_blank\">humanidades.uni@gmail.com<\/a><\/p>\n<h3>Sede San Pedro del Paran\u00e1<\/h3>\n<p style=\"padding-left: 30px;\"><strong>Direcci\u00f3n:\u00a0<\/strong>Colegio Nicanor Torales<br \/>\n<strong>Tel\u00e9fono:<\/strong>\u00a0(+595)(742)20345<\/p>\n<h2>Facultad de Ciencias Jur\u00eddicas<\/h2>\n<p><strong>Sitio Web:<\/strong>\u00a0<a href=\"http:\/\/archivo.uni.edu.py\/2014-2017\/derecho\/index.php\" target=\"_blank\">http:\/\/archivo.uni.edu.py\/2014-2017\/derecho\/index.php<\/a><\/p>\n<h3>Campus Encarnaci\u00f3n<\/h3>\n<p style=\"padding-left: 30px;\"><strong>Direcci\u00f3n:<\/strong>\u00a0Abg. Lorenzo Zacarias N\u00ba 255 c\/ Ruta 1 Km. 2,5 B\u00ba Ka\u2019aguy Rory<br \/>\n<strong>Tel\u00e9fono:<\/strong>\u00a0(+595)(71) 207663<br \/>\n<strong>Email:\u00a0<\/strong><a href=\"mailto:derecho@uni.edu.py\" target=\"_blank\">derecho@uni.edu.py<\/a><\/p>\n<h3>Sede Mar\u00eda Auxiliadora<\/h3>\n<p style=\"padding-left: 30px;\"><strong>Direcci\u00f3n:<\/strong>\u00a0Boquer\u00f3n e\/8 de Diciembre<br \/>\n<strong>Tel\u00e9fono:<\/strong>\u00a0(+595)(764) 20081<br \/>\n<strong>Email:<\/strong>\u00a0<a href=\"mailto:faceaunima@hotmail.com\" target=\"_blank\">faceaunima@hotmail.com<\/a><\/p>\n<h3>Sede Natalio<\/h3>\n<p style=\"padding-left: 30px;\"><strong> Direcci\u00f3n:\u00a0<\/strong>Tavarap\u00e9 y Enrique Harms<br \/>\n<strong>Tel\u00e9fono:<\/strong>\u00a0(+595)(765) 06066<br \/>\n<strong>Email:<\/strong>\u00a0<a href=\"mailto:faceauninatalio@hotmail.com\" target=\"_blank\">faceauninatalio@hotmail.com<\/a><\/p>\n<h2>Facultad de Ciencias Agropecuarias y Forestales<\/h2>\n<p><strong>Sitio Web:<\/strong>\u00a0<a href=\"http:\/\/archivo.uni.edu.py\/2014-2017\/facaf\/index.php\" target=\"_blank\">http:\/\/archivo.uni.edu.py\/2014-2017\/facaf\/index.php<\/a><\/p>\n<h3>Sede General. Artigas<\/h3>\n<p style=\"padding-left: 30px;\"><strong>Direcci\u00f3n:<\/strong>\u00a0Col\u00f3n y Bob\u00ed<br \/>\n<strong>Tel\u00e9fono:<\/strong>\u00a0(+595)(743) 20264<\/p>\n<h3>Sede Natalio<\/h3>\n<p style=\"padding-left: 30px;\"><strong>Direcci\u00f3n:<\/strong>\u00a0Tavarap\u00e9 y Enrique Harms<br \/>\n<strong>Tel\u00e9fono:<\/strong>\u00a0(+595)(765) 206066<br \/>\n<strong>Email:<\/strong>\u00a0<a href=\"mailto:facaf@uni.edu.py\">facaf@uni.edu.py<\/a><\/p>\n<h3>Sede San Pedro del Paran\u00e1<\/h3>\n<p style=\"padding-left: 30px;\"><strong>Direcci\u00f3n:<\/strong>\u00a0Colegio Nicanor Torales<br \/>\n<strong>Tel\u00e9fono:<\/strong>\u00a0(+595)(742) 20345<\/p>\n<h2>Facultad de Ciencias y Tecnolog\u00eda<\/h2>\n<p><strong>Sitio Web:\u00a0<\/strong><a href=\"http:\/\/www.cyt.uni.edu.py\/\" target=\"_blank\">http:\/\/www.cyt.uni.edu.py\/<\/a><\/p>\n<h3>Campus Encarnaci\u00f3n<\/h3>\n<p style=\"padding-left: 30px;\"><strong>Direcci\u00f3n:<\/strong>\u00a0Abg. Lorenzo Zacarias N\u00ba 255 c\/ Ruta 1 Km. 2,5 B\u00ba Ka\u2019aguy Rory<br \/>\n<strong>Tel\u00e9fono:<\/strong>\u00a0(+595)(71) 207077<br \/>\n<strong>Email:<\/strong>\u00a0<a href=\"mailto:cyt@uni.edu.py\" target=\"_blank\">cyt@uni.edu.py<\/a><br \/>\n<strong>Fax:<\/strong>\u00a0(+595)(71) 207077<\/p>\n<p style=\"padding-left: 30px;\"><!--StartFragment--><\/p>\n<h2>Sede Mayor Ota\u00f1o<\/h2>\n<p style=\"padding-left: 30px;\"><strong>Tel.\/Fax:<\/strong> +595 671 20197<br \/>\n<strong>Celular:<\/strong>\u00a0+595\u00a0981 718542 \u2013 +595\u00a0971 356424<br \/>\n<strong>Email:<\/strong> <a href=\"mailto:mayorotano@uni.edu.py\" target=\"_blank\">mayorotano@uni.edu.py<\/a><\/p>\n<h2><\/h2>\n<p><!--EndFragment-->&nbsp;<\/p>\n<p>&nbsp;<\/p>\n","protected":false},"excerpt":{"rendered":"<p>Facultad de Ingenier\u00eda Sitio Web:\u00a0http:\/\/www.fiuni.edu.py\/ Campus Encarnaci\u00f3n Direcci\u00f3n:\u00a0Abg. Lorenzo Zacarias N\u00ba 255 c\/ Ruta 1 Km. 2,5 B\u00ba Ka\u2019aguy Rory Tel\u00e9fono:\u00a0(+595)(71) 207079 Email:\u00a0ingenieria@fiuni.edu.py Fax:\u00a0(+595)(71) 207079 Facultad de Medicina Sitio Web:\u00a0http:\/\/www.uni.edu.py\/med Sede Encarnaci\u00f3n Direcci\u00f3n:\u00a0Indep. Nacional y Gral. Brugez, atr\u00e1s del Hospital Regional de Itap\u00faa Tel\u00e9fono:\u00a0+(595)(71) 202 035 Email:\u00a0medicina@uni.edu.py Facultad de Ciencias Econ\u00f3micas y Administrativas Sitio Web:\u00a0http:\/\/facea.uni.edu.py\/ [&hellip;]<\/p>\n","protected":false},"author":1,"featured_media":0,"parent":0,"menu_order":0,"comment_status":"open","ping_status":"open","template":"","meta":[],"_links":{"self":[{"href":"https:\/\/archivo.uni.edu.py\/2014-2017\/wp-json\/wp\/v2\/pages\/5077"}],"collection":[{"href":"https:\/\/archivo.uni.edu.py\/2014-2017\/wp-json\/wp\/v2\/pages"}],"about":[{"href":"https:\/\/archivo.uni.edu.py\/2014-2017\/wp-json\/wp\/v2\/types\/page"}],"author":[{"embeddable":true,"href":"https:\/\/archivo.uni.edu.py\/2014-2017\/wp-json\/wp\/v2\/users\/1"}],"replies":[{"embeddable":true,"href":"https:\/\/archivo.uni.edu.py\/2014-2017\/wp-json\/wp\/v2\/comments?post=5077"}],"version-history":[{"count":15,"href":"https:\/\/archivo.uni.edu.py\/2014-2017\/wp-json\/wp\/v2\/pages\/5077\/revisions"}],"predecessor-version":[{"id":29501,"href":"https:\/\/archivo.uni.edu.py\/2014-2017\/wp-json\/wp\/v2\/pages\/5077\/revisions\/29501"}],"wp:attachment":[{"href":"https:\/\/archivo.uni.edu.py\/2014-2017\/wp-json\/wp\/v2\/media?parent=5077"}],"curies":[{"name":"wp","href":"https:\/\/api.w.org\/{rel}","templated":true}]}}