{"id":2743,"date":"2013-11-05T17:36:08","date_gmt":"2013-11-05T17:36:08","guid":{"rendered":"http:\/\/uni.edu.py\/?page_id=2743"},"modified":"2014-11-26T12:32:20","modified_gmt":"2014-11-26T12:32:20","slug":"departamento-de-recursos-humanos","status":"publish","type":"page","link":"https:\/\/archivo.uni.edu.py\/2014-2017\/direccion-administrativa\/departamento-de-recursos-humanos\/","title":{"rendered":"Departamento de Recursos Humanos"},"content":{"rendered":"<p style=\"text-align: justify;\" align=\"CENTER\"><span style=\"font-size: 13px; line-height: 19px;\">Tiene como objetivo aplicar el sistema de Recursos Humanos para conseguir eficiencia, eficacia y motivaci\u00f3n del personal de la Instituci\u00f3n.<\/span><\/p>\n<h2 align=\"CENTER\">Organigrama<\/h2>\n<ul>\n<li><b style=\"font-size: 13px; line-height: 19px;\">Jefe o Responsable:\u00a0<\/b><i>Lic. Anal\u00eda Ver\u00f3nica Caballero N.<\/i><\/li>\n<li><b>Secretaria Administrativa:\u00a0<\/b><i>Ing. Com. Rosa Cecilia Gonz\u00e1lez F.<\/i><\/li>\n<li><b>Psic\u00f3loga:\u00a0<\/b><i>Lic. Edith Alice Gonz\u00e1lez Ch.<\/i><\/li>\n<li><b>T\u00e9cnico Administrativo:\u00a0<\/b><i>Ing. Com. Ram\u00f3n Prieto Delgado<\/i><\/li>\n<li><b>Secretaria:\u00a0<\/b><i>Abog. F\u00e1tima Silvero.<\/i><\/li>\n<\/ul>\n<h2 align=\"CENTER\">Funciones<\/h2>\n<ul>\n<li>\n<p align=\"JUSTIFY\">Presentar informes sobre contrataci\u00f3n del personal docente, administrativo y de servicio, de acuerdo con los requerimientos de las diferentes Unidades Acad\u00e9micas y Administrativas, previa comprobaci\u00f3n de requisitos y condiciones contemplados en el Estatuto de la Universidad, reglamentos y dem\u00e1s normas.<\/p>\n<\/li>\n<li>\n<p align=\"JUSTIFY\">Clasificar y valorar los puestos administrativos y de servicios de plantel.<\/p>\n<\/li>\n<li>\n<p align=\"JUSTIFY\">Cumplir y hacer cumplir el Reglamento de Personal y Carrera Administrativa de la Universidad.<\/p>\n<\/li>\n<li>\n<p align=\"JUSTIFY\">Proponer y aplicar pol\u00edticas de administraci\u00f3n de recursos humanos con la finalidad de alcanzar la eficiencia.<\/p>\n<\/li>\n<li>\n<p align=\"JUSTIFY\">Mantener una base de datos actualizada de los funcionarios de la instituci\u00f3n.<\/p>\n<\/li>\n<li>\n<p align=\"JUSTIFY\">Mantener un sistema de reclutamiento y selecci\u00f3n de personal administrativo y de servicios, en funci\u00f3n de las necesidades y estructura ocupacional.<\/p>\n<\/li>\n<li>\n<p align=\"JUSTIFY\">Realizar el control de personal de funcionarios de la Instituci\u00f3n..<\/p>\n<\/li>\n<li>\n<p align=\"JUSTIFY\">Tramitar sanciones, est\u00edmulos y beneficios y registros de los funcionarios universitarios.<\/p>\n<\/li>\n<li>\n<p align=\"JUSTIFY\">Coordinar la aplicaci\u00f3n del Subsistema de Evaluaci\u00f3n de Desempe\u00f1o.<\/p>\n<\/li>\n<li>\n<p align=\"JUSTIFY\">Mantener actualizados los Subsistemas de Clasificaci\u00f3n y valoraci\u00f3n de Puestos, capacitaci\u00f3n y desarrollo de recursos humanos y de evaluaci\u00f3n del desempe\u00f1o.<\/p>\n<\/li>\n<li>\n<p align=\"JUSTIFY\">Intervenir en la elaboraci\u00f3n del presupuesto de sueldos de los funcionarios de la Instituci\u00f3n.<\/p>\n<\/li>\n<li>\n<p align=\"JUSTIFY\">Dise\u00f1ar y administrar el sistema de remuneraciones.<\/p>\n<\/li>\n<li>\n<p align=\"JUSTIFY\">Mantener actualizada la n\u00f3mina de asignaciones presupuestarias destinadas a cubrir las remuneraciones de los funcionarios.<\/p>\n<\/li>\n<li>\n<p align=\"JUSTIFY\">Coordinar t\u00e9cnicamente y administrativamente con las unidades acad\u00e9micas y administrativas de la instituci\u00f3n.<\/p>\n<\/li>\n<li>\n<p align=\"JUSTIFY\">Planificar y ejecutar programas de capacitaci\u00f3n cont\u00ednua para el personal administrativo y de servicios.<\/p>\n<\/li>\n<li>\n<p align=\"JUSTIFY\">Asesorar a las distintas dependencias del plantel, sobre administraci\u00f3n de recursos humanos.<\/p>\n<\/li>\n<li>\n<p align=\"JUSTIFY\">Mantener actualizados manuales, instructivos y formularios de administraci\u00f3n de recursos humanos.<\/p>\n<\/li>\n<li>\n<p align=\"JUSTIFY\">Administrar el servicio de seguro de salud.<\/p>\n<\/li>\n<li>\n<p align=\"JUSTIFY\">Presentar informes semestrales para las autoridades, sobre las actividades cumplidas.<\/p>\n<\/li>\n<li>\n<p align=\"JUSTIFY\">Realizar las dem\u00e1s funciones que se\u00f1alan la Ley, el Estatuto Universitario y los Reglamentos internos de la Instituci\u00f3n.<\/p>\n<\/li>\n<\/ul>\n<p>&nbsp;<\/p>\n<h3 style=\"text-align: center;\"><a href=\"http:\/\/archivo.uni.edu.py\/2014-2017\/gestion\/llamado-a-concurso-publico-de-oposicion\/\">Llamado a Concurso P\u00fablico de Oposici\u00f3n<\/a><\/h3>\n","protected":false},"excerpt":{"rendered":"<p>Tiene como objetivo aplicar el sistema de Recursos Humanos para conseguir eficiencia, eficacia y motivaci\u00f3n del personal de la Instituci\u00f3n. Organigrama Jefe o Responsable:\u00a0Lic. Anal\u00eda Ver\u00f3nica Caballero N. Secretaria Administrativa:\u00a0Ing. Com. Rosa Cecilia Gonz\u00e1lez F. Psic\u00f3loga:\u00a0Lic. Edith Alice Gonz\u00e1lez Ch. T\u00e9cnico Administrativo:\u00a0Ing. Com. Ram\u00f3n Prieto Delgado Secretaria:\u00a0Abog. F\u00e1tima Silvero. Funciones Presentar informes sobre contrataci\u00f3n del [&hellip;]<\/p>\n","protected":false},"author":1,"featured_media":0,"parent":2524,"menu_order":0,"comment_status":"open","ping_status":"open","template":"","meta":[],"_links":{"self":[{"href":"https:\/\/archivo.uni.edu.py\/2014-2017\/wp-json\/wp\/v2\/pages\/2743"}],"collection":[{"href":"https:\/\/archivo.uni.edu.py\/2014-2017\/wp-json\/wp\/v2\/pages"}],"about":[{"href":"https:\/\/archivo.uni.edu.py\/2014-2017\/wp-json\/wp\/v2\/types\/page"}],"author":[{"embeddable":true,"href":"https:\/\/archivo.uni.edu.py\/2014-2017\/wp-json\/wp\/v2\/users\/1"}],"replies":[{"embeddable":true,"href":"https:\/\/archivo.uni.edu.py\/2014-2017\/wp-json\/wp\/v2\/comments?post=2743"}],"version-history":[{"count":6,"href":"https:\/\/archivo.uni.edu.py\/2014-2017\/wp-json\/wp\/v2\/pages\/2743\/revisions"}],"predecessor-version":[{"id":10120,"href":"https:\/\/archivo.uni.edu.py\/2014-2017\/wp-json\/wp\/v2\/pages\/2743\/revisions\/10120"}],"up":[{"embeddable":true,"href":"https:\/\/archivo.uni.edu.py\/2014-2017\/wp-json\/wp\/v2\/pages\/2524"}],"wp:attachment":[{"href":"https:\/\/archivo.uni.edu.py\/2014-2017\/wp-json\/wp\/v2\/media?parent=2743"}],"curies":[{"name":"wp","href":"https:\/\/api.w.org\/{rel}","templated":true}]}}