{"id":2524,"date":"2013-10-28T17:31:19","date_gmt":"2013-10-28T17:31:19","guid":{"rendered":"http:\/\/uni.edu.py\/?page_id=2524"},"modified":"2017-02-23T15:25:49","modified_gmt":"2017-02-23T19:25:49","slug":"direccion-administrativa","status":"publish","type":"page","link":"https:\/\/archivo.uni.edu.py\/2014-2017\/direccion-administrativa\/","title":{"rendered":"Direcci\u00f3n Administrativa"},"content":{"rendered":"<p style=\"text-align: justify;\">Tiene como misi\u00f3n brindar asistencia administrativa a las unidades acad\u00e9micas y administrativas de la Universidad en \u00e1reas de administraci\u00f3n de recursos humanos, desarrollo organizacional, tecnolog\u00eda e inform\u00e1tica, servicios personales y servicios generales.<\/p>\n<h2 style=\"text-align: justify;\">Relaci\u00f3n de Dependencia<\/h2>\n<p style=\"text-align: justify;\">De la Direcci\u00f3n General de Administraci\u00f3n y Finanzas.<\/p>\n<h3 style=\"text-align: justify;\">Organigrama<\/h3>\n<ul>\n<li><strong>Directora Administrativa o Responsable:\u00a0<\/strong><em style=\"font-size: 13px; line-height: 19px;\">Mg. Nelly Violeta Monges de Insfr\u00e1n<\/em><\/li>\n<\/ul>\n<ul>\n<li><strong>Secretarias<\/strong><\/li>\n<\/ul>\n<p style=\"padding-left: 90px;\"><em style=\"text-align: justify;\">&#8211; Ing. Com. Evelyn Lobos<br \/>\n<\/em><em>&#8211; Lic. Luz N\u00fa\u00f1ez<\/em><\/p>\n<h3>La Direcci\u00f3n Administrativa est\u00e1 integrada por las sgtes Unidades Administrativas:<\/h3>\n<ol>\n<li><a title=\"Ir a Departamentos de Recursos Humanos\" href=\"departamento-de-recursos-humanos\" target=\"_blank\">Departamento de Recursos Humanos<\/a><\/li>\n<li>Departamento de Desarrollo Organizacional<\/li>\n<li>Departamento de Liquidaci\u00f3n de Personal<\/li>\n<li>Departamento de Servicios Generales<\/li>\n<li>Departamento de Tecnolog\u00eda e Inform\u00e1tica<\/li>\n<li>Departamento Jur\u00eddico<\/li>\n<\/ol>\n<h2 style=\"text-align: justify;\">Funciones de la Direcci\u00f3n Administrativa<\/h2>\n<ul>\n<li>Administrar los subsistemas de recursos humanos, reclutamiento y selecci\u00f3n; clasificaci\u00f3n y valoraci\u00f3n de puestos, contrataci\u00f3n e inducci\u00f3n; administraci\u00f3n de salarios; capacitaci\u00f3n y desarrollo y planificaci\u00f3n de recursos humanos y evaluaci\u00f3n de desempe\u00f1o de los funcionarios universitarios en el campos administrativo<\/li>\n<li>Administrar el sistema de Recursos Humanos de la Instituci\u00f3n.<\/li>\n<li>Administrar el sistema de vigilancia de la Universidad.<\/li>\n<li>Mantener un sistema de control de correspondencia de la Universidad.<\/li>\n<li>Coordinar y controlar la administraci\u00f3n de los recursos humanos en Unidades Acad\u00e9micas y Administrativas de la Instituci\u00f3n.<\/li>\n<li>Supervisar y coordinar el trabajo del personal administrativo<\/li>\n<li>Aplicar el sistema de control disciplinario de los funcionarios universitarios.<\/li>\n<li>Cumplir y hacer cumplir la aplicaci\u00f3n de leyes, normas, reglamentos, resoluciones, procedimientos y disposiciones que regulen el desempe\u00f1o de los funcionarios universitarios.<\/li>\n<li>Participar en la planificaci\u00f3n estrat\u00e9gica institucional.<\/li>\n<li>Elaborar el Plan Estrat\u00e9gico y los Planes Operativos de la Direcci\u00f3n.<\/li>\n<li>Dirigir la aplicaci\u00f3n de los planes, evaluarlos y adoptar los correctivos necesarios.<\/li>\n<li>Actuar como Secretar\u00eda de las Comisiones Econ\u00f3mica, Administrativa y de Control.<\/li>\n<li>Comunicar por escrito a la comunidad universitaria las normas, reglamentos y procedimientos administrativos vigentes en la instituci\u00f3n, as\u00ed como las disposiciones del Rector y organismos de la Universidad.<\/li>\n<li>Dictar, previa consulta al Rector, instructivos, circulares y m\u00e1s disposiciones para la buen marcha de la Instituci\u00f3n.<\/li>\n<li>Proponer sistemas y m\u00e9todos administrativos para optimizar el funcionamiento de la Universidad.<\/li>\n<li>Realizar auditor\u00edas administrativas a dependencias y funcionarios administrativos, a petici\u00f3n del Rector, organismos superiores de la Instituci\u00f3n, o por la necesidad institucional.<\/li>\n<li>Tramitar sanciones que impongan las autoridades competentes a docentes y trabajadores.<\/li>\n<li>Organizar y mantener actualizados los sistemas de carrera administrativa del personal administrativo y de servicio y docente.<\/li>\n<li>Informar semestralmente al Director Gral. de Adm. y Fin. de las actividades cumplidas.<\/li>\n<li>Administrar el sistema inform\u00e1tico y de conectividad de la Instituci\u00f3n.<\/li>\n<li>Evaluar el cumplimiento de objetivos y metas de la Direcci\u00f3n.<\/li>\n<li>Mantener estad\u00edsticas del personal administrativo, docente e investigadores de la Instituci\u00f3n.<\/li>\n<li>Realizar las dem\u00e1s funciones que se\u00f1alan la Ley, el Estatuto Universitario y los reglamentos de la Instituci\u00f3n.<\/li>\n<\/ul>\n","protected":false},"excerpt":{"rendered":"<p>Tiene como misi\u00f3n brindar asistencia administrativa a las unidades acad\u00e9micas y administrativas de la Universidad en \u00e1reas de administraci\u00f3n de recursos humanos, desarrollo organizacional, tecnolog\u00eda e inform\u00e1tica, servicios personales y servicios generales. Relaci\u00f3n de Dependencia De la Direcci\u00f3n General de Administraci\u00f3n y Finanzas. Organigrama Directora Administrativa o Responsable:\u00a0Mg. Nelly Violeta Monges de Insfr\u00e1n Secretarias &#8211; [&hellip;]<\/p>\n","protected":false},"author":1,"featured_media":0,"parent":0,"menu_order":0,"comment_status":"open","ping_status":"closed","template":"","meta":[],"_links":{"self":[{"href":"https:\/\/archivo.uni.edu.py\/2014-2017\/wp-json\/wp\/v2\/pages\/2524"}],"collection":[{"href":"https:\/\/archivo.uni.edu.py\/2014-2017\/wp-json\/wp\/v2\/pages"}],"about":[{"href":"https:\/\/archivo.uni.edu.py\/2014-2017\/wp-json\/wp\/v2\/types\/page"}],"author":[{"embeddable":true,"href":"https:\/\/archivo.uni.edu.py\/2014-2017\/wp-json\/wp\/v2\/users\/1"}],"replies":[{"embeddable":true,"href":"https:\/\/archivo.uni.edu.py\/2014-2017\/wp-json\/wp\/v2\/comments?post=2524"}],"version-history":[{"count":8,"href":"https:\/\/archivo.uni.edu.py\/2014-2017\/wp-json\/wp\/v2\/pages\/2524\/revisions"}],"predecessor-version":[{"id":29503,"href":"https:\/\/archivo.uni.edu.py\/2014-2017\/wp-json\/wp\/v2\/pages\/2524\/revisions\/29503"}],"wp:attachment":[{"href":"https:\/\/archivo.uni.edu.py\/2014-2017\/wp-json\/wp\/v2\/media?parent=2524"}],"curies":[{"name":"wp","href":"https:\/\/api.w.org\/{rel}","templated":true}]}}