{"id":2379,"date":"2013-10-18T17:26:58","date_gmt":"2013-10-18T17:26:58","guid":{"rendered":"http:\/\/uni.edu.py\/?page_id=2379"},"modified":"2013-11-18T18:04:09","modified_gmt":"2013-11-18T18:04:09","slug":"relaciones-internacionales","status":"publish","type":"page","link":"https:\/\/archivo.uni.edu.py\/2014-2017\/relaciones-internacionales\/","title":{"rendered":"Relaciones Internacionales"},"content":{"rendered":"<p style=\"text-align: justify;\">La oficina de Relaciones Internacionales de la Universidad Nacional de Itap\u00faa, tiene como misi\u00f3n, la gesti\u00f3n de las diversas relaciones de la Universidad con el \u00e1mbito exterior, estableciendo conexiones con las instituciones, entidades y organismos internacionales, favoreciendo la movilidad y la cooperaci\u00f3n internacional, desarrollando y potenciando sus relaciones internacionales.<\/p>\n<h2 style=\"text-align: justify;\">Responsables<\/h2>\n<ul>\n<li><strong>Director de Relaciones Internacionales:<\/strong> Univ. Victoria Teresa Regis<\/li>\n<li><strong>Auxiliar de Relaciones Internacionales:<\/strong> Univ. Pamela Garc\u00eda<\/li>\n<\/ul>\n<p align=\"JUSTIFY\"><strong>E-mail:<\/strong> <a href=\"mailto:rrii@uni.edu.py\" target=\"_blank\">rrii@uni.edu.py<\/a><\/p>\n<p align=\"JUSTIFY\"><strong>Tel\u00e9fono:<\/strong> 071-206990 interno 136<\/p>\n<p align=\"JUSTIFY\"><strong>Horario de Atenci\u00f3n:\u00a0<\/strong>7:15 a 15:00 Hs.<\/p>\n","protected":false},"excerpt":{"rendered":"<p>La oficina de Relaciones Internacionales de la Universidad Nacional de Itap\u00faa, tiene como misi\u00f3n, la gesti\u00f3n de las diversas relaciones de la Universidad con el \u00e1mbito exterior, estableciendo conexiones con las instituciones, entidades y organismos internacionales, favoreciendo la movilidad y la cooperaci\u00f3n internacional, desarrollando y potenciando sus relaciones internacionales. Responsables Director de Relaciones Internacionales: Univ. [&hellip;]<\/p>\n","protected":false},"author":1,"featured_media":0,"parent":0,"menu_order":0,"comment_status":"open","ping_status":"closed","template":"","meta":[],"_links":{"self":[{"href":"https:\/\/archivo.uni.edu.py\/2014-2017\/wp-json\/wp\/v2\/pages\/2379"}],"collection":[{"href":"https:\/\/archivo.uni.edu.py\/2014-2017\/wp-json\/wp\/v2\/pages"}],"about":[{"href":"https:\/\/archivo.uni.edu.py\/2014-2017\/wp-json\/wp\/v2\/types\/page"}],"author":[{"embeddable":true,"href":"https:\/\/archivo.uni.edu.py\/2014-2017\/wp-json\/wp\/v2\/users\/1"}],"replies":[{"embeddable":true,"href":"https:\/\/archivo.uni.edu.py\/2014-2017\/wp-json\/wp\/v2\/comments?post=2379"}],"version-history":[{"count":6,"href":"https:\/\/archivo.uni.edu.py\/2014-2017\/wp-json\/wp\/v2\/pages\/2379\/revisions"}],"predecessor-version":[{"id":3168,"href":"https:\/\/archivo.uni.edu.py\/2014-2017\/wp-json\/wp\/v2\/pages\/2379\/revisions\/3168"}],"wp:attachment":[{"href":"https:\/\/archivo.uni.edu.py\/2014-2017\/wp-json\/wp\/v2\/media?parent=2379"}],"curies":[{"name":"wp","href":"https:\/\/api.w.org\/{rel}","templated":true}]}}