{"id":1537,"date":"2013-09-23T14:09:23","date_gmt":"2013-09-23T14:09:23","guid":{"rendered":"http:\/\/uni.edu.py\/?page_id=1537"},"modified":"2013-09-30T16:00:54","modified_gmt":"2013-09-30T16:00:54","slug":"ampliacion-sede-general-artigas","status":"publish","type":"page","link":"https:\/\/archivo.uni.edu.py\/2014-2017\/direccion-de-planificaciones\/ampliacion-sede-general-artigas\/","title":{"rendered":"Ampliaci\u00f3n &#8211; Sede General Artigas"},"content":{"rendered":"<p align=\"JUSTIFY\">La sede de General Artigas, est\u00e1 creciendo y sus requerimientos de ampliar el predio ha sido proyectado y en tal sentido, el bloque acad\u00e9mico y administrativo, generando oficinas del Decanato y secretaria, junto a la sala del Consejo Directivo, en otro bloque se suma al laboratorio ya existente, otro m\u00e1s, que ser\u00e1 para laboratorio qu\u00edmico, y se levantar\u00e1 la edificaci\u00f3n de la cantina, con una esplanada para el espacio de esparcimiento de los alumnos.<\/p>\n<h2 style=\"text-align: center;\" align=\"JUSTIFY\">Plano Artigas Bloque Academico Administrativo<\/h2>\n<p align=\"JUSTIFY\"><a href=\"http:\/\/archivo.uni.edu.py\/2014-2017\/wp-content\/uploads\/2013\/09\/08_Plano-Artigas-Bloque-Academico-Administrativo.jpg\"><img decoding=\"async\" class=\"aligncenter\" alt=\"08_Plano Artigas Bloque Academico Administrativo\" src=\"http:\/\/archivo.uni.edu.py\/2014-2017\/wp-content\/uploads\/2013\/09\/08_Plano-Artigas-Bloque-Academico-Administrativo.jpg\" \/><\/a><\/p>\n<h2 style=\"text-align: center;\" align=\"JUSTIFY\">Plano Artigas Bloque \u00a0Laboratorio y Cantina<\/h2>\n<figure><a href=\"http:\/\/archivo.uni.edu.py\/2014-2017\/wp-content\/uploads\/2013\/09\/09_Plano-Artigas-Bloque-Laboratorio-y-Cantina.jpg\"><img decoding=\"async\" class=\"aligncenter\" alt=\"09_Plano Artigas Bloque  Laboratorio y Cantina\" src=\"http:\/\/archivo.uni.edu.py\/2014-2017\/wp-content\/uploads\/2013\/09\/09_Plano-Artigas-Bloque-Laboratorio-y-Cantina.jpg\" \/><\/a><\/figure>\n","protected":false},"excerpt":{"rendered":"<p>La sede de General Artigas, est\u00e1 creciendo y sus requerimientos de ampliar el predio ha sido proyectado y en tal sentido, el bloque acad\u00e9mico y administrativo, generando oficinas del Decanato y secretaria, junto a la sala del Consejo Directivo, en otro bloque se suma al laboratorio ya existente, otro m\u00e1s, que ser\u00e1 para laboratorio qu\u00edmico, [&hellip;]<\/p>\n","protected":false},"author":1,"featured_media":1538,"parent":684,"menu_order":0,"comment_status":"open","ping_status":"closed","template":"","meta":[],"_links":{"self":[{"href":"https:\/\/archivo.uni.edu.py\/2014-2017\/wp-json\/wp\/v2\/pages\/1537"}],"collection":[{"href":"https:\/\/archivo.uni.edu.py\/2014-2017\/wp-json\/wp\/v2\/pages"}],"about":[{"href":"https:\/\/archivo.uni.edu.py\/2014-2017\/wp-json\/wp\/v2\/types\/page"}],"author":[{"embeddable":true,"href":"https:\/\/archivo.uni.edu.py\/2014-2017\/wp-json\/wp\/v2\/users\/1"}],"replies":[{"embeddable":true,"href":"https:\/\/archivo.uni.edu.py\/2014-2017\/wp-json\/wp\/v2\/comments?post=1537"}],"version-history":[{"count":3,"href":"https:\/\/archivo.uni.edu.py\/2014-2017\/wp-json\/wp\/v2\/pages\/1537\/revisions"}],"predecessor-version":[{"id":1543,"href":"https:\/\/archivo.uni.edu.py\/2014-2017\/wp-json\/wp\/v2\/pages\/1537\/revisions\/1543"}],"up":[{"embeddable":true,"href":"https:\/\/archivo.uni.edu.py\/2014-2017\/wp-json\/wp\/v2\/pages\/684"}],"wp:featuredmedia":[{"embeddable":true,"href":"https:\/\/archivo.uni.edu.py\/2014-2017\/wp-json\/wp\/v2\/media\/1538"}],"wp:attachment":[{"href":"https:\/\/archivo.uni.edu.py\/2014-2017\/wp-json\/wp\/v2\/media?parent=1537"}],"curies":[{"name":"wp","href":"https:\/\/api.w.org\/{rel}","templated":true}]}}