{"id":1529,"date":"2013-09-23T13:53:41","date_gmt":"2013-09-23T13:53:41","guid":{"rendered":"http:\/\/uni.edu.py\/?page_id=1529"},"modified":"2013-09-30T16:00:44","modified_gmt":"2013-09-30T16:00:44","slug":"ampliacion-facultad-de-humanidades-ciencias-sociales-y-cultura-guarani","status":"publish","type":"page","link":"https:\/\/archivo.uni.edu.py\/2014-2017\/direccion-de-planificaciones\/ampliacion-facultad-de-humanidades-ciencias-sociales-y-cultura-guarani\/","title":{"rendered":"Ampliaci\u00f3n &#8211; Facultad de Humanidades, Ciencias Sociales y Cultura Guaran\u00ed"},"content":{"rendered":"<p align=\"JUSTIFY\">\u00a0Respondiendo a las necesidades actuales de crecimiento por parte de la facultad, el proyecto de Ampliaci\u00f3n de la Facultad de Humanidades abarca sala de aulas, sanitarios y dependencias acad\u00e9micas, el dise\u00f1o fue en base a la situaci\u00f3n actual del edificio y observando su capacidad de crecimiento con el fin de optimizar el uso de la estructura original, en conjunto con el espacio disponible para ser ocupado.<\/p>\n","protected":false},"excerpt":{"rendered":"<p>\u00a0Respondiendo a las necesidades actuales de crecimiento por parte de la facultad, el proyecto de Ampliaci\u00f3n de la Facultad de Humanidades abarca sala de aulas, sanitarios y dependencias acad\u00e9micas, el dise\u00f1o fue en base a la situaci\u00f3n actual del edificio y observando su capacidad de crecimiento con el fin de optimizar el uso de la [&hellip;]<\/p>\n","protected":false},"author":1,"featured_media":1530,"parent":684,"menu_order":0,"comment_status":"open","ping_status":"closed","template":"","meta":[],"_links":{"self":[{"href":"https:\/\/archivo.uni.edu.py\/2014-2017\/wp-json\/wp\/v2\/pages\/1529"}],"collection":[{"href":"https:\/\/archivo.uni.edu.py\/2014-2017\/wp-json\/wp\/v2\/pages"}],"about":[{"href":"https:\/\/archivo.uni.edu.py\/2014-2017\/wp-json\/wp\/v2\/types\/page"}],"author":[{"embeddable":true,"href":"https:\/\/archivo.uni.edu.py\/2014-2017\/wp-json\/wp\/v2\/users\/1"}],"replies":[{"embeddable":true,"href":"https:\/\/archivo.uni.edu.py\/2014-2017\/wp-json\/wp\/v2\/comments?post=1529"}],"version-history":[{"count":3,"href":"https:\/\/archivo.uni.edu.py\/2014-2017\/wp-json\/wp\/v2\/pages\/1529\/revisions"}],"predecessor-version":[{"id":1536,"href":"https:\/\/archivo.uni.edu.py\/2014-2017\/wp-json\/wp\/v2\/pages\/1529\/revisions\/1536"}],"up":[{"embeddable":true,"href":"https:\/\/archivo.uni.edu.py\/2014-2017\/wp-json\/wp\/v2\/pages\/684"}],"wp:featuredmedia":[{"embeddable":true,"href":"https:\/\/archivo.uni.edu.py\/2014-2017\/wp-json\/wp\/v2\/media\/1530"}],"wp:attachment":[{"href":"https:\/\/archivo.uni.edu.py\/2014-2017\/wp-json\/wp\/v2\/media?parent=1529"}],"curies":[{"name":"wp","href":"https:\/\/api.w.org\/{rel}","templated":true}]}}