{"id":1526,"date":"2013-09-23T13:42:46","date_gmt":"2013-09-23T13:42:46","guid":{"rendered":"http:\/\/uni.edu.py\/?page_id=1526"},"modified":"2013-11-06T11:46:55","modified_gmt":"2013-11-06T11:46:55","slug":"mantenimiento-de-edificios-uni-2013-campus-encarnacion","status":"publish","type":"page","link":"https:\/\/archivo.uni.edu.py\/2014-2017\/direccion-de-planificaciones\/mantenimiento-de-edificios-uni-2013-campus-encarnacion\/","title":{"rendered":"Mantenimiento de Edificios UNI 2013 \u2013 Campus Encarnaci\u00f3n"},"content":{"rendered":"<p align=\"JUSTIFY\">Este llamado a concurso responde a la LCO No.11\/2013 adjudicada en el mes de setiembre. Se iniciaran los trabajos en la brevedad, siendo afectados: el edificio del Rectorado, en sus \u00e1reas p\u00fablicas y privadas, como sanitarios, oficinas, galer\u00edas, desag\u00fces pluviales y cloacales, tambi\u00e9n ser\u00e1n ata\u00f1idos edificios de la biblioteca, el S.U.M, y todo lo que corresponde a las instalaciones el\u00e9ctricas en el predio y en el patio.<\/p>\n<p align=\"JUSTIFY\"><span style=\"color: #000000;\">En las facultades de Ciencias Jur\u00eddicas, en el campus Encarnaci\u00f3n y las sedes de Mar\u00eda Auxiliadora y Natalio, as\u00ed mismo la facultad de Ciencias y Tecnolog\u00eda \u2013 CyT, la facultad de Humanidades, Ciencias Sociales y Cultura Guaran\u00ed y la facultad de Ingenier\u00eda &#8211; FIUNI, la facultad de Ciencias Econ\u00f3micas y Administrativas \u2013 FACEA.<\/span><\/p>\n<p align=\"JUSTIFY\"><span style=\"color: #000000;\">Las obras que se ejecutaran es netamente restauraci\u00f3n y reparaci\u00f3n de los edificios, en sus diferentes sectores, espacios y aulas seg\u00fan esta indicado en la planilla de computo, donde se detallan con mayor referencia los rubros. Tambi\u00e9n se har\u00e1 la reparaci\u00f3n y el mantenimien<\/span>to dentro de lo que se refiere a los ba\u00f1os de cada edificio.<\/p>\n","protected":false},"excerpt":{"rendered":"<p>Este llamado a concurso responde a la LCO No.11\/2013 adjudicada en el mes de setiembre. Se iniciaran los trabajos en la brevedad, siendo afectados: el edificio del Rectorado, en sus \u00e1reas p\u00fablicas y privadas, como sanitarios, oficinas, galer\u00edas, desag\u00fces pluviales y cloacales, tambi\u00e9n ser\u00e1n ata\u00f1idos edificios de la biblioteca, el S.U.M, y todo lo que [&hellip;]<\/p>\n","protected":false},"author":1,"featured_media":1524,"parent":684,"menu_order":0,"comment_status":"open","ping_status":"closed","template":"","meta":[],"_links":{"self":[{"href":"https:\/\/archivo.uni.edu.py\/2014-2017\/wp-json\/wp\/v2\/pages\/1526"}],"collection":[{"href":"https:\/\/archivo.uni.edu.py\/2014-2017\/wp-json\/wp\/v2\/pages"}],"about":[{"href":"https:\/\/archivo.uni.edu.py\/2014-2017\/wp-json\/wp\/v2\/types\/page"}],"author":[{"embeddable":true,"href":"https:\/\/archivo.uni.edu.py\/2014-2017\/wp-json\/wp\/v2\/users\/1"}],"replies":[{"embeddable":true,"href":"https:\/\/archivo.uni.edu.py\/2014-2017\/wp-json\/wp\/v2\/comments?post=1526"}],"version-history":[{"count":5,"href":"https:\/\/archivo.uni.edu.py\/2014-2017\/wp-json\/wp\/v2\/pages\/1526\/revisions"}],"predecessor-version":[{"id":2796,"href":"https:\/\/archivo.uni.edu.py\/2014-2017\/wp-json\/wp\/v2\/pages\/1526\/revisions\/2796"}],"up":[{"embeddable":true,"href":"https:\/\/archivo.uni.edu.py\/2014-2017\/wp-json\/wp\/v2\/pages\/684"}],"wp:featuredmedia":[{"embeddable":true,"href":"https:\/\/archivo.uni.edu.py\/2014-2017\/wp-json\/wp\/v2\/media\/1524"}],"wp:attachment":[{"href":"https:\/\/archivo.uni.edu.py\/2014-2017\/wp-json\/wp\/v2\/media?parent=1526"}],"curies":[{"name":"wp","href":"https:\/\/api.w.org\/{rel}","templated":true}]}}