{"id":1379,"date":"2013-09-19T18:58:27","date_gmt":"2013-09-19T18:58:27","guid":{"rendered":"http:\/\/uni.edu.py\/?page_id=1379"},"modified":"2014-01-13T17:56:51","modified_gmt":"2014-01-13T17:56:51","slug":"murales-sede-coronel-bogado-y-sede-natalio","status":"publish","type":"page","link":"https:\/\/archivo.uni.edu.py\/2014-2017\/direccion-de-planificaciones\/murales-sede-coronel-bogado-y-sede-natalio\/","title":{"rendered":"Murales \u2013 Sede Coronel Bogado y Sede Natalio"},"content":{"rendered":"<p style=\"text-align: justify;\" align=\"JUSTIFY\">\u00a0Las sedes de Coronel Bogado y Natalio han sido seleccionadas para ejecutarse los murales con temas afines a sus caracter\u00edsticas populares que distinguen a ambas ciudades, cada una con su propia historia y tradiciones.<\/p>\n<p style=\"text-align: justify;\" align=\"JUSTIFY\">La ciudad de Coronel Bogado ha cumplido 100 a\u00f1os y en recordaci\u00f3n a su fundaci\u00f3n el mural conmemorativo rescata en su propuesta de dise\u00f1o, los edificios y monumentos representativos a la ciudad as\u00ed como tradiciones tal cual es la venta de chipa, que caracteriza a la poblaci\u00f3n bogadense. Con 12 metros cuadrados, dicho mural est\u00e1 ubicado en el bloque principal, exactamente en el remate que tiene orientaci\u00f3n Este.<\/p>\n<p style=\"text-align: justify;\" align=\"JUSTIFY\">La ciudad de Natalio caracterizada por estar afincada sobre una franja de tierra f\u00e9rtil y destacada en la regi\u00f3n. El mural recrea el desarrollo productivo de la regi\u00f3n. De 12 metros cuadrados se ubica en el hall de acceso del edificio.<\/p>\n<p style=\"text-align: justify;\" align=\"JUSTIFY\">La t\u00e9cnica que se implanta en ambos murales es la del esgrafiado, sobre todo ya que tiene la caracter\u00edstica de la perdurabilidad a la intemperie, ya que el lugar del mural est\u00e1 expuesto al aire libre.<\/p>\n<h2 style=\"text-align: center;\" align=\"JUSTIFY\"><b>Murales de Coronel Bogado y Natalio<\/b><\/h2>\n\n\t\t<style type=\"text\/css\">\n\t\t\t#gallery-1 {\n\t\t\t\tmargin: auto;\n\t\t\t}\n\t\t\t#gallery-1 .gallery-item {\n\t\t\t\tfloat: left;\n\t\t\t\tmargin-top: 10px;\n\t\t\t\ttext-align: center;\n\t\t\t\twidth: 33%;\n\t\t\t}\n\t\t\t#gallery-1 img {\n\t\t\t\tborder: 2px solid #cfcfcf;\n\t\t\t}\n\t\t\t#gallery-1 .gallery-caption {\n\t\t\t\tmargin-left: 0;\n\t\t\t}\n\t\t\t\/* see gallery_shortcode() in wp-includes\/media.php *\/\n\t\t<\/style>\n\t\t<div id='gallery-1' class='gallery galleryid-1379 gallery-columns-3 gallery-size-thumbnail'><dl class='gallery-item'>\n\t\t\t<dt class='gallery-icon landscape'>\n\t\t\t\t<a href='https:\/\/archivo.uni.edu.py\/2014-2017\/direccion-de-planificaciones\/murales-sede-coronel-bogado-y-sede-natalio\/mural-natalio-03\/'><img width=\"150\" height=\"150\" src=\"https:\/\/archivo.uni.edu.py\/2014-2017\/wp-content\/uploads\/2013\/09\/mural-natalio-03-150x150.jpg\" class=\"attachment-thumbnail size-thumbnail\" alt=\"\" decoding=\"async\" loading=\"lazy\" srcset=\"https:\/\/archivo.uni.edu.py\/2014-2017\/wp-content\/uploads\/2013\/09\/mural-natalio-03-150x150.jpg 150w, https:\/\/archivo.uni.edu.py\/2014-2017\/wp-content\/uploads\/2013\/09\/mural-natalio-03-192x192.jpg 192w\" sizes=\"(max-width: 150px) 100vw, 150px\" \/><\/a>\n\t\t\t<\/dt><\/dl><dl class='gallery-item'>\n\t\t\t<dt class='gallery-icon landscape'>\n\t\t\t\t<a href='https:\/\/archivo.uni.edu.py\/2014-2017\/direccion-de-planificaciones\/murales-sede-coronel-bogado-y-sede-natalio\/mural-natalio-02\/'><img width=\"150\" height=\"150\" src=\"https:\/\/archivo.uni.edu.py\/2014-2017\/wp-content\/uploads\/2013\/09\/mural-natalio-02-150x150.jpg\" class=\"attachment-thumbnail size-thumbnail\" alt=\"\" decoding=\"async\" loading=\"lazy\" srcset=\"https:\/\/archivo.uni.edu.py\/2014-2017\/wp-content\/uploads\/2013\/09\/mural-natalio-02-150x150.jpg 150w, https:\/\/archivo.uni.edu.py\/2014-2017\/wp-content\/uploads\/2013\/09\/mural-natalio-02-192x192.jpg 192w\" sizes=\"(max-width: 150px) 100vw, 150px\" \/><\/a>\n\t\t\t<\/dt><\/dl><dl class='gallery-item'>\n\t\t\t<dt class='gallery-icon landscape'>\n\t\t\t\t<a href='https:\/\/archivo.uni.edu.py\/2014-2017\/direccion-de-planificaciones\/murales-sede-coronel-bogado-y-sede-natalio\/mural-cnel-bogado-01-2\/'><img width=\"150\" height=\"150\" src=\"https:\/\/archivo.uni.edu.py\/2014-2017\/wp-content\/uploads\/2013\/09\/mural-cnel-bogado-01-150x150.jpg\" class=\"attachment-thumbnail size-thumbnail\" alt=\"\" decoding=\"async\" loading=\"lazy\" srcset=\"https:\/\/archivo.uni.edu.py\/2014-2017\/wp-content\/uploads\/2013\/09\/mural-cnel-bogado-01-150x150.jpg 150w, https:\/\/archivo.uni.edu.py\/2014-2017\/wp-content\/uploads\/2013\/09\/mural-cnel-bogado-01-192x192.jpg 192w\" sizes=\"(max-width: 150px) 100vw, 150px\" \/><\/a>\n\t\t\t<\/dt><\/dl><br style=\"clear: both\" \/><dl class='gallery-item'>\n\t\t\t<dt class='gallery-icon landscape'>\n\t\t\t\t<a href='https:\/\/archivo.uni.edu.py\/2014-2017\/direccion-de-planificaciones\/murales-sede-coronel-bogado-y-sede-natalio\/mural-cnel-bogado-02\/'><img width=\"150\" height=\"150\" src=\"https:\/\/archivo.uni.edu.py\/2014-2017\/wp-content\/uploads\/2013\/09\/mural-cnel-bogado-02-150x150.jpg\" class=\"attachment-thumbnail size-thumbnail\" alt=\"\" decoding=\"async\" loading=\"lazy\" srcset=\"https:\/\/archivo.uni.edu.py\/2014-2017\/wp-content\/uploads\/2013\/09\/mural-cnel-bogado-02-150x150.jpg 150w, https:\/\/archivo.uni.edu.py\/2014-2017\/wp-content\/uploads\/2013\/09\/mural-cnel-bogado-02-192x192.jpg 192w\" sizes=\"(max-width: 150px) 100vw, 150px\" \/><\/a>\n\t\t\t<\/dt><\/dl><dl class='gallery-item'>\n\t\t\t<dt class='gallery-icon landscape'>\n\t\t\t\t<a href='https:\/\/archivo.uni.edu.py\/2014-2017\/direccion-de-planificaciones\/murales-sede-coronel-bogado-y-sede-natalio\/mural-natalio-01\/'><img width=\"150\" height=\"150\" src=\"https:\/\/archivo.uni.edu.py\/2014-2017\/wp-content\/uploads\/2013\/09\/mural-natalio-01-150x150.jpg\" class=\"attachment-thumbnail size-thumbnail\" alt=\"\" decoding=\"async\" loading=\"lazy\" srcset=\"https:\/\/archivo.uni.edu.py\/2014-2017\/wp-content\/uploads\/2013\/09\/mural-natalio-01-150x150.jpg 150w, https:\/\/archivo.uni.edu.py\/2014-2017\/wp-content\/uploads\/2013\/09\/mural-natalio-01-192x192.jpg 192w\" sizes=\"(max-width: 150px) 100vw, 150px\" \/><\/a>\n\t\t\t<\/dt><\/dl>\n\t\t\t<br style='clear: both' \/>\n\t\t<\/div>\n\n","protected":false},"excerpt":{"rendered":"<p>\u00a0Las sedes de Coronel Bogado y Natalio han sido seleccionadas para ejecutarse los murales con temas afines a sus caracter\u00edsticas populares que distinguen a ambas ciudades, cada una con su propia historia y tradiciones. La ciudad de Coronel Bogado ha cumplido 100 a\u00f1os y en recordaci\u00f3n a su fundaci\u00f3n el mural conmemorativo rescata en su [&hellip;]<\/p>\n","protected":false},"author":1,"featured_media":3016,"parent":684,"menu_order":0,"comment_status":"open","ping_status":"closed","template":"","meta":[],"_links":{"self":[{"href":"https:\/\/archivo.uni.edu.py\/2014-2017\/wp-json\/wp\/v2\/pages\/1379"}],"collection":[{"href":"https:\/\/archivo.uni.edu.py\/2014-2017\/wp-json\/wp\/v2\/pages"}],"about":[{"href":"https:\/\/archivo.uni.edu.py\/2014-2017\/wp-json\/wp\/v2\/types\/page"}],"author":[{"embeddable":true,"href":"https:\/\/archivo.uni.edu.py\/2014-2017\/wp-json\/wp\/v2\/users\/1"}],"replies":[{"embeddable":true,"href":"https:\/\/archivo.uni.edu.py\/2014-2017\/wp-json\/wp\/v2\/comments?post=1379"}],"version-history":[{"count":9,"href":"https:\/\/archivo.uni.edu.py\/2014-2017\/wp-json\/wp\/v2\/pages\/1379\/revisions"}],"predecessor-version":[{"id":4044,"href":"https:\/\/archivo.uni.edu.py\/2014-2017\/wp-json\/wp\/v2\/pages\/1379\/revisions\/4044"}],"up":[{"embeddable":true,"href":"https:\/\/archivo.uni.edu.py\/2014-2017\/wp-json\/wp\/v2\/pages\/684"}],"wp:featuredmedia":[{"embeddable":true,"href":"https:\/\/archivo.uni.edu.py\/2014-2017\/wp-json\/wp\/v2\/media\/3016"}],"wp:attachment":[{"href":"https:\/\/archivo.uni.edu.py\/2014-2017\/wp-json\/wp\/v2\/media?parent=1379"}],"curies":[{"name":"wp","href":"https:\/\/api.w.org\/{rel}","templated":true}]}}